{"id":5761,"date":"2019-09-09T08:08:12","date_gmt":"2019-09-09T08:08:12","guid":{"rendered":"https:\/\/eurobox.be\/emplois\/"},"modified":"2025-01-17T07:58:26","modified_gmt":"2025-01-17T07:58:26","slug":"emplois","status":"publish","type":"page","link":"https:\/\/eurobox.be\/fr\/emplois\/","title":{"rendered":"Emplois"},"content":{"rendered":"[vc_row type=\u00a0\u00bbfull_width_background\u00a0\u00bb full_screen_row_position=\u00a0\u00bbmiddle\u00a0\u00bb scene_position=\u00a0\u00bbcenter\u00a0\u00bb text_color=\u00a0\u00bbdark\u00a0\u00bb text_align=\u00a0\u00bbleft\u00a0\u00bb top_padding=\u00a0\u00bb7%\u00a0\u00bb bottom_padding=\u00a0\u00bb7%\u00a0\u00bb overlay_strength=\u00a0\u00bb0.3&Prime; shape_divider_position=\u00a0\u00bbbottom\u00a0\u00bb][vc_column column_padding=\u00a0\u00bbpadding-1-percent\u00a0\u00bb column_padding_position=\u00a0\u00bball\u00a0\u00bb background_color_opacity=\u00a0\u00bb1&Prime; background_hover_color_opacity=\u00a0\u00bb1&Prime; column_shadow=\u00a0\u00bbnone\u00a0\u00bb column_border_radius=\u00a0\u00bbnone\u00a0\u00bb width=\u00a0\u00bb1\/1&Prime; tablet_text_alignment=\u00a0\u00bbdefault\u00a0\u00bb phone_text_alignment=\u00a0\u00bbdefault\u00a0\u00bb column_border_width=\u00a0\u00bbnone\u00a0\u00bb column_border_style=\u00a0\u00bbsolid\u00a0\u00bb][vc_custom_heading text=\u00a0\u00bbEmplois\u00a0\u00bb font_container=\u00a0\u00bbtag:h5|text_align:left|color:%23bfbfbf\u00a0\u00bb use_theme_fonts=\u00a0\u00bbyes\u00a0\u00bb css=\u00a0\u00bb.vc_custom_1568970343773{margin-bottom: 10px !important;}\u00a0\u00bb][vc_custom_heading text=\u00a0\u00bbTravailler chez Eurobox\u00a0\u00bb font_container=\u00a0\u00bbtag:h2|font_size:40|text_align:left|color:%23002153|line_height:50px\u00a0\u00bb use_theme_fonts=\u00a0\u00bbyes\u00a0\u00bb][vc_row_inner column_margin=\u00a0\u00bbdefault\u00a0\u00bb text_align=\u00a0\u00bbleft\u00a0\u00bb][vc_column_inner column_padding=\u00a0\u00bbno-extra-padding\u00a0\u00bb column_padding_position=\u00a0\u00bball\u00a0\u00bb background_color_opacity=\u00a0\u00bb1&Prime; background_hover_color_opacity=\u00a0\u00bb1&Prime; column_shadow=\u00a0\u00bbnone\u00a0\u00bb column_border_radius=\u00a0\u00bbnone\u00a0\u00bb width=\u00a0\u00bb1\/1&Prime; column_border_width=\u00a0\u00bbnone\u00a0\u00bb column_border_style=\u00a0\u00bbsolid\u00a0\u00bb][vc_column_text]\n<div class=\"gmail_default\">Eurobox est un nom \u00e9tabli dans la construction int\u00e9rieure industrielle depuis 40 ans, avec la r\u00e9alisation de plus de 4.des concepts globaux avec cloisons et bureaux modulaires, allant des bureaux-entrep\u00f4ts aux espaces de travail nucl\u00e9aires.Notre division de casiers intelligents apporte une valeur ajout\u00e9e en proposant des solutions de casiers cibl\u00e9es.Une \u00e9quipe solide et motiv\u00e9e, beaucoup de plaisir et un bon travail, une approche innovante et une entreprise en pleine expansion sont nos atouts les plus importants.Notre si\u00e8ge social est situ\u00e9 \u00e0 Wijnegem.   <\/div>\n[\/vc_column_text][\/vc_column_inner][\/vc_row_inner][toggles style=\u00a0\u00bbminimal\u00a0\u00bb accordion=\u00a0\u00bbtrue\u00a0\u00bb][toggle color=\u00a0\u00bbDefault\u00a0\u00bb title=\u00a0\u00bbChef de projet commercial\u00a0\u00bb][vc_column_text]Une personne enthousiaste et commerciale pour accompagner notre croissance.Vous visitez en toute autonomie nos clients en Belgique et \u00eates responsable du suivi commercial de vos projets clients.Vous serez accompagn\u00e9 par notre service de calcul et l&rsquo;\u00e9quipe technique.Vous g\u00e9rez \u00e9galement les projets vers une r\u00e9alisation r\u00e9ussie.En plus de g\u00e9rer un portefeuille clients existant, vous \u00eates \u00e9galement responsable du recrutement de nouveaux prospects.[\/vc_column_text][nectar_btn size=\u00a0\u00bblarge\u00a0\u00bb button_style=\u00a0\u00bbsee-through-2&Prime; color_override=\u00a0\u00bb#002153&Prime; hover_text_color_override=\u00a0\u00bb#ffffff\u00a0\u00bb icon_family=\u00a0\u00bbnone\u00a0\u00bb url=\u00a0\u00bbmailto:f.vansteenbergen@eurobox.be\u00a0\u00bb text=\u00a0\u00bbAppliquer\u00a0\u00bb margin_top=\u00a0\u00bb50&Prime;][\/toggle][toggle color=\u00a0\u00bbDefault\u00a0\u00bb title=\u00a0\u00bb Dessinateur et pr\u00e9paration du chantier\u00a0\u00bb][vc_column_text]\n<div class=\"gmail_default\">Eurobox r\u00e9alise des conceptions r\u00e9alistes des projets \u00e0 r\u00e9aliser.Nous recherchons un dessinateur\/designer pour bien r\u00e9aliser et mod\u00e9liser ces projets et notre croissance.Une bonne connaissance des besoins et exigences techniques, un esprit cr\u00e9atif et une solide connaissance approfondie des derniers programmes graphiques sont indispensables.De plus, de bonnes capacit\u00e9s de communication pour bien comprendre les projets et s&rsquo;y pr\u00e9parer de mani\u00e8re optimale.Si cela vous int\u00e9resse, faites-le-nous savoir ?    <\/div>\n[\/vc_column_text][nectar_btn size=\u00a0\u00bblarge\u00a0\u00bb button_style=\u00a0\u00bbsee-through-2&Prime; color_override=\u00a0\u00bb#002153&Prime; hover_text_color_override=\u00a0\u00bb#ffffff\u00a0\u00bb icon_family=\u00a0\u00bbnone\u00a0\u00bb url=\u00a0\u00bbmailto:f.vansteenbergen@eurobox.be\u00a0\u00bb text=\u00a0\u00bbAppliquer\u00a0\u00bb margin_top=\u00a0\u00bb50&Prime;][\/toggle][toggle color=\u00a0\u00bbDefault\u00a0\u00bb title=\u00a0\u00bbResponsable des calculs\u00a0\u00bb][vc_column_text]Eurobox propose des solutions personnalis\u00e9es \u00e0 nos clients.Pour y parvenir avec la bonne expertise et le d\u00e9tail, nous souhaitons \u00e9largir notre \u00e9quipe avec un responsable des calculs.Dans ce poste, vous \u00eates responsable de mani\u00e8re ind\u00e9pendante de l\u2019\u00e9laboration des plans d\u00e9taill\u00e9s corrects et de la proposition de prix associ\u00e9e.La pr\u00e9cision, le travail d&rsquo;\u00e9quipe et le sens du d\u00e9tail, souvent en consultation avec le client, le fournisseur et l&rsquo;\u00e9quipe, sont les cl\u00e9s de ce poste.[\/vc_column_text][nectar_btn size=\u00a0\u00bblarge\u00a0\u00bb button_style=\u00a0\u00bbsee-through-2&Prime; color_override=\u00a0\u00bb#002153&Prime; hover_text_color_override=\u00a0\u00bb#ffffff\u00a0\u00bb icon_family=\u00a0\u00bbnone\u00a0\u00bb url=\u00a0\u00bbmailto:f.vansteenbergen@eurobox.be\u00a0\u00bb text=\u00a0\u00bbAppliquer\u00a0\u00bb margin_top=\u00a0\u00bb50&Prime;][\/toggle][toggle color=\u00a0\u00bbDefault\u00a0\u00bb title=\u00a0\u00bbPostuler spontan\u00e9ment\u00a0\u00bb][vc_column_text]\n<div class=\"gmail_default\">Chez Eurobox, nous sommes tr\u00e8s int\u00e9ress\u00e9s par des collaborateurs motiv\u00e9s et comp\u00e9tents.\u00cates-vous int\u00e9ress\u00e9 \u00e0 \u00e9changer des id\u00e9es avec nous \u00e0 ce sujet, ou mieux encore, pensez-vous que nous avons besoin de vous ? N&rsquo;h\u00e9sitez pas \u00e0 nous contacter, nous serons ravis de relever le d\u00e9fi et d&rsquo;en discuter avec vous.  <\/div>\n[\/vc_column_text][nectar_btn size=\u00a0\u00bblarge\u00a0\u00bb button_style=\u00a0\u00bbsee-through-2&Prime; color_override=\u00a0\u00bb#002153&Prime; hover_text_color_override=\u00a0\u00bb#ffffff\u00a0\u00bb icon_family=\u00a0\u00bbnone\u00a0\u00bb url=\u00a0\u00bbmailto:f.vansteenbergen@eurobox.be\u00a0\u00bb text=\u00a0\u00bbAppliquer\u00a0\u00bb margin_top=\u00a0\u00bb50&Prime;][\/toggle][\/toggles][\/vc_column][\/vc_row][vc_row type=\u00a0\u00bbfull_width_background\u00a0\u00bb full_screen_row_position=\u00a0\u00bbmiddle\u00a0\u00bb equal_height=\u00a0\u00bbyes\u00a0\u00bb content_placement=\u00a0\u00bbmiddle\u00a0\u00bb scene_position=\u00a0\u00bbcenter\u00a0\u00bb text_color=\u00a0\u00bbdark\u00a0\u00bb text_align=\u00a0\u00bbleft\u00a0\u00bb top_padding=\u00a0\u00bb0&Prime; bottom_padding=\u00a0\u00bb8%\u00a0\u00bb overlay_strength=\u00a0\u00bb0.3&Prime; shape_divider_position=\u00a0\u00bbbottom\u00a0\u00bb shape_type=\u00a0\u00bb\u00a0\u00bb][vc_column column_padding=\u00a0\u00bbno-extra-padding\u00a0\u00bb column_padding_position=\u00a0\u00bball\u00a0\u00bb background_color_opacity=\u00a0\u00bb1&Prime; background_hover_color_opacity=\u00a0\u00bb1&Prime; column_shadow=\u00a0\u00bbnone\u00a0\u00bb column_border_radius=\u00a0\u00bbnone\u00a0\u00bb width=\u00a0\u00bb1\/2&Prime; tablet_text_alignment=\u00a0\u00bbdefault\u00a0\u00bb phone_text_alignment=\u00a0\u00bbdefault\u00a0\u00bb column_border_width=\u00a0\u00bbnone\u00a0\u00bb column_border_style=\u00a0\u00bbsolid\u00a0\u00bb offset=\u00a0\u00bbvc_col-xs-12&Prime;][image_with_animation image_url=\u00a0\u00bb1054&Prime; alignment=\u00a0\u00bb\u00a0\u00bb animation=\u00a0\u00bbGrow In\u00a0\u00bb border_radius=\u00a0\u00bbnone\u00a0\u00bb box_shadow=\u00a0\u00bblarge_depth\u00a0\u00bb max_width=\u00a0\u00bb100%\u00a0\u00bb][\/vc_column][vc_column column_padding=\u00a0\u00bbno-extra-padding\u00a0\u00bb column_padding_position=\u00a0\u00bball\u00a0\u00bb background_color_opacity=\u00a0\u00bb1&Prime; background_hover_color_opacity=\u00a0\u00bb1&Prime; column_shadow=\u00a0\u00bbnone\u00a0\u00bb column_border_radius=\u00a0\u00bbnone\u00a0\u00bb width=\u00a0\u00bb1\/12&Prime; tablet_text_alignment=\u00a0\u00bbdefault\u00a0\u00bb phone_text_alignment=\u00a0\u00bbdefault\u00a0\u00bb column_border_width=\u00a0\u00bbnone\u00a0\u00bb column_border_style=\u00a0\u00bbsolid\u00a0\u00bb offset=\u00a0\u00bbvc_col-xs-12&Prime;][\/vc_column][vc_column column_padding=\u00a0\u00bbno-extra-padding\u00a0\u00bb column_padding_position=\u00a0\u00bball\u00a0\u00bb background_color_opacity=\u00a0\u00bb1&Prime; background_hover_color_opacity=\u00a0\u00bb1&Prime; column_shadow=\u00a0\u00bbnone\u00a0\u00bb column_border_radius=\u00a0\u00bbnone\u00a0\u00bb width=\u00a0\u00bb5\/12&Prime; tablet_text_alignment=\u00a0\u00bbdefault\u00a0\u00bb phone_text_alignment=\u00a0\u00bbdefault\u00a0\u00bb column_border_width=\u00a0\u00bbnone\u00a0\u00bb column_border_style=\u00a0\u00bbsolid\u00a0\u00bb offset=\u00a0\u00bbvc_col-xs-12&Prime;][vc_custom_heading text=\u00a0\u00bbEmplois\u00a0\u00bb font_container=\u00a0\u00bbtag:h5|text_align:left|color:%23bfbfbf\u00a0\u00bb use_theme_fonts=\u00a0\u00bbyes\u00a0\u00bb css=\u00a0\u00bb.vc_custom_1568970343773{margin-bottom: 10px !important;}\u00a0\u00bb][vc_row_inner column_margin=\u00a0\u00bbdefault\u00a0\u00bb text_align=\u00a0\u00bbleft\u00a0\u00bb][vc_column_inner enable_animation=\u00a0\u00bbtrue\u00a0\u00bb animation=\u00a0\u00bbfade-in-from-bottom\u00a0\u00bb column_padding=\u00a0\u00bbno-extra-padding\u00a0\u00bb column_padding_position=\u00a0\u00bball\u00a0\u00bb background_color_opacity=\u00a0\u00bb1&Prime; background_hover_color_opacity=\u00a0\u00bb1&Prime; column_shadow=\u00a0\u00bbnone\u00a0\u00bb column_border_radius=\u00a0\u00bbnone\u00a0\u00bb width=\u00a0\u00bb1\/1&Prime; column_border_width=\u00a0\u00bbnone\u00a0\u00bb column_border_style=\u00a0\u00bbsolid\u00a0\u00bb][vc_custom_heading text=\u00a0\u00bbPourquoi Eurobox\u00a0\u00bb font_container=\u00a0\u00bbtag:h2|font_size:40|text_align:left|color:%23002153|line_height:50px\u00a0\u00bb use_theme_fonts=\u00a0\u00bbyes\u00a0\u00bb][vc_column_text]\n<div class=\"gmail_default\">Nous sommes impatients de vous inclure dans notre \u00e9quipe.Nous vous proposons un poste permanent dans une entreprise stable et financi\u00e8rement saine qui offre de nombreuses opportunit\u00e9s \u00e0 ses collaborateurs et qui constitue une r\u00e9f\u00e9rence absolue dans le secteur.Nous sommes une entreprise en pleine expansion.  <\/div>\n[\/vc_column_text]<div class=\"nectar-fancy-ul\" data-list-icon=\"icon-salient-thin-line\" data-animation=\"false\" data-animation-delay=\"0\" data-color=\"accent-color\" data-spacing=\"default\" data-alignment=\"left\"> \n<ul>\n<li>Vous aurez l&rsquo;opportunit\u00e9 de travailler dans un environnement de travail dynamique, moderne et innovant o\u00f9 r\u00e8gne une atmosph\u00e8re de travail coll\u00e9giale<\/li>\n<li>Nous vous offrons toutes les opportunit\u00e9s et vous proposons un programme de formation int\u00e9ressant afin que vous puissiez contribuer \u00e0 la croissance future d&rsquo;Eurobox Continental.<\/li>\n<li>Notre \u00e9quipe est compos\u00e9e de coll\u00e8gues jeunes et plus exp\u00e9riment\u00e9s<\/li>\n<li>Nous attachons une grande importance \u00e0 la satisfaction au travail, \u00e0 la bonne \u00e9thique et \u00e0 l&rsquo;expertise professionnelle<\/li>\n<\/ul>\n <\/div>[\/vc_column_inner][\/vc_row_inner][\/vc_column][\/vc_row]\n","protected":false},"excerpt":{"rendered":"<p>[vc_row type=\u00a0\u00bbfull_width_background\u00a0\u00bb full_screen_row_position=\u00a0\u00bbmiddle\u00a0\u00bb scene_position=\u00a0\u00bbcenter\u00a0\u00bb text_color=\u00a0\u00bbdark\u00a0\u00bb text_align=\u00a0\u00bbleft\u00a0\u00bb top_padding=\u00a0\u00bb7%\u00a0\u00bb bottom_padding=\u00a0\u00bb7%\u00a0\u00bb overlay_strength=\u00a0\u00bb0.3&Prime; shape_divider_position=\u00a0\u00bbbottom\u00a0\u00bb][vc_column column_padding=\u00a0\u00bbpadding-1-percent\u00a0\u00bb column_padding_position=\u00a0\u00bball\u00a0\u00bb background_color_opacity=\u00a0\u00bb1&Prime; background_hover_color_opacity=\u00a0\u00bb1&Prime; column_shadow=\u00a0\u00bbnone\u00a0\u00bb column_border_radius=\u00a0\u00bbnone\u00a0\u00bb width=\u00a0\u00bb1\/1&Prime; tablet_text_alignment=\u00a0\u00bbdefault\u00a0\u00bb phone_text_alignment=\u00a0\u00bbdefault\u00a0\u00bb column_border_width=\u00a0\u00bbnone\u00a0\u00bb column_border_style=\u00a0\u00bbsolid\u00a0\u00bb][vc_custom_heading text=\u00a0\u00bbEmplois\u00a0\u00bb font_container=\u00a0\u00bbtag:h5|text_align:left|color:%23bfbfbf\u00a0\u00bb use_theme_fonts=\u00a0\u00bbyes\u00a0\u00bb css=\u00a0\u00bb.vc_custom_1568970343773{margin-bottom: 10px !important;}\u00a0\u00bb][vc_custom_heading text=\u00a0\u00bbTravailler chez Eurobox\u00a0\u00bb&#8230;<\/p>\n","protected":false},"author":1,"featured_media":0,"parent":0,"menu_order":0,"comment_status":"closed","ping_status":"closed","template":"","meta":{"footnotes":""},"class_list":["post-5761","page","type-page","status-publish"],"yoast_head":"<!-- This site is optimized with the Yoast SEO plugin v23.9 - https:\/\/yoast.com\/wordpress\/plugins\/seo\/ -->\n<title>Emplois - Eurobox<\/title>\n<meta name=\"description\" content=\"Eurobox Continental is een innovatief, dynamisch bedrijf. Wij specialiseren in optimale interieurbouw voor industri\u00eble omgevingen en sluitende oplossingen.\" \/>\n<meta name=\"robots\" content=\"index, follow, max-snippet:-1, max-image-preview:large, max-video-preview:-1\" \/>\n<link rel=\"canonical\" href=\"https:\/\/eurobox.be\/fr\/emplois\/\" \/>\n<meta property=\"og:locale\" content=\"fr_FR\" \/>\n<meta property=\"og:type\" content=\"article\" \/>\n<meta property=\"og:title\" content=\"Emplois - Eurobox\" \/>\n<meta property=\"og:description\" content=\"Eurobox Continental is een innovatief, dynamisch bedrijf. Wij specialiseren in optimale interieurbouw voor industri\u00eble omgevingen en sluitende oplossingen.\" \/>\n<meta property=\"og:url\" content=\"https:\/\/eurobox.be\/fr\/emplois\/\" \/>\n<meta property=\"og:site_name\" content=\"Eurobox\" \/>\n<meta property=\"article:modified_time\" content=\"2025-01-17T07:58:26+00:00\" \/>\n<meta name=\"twitter:card\" content=\"summary_large_image\" \/>\n<meta name=\"twitter:label1\" content=\"Dur\u00e9e de lecture estim\u00e9e\" \/>\n\t<meta name=\"twitter:data1\" content=\"6 minutes\" \/>\n<script type=\"application\/ld+json\" class=\"yoast-schema-graph\">{\"@context\":\"https:\/\/schema.org\",\"@graph\":[{\"@type\":\"WebPage\",\"@id\":\"https:\/\/eurobox.be\/fr\/emplois\/\",\"url\":\"https:\/\/eurobox.be\/fr\/emplois\/\",\"name\":\"Emplois - Eurobox\",\"isPartOf\":{\"@id\":\"https:\/\/eurobox.be\/fr\/#website\"},\"datePublished\":\"2019-09-09T08:08:12+00:00\",\"dateModified\":\"2025-01-17T07:58:26+00:00\",\"description\":\"Eurobox Continental is een innovatief, dynamisch bedrijf. Wij specialiseren in optimale interieurbouw voor industri\u00eble omgevingen en sluitende oplossingen.\",\"breadcrumb\":{\"@id\":\"https:\/\/eurobox.be\/fr\/emplois\/#breadcrumb\"},\"inLanguage\":\"fr-FR\",\"potentialAction\":[{\"@type\":\"ReadAction\",\"target\":[\"https:\/\/eurobox.be\/fr\/emplois\/\"]}]},{\"@type\":\"BreadcrumbList\",\"@id\":\"https:\/\/eurobox.be\/fr\/emplois\/#breadcrumb\",\"itemListElement\":[{\"@type\":\"ListItem\",\"position\":1,\"name\":\"Home\",\"item\":\"https:\/\/eurobox.be\/fr\/maison\/\"},{\"@type\":\"ListItem\",\"position\":2,\"name\":\"Emplois\"}]},{\"@type\":\"WebSite\",\"@id\":\"https:\/\/eurobox.be\/fr\/#website\",\"url\":\"https:\/\/eurobox.be\/fr\/\",\"name\":\"Eurobox\",\"description\":\"Industrial Space Planners\",\"publisher\":{\"@id\":\"https:\/\/eurobox.be\/fr\/#organization\"},\"potentialAction\":[{\"@type\":\"SearchAction\",\"target\":{\"@type\":\"EntryPoint\",\"urlTemplate\":\"https:\/\/eurobox.be\/fr\/?s={search_term_string}\"},\"query-input\":{\"@type\":\"PropertyValueSpecification\",\"valueRequired\":true,\"valueName\":\"search_term_string\"}}],\"inLanguage\":\"fr-FR\"},{\"@type\":\"Organization\",\"@id\":\"https:\/\/eurobox.be\/fr\/#organization\",\"name\":\"Eurobox Continental\",\"url\":\"https:\/\/eurobox.be\/fr\/\",\"logo\":{\"@type\":\"ImageObject\",\"inLanguage\":\"fr-FR\",\"@id\":\"https:\/\/eurobox.be\/fr\/#\/schema\/logo\/image\/\",\"url\":\"https:\/\/eurobox.be\/wp-content\/uploads\/2019\/01\/eurboxlogo.png\",\"contentUrl\":\"https:\/\/eurobox.be\/wp-content\/uploads\/2019\/01\/eurboxlogo.png\",\"width\":1200,\"height\":1200,\"caption\":\"Eurobox Continental\"},\"image\":{\"@id\":\"https:\/\/eurobox.be\/fr\/#\/schema\/logo\/image\/\"}}]}<\/script>\n<!-- \/ Yoast SEO plugin. -->","yoast_head_json":{"title":"Emplois - Eurobox","description":"Eurobox Continental is een innovatief, dynamisch bedrijf. Wij specialiseren in optimale interieurbouw voor industri\u00eble omgevingen en sluitende oplossingen.","robots":{"index":"index","follow":"follow","max-snippet":"max-snippet:-1","max-image-preview":"max-image-preview:large","max-video-preview":"max-video-preview:-1"},"canonical":"https:\/\/eurobox.be\/fr\/emplois\/","og_locale":"fr_FR","og_type":"article","og_title":"Emplois - Eurobox","og_description":"Eurobox Continental is een innovatief, dynamisch bedrijf. Wij specialiseren in optimale interieurbouw voor industri\u00eble omgevingen en sluitende oplossingen.","og_url":"https:\/\/eurobox.be\/fr\/emplois\/","og_site_name":"Eurobox","article_modified_time":"2025-01-17T07:58:26+00:00","twitter_card":"summary_large_image","twitter_misc":{"Dur\u00e9e de lecture estim\u00e9e":"6 minutes"},"schema":{"@context":"https:\/\/schema.org","@graph":[{"@type":"WebPage","@id":"https:\/\/eurobox.be\/fr\/emplois\/","url":"https:\/\/eurobox.be\/fr\/emplois\/","name":"Emplois - Eurobox","isPartOf":{"@id":"https:\/\/eurobox.be\/fr\/#website"},"datePublished":"2019-09-09T08:08:12+00:00","dateModified":"2025-01-17T07:58:26+00:00","description":"Eurobox Continental is een innovatief, dynamisch bedrijf. Wij specialiseren in optimale interieurbouw voor industri\u00eble omgevingen en sluitende oplossingen.","breadcrumb":{"@id":"https:\/\/eurobox.be\/fr\/emplois\/#breadcrumb"},"inLanguage":"fr-FR","potentialAction":[{"@type":"ReadAction","target":["https:\/\/eurobox.be\/fr\/emplois\/"]}]},{"@type":"BreadcrumbList","@id":"https:\/\/eurobox.be\/fr\/emplois\/#breadcrumb","itemListElement":[{"@type":"ListItem","position":1,"name":"Home","item":"https:\/\/eurobox.be\/fr\/maison\/"},{"@type":"ListItem","position":2,"name":"Emplois"}]},{"@type":"WebSite","@id":"https:\/\/eurobox.be\/fr\/#website","url":"https:\/\/eurobox.be\/fr\/","name":"Eurobox","description":"Industrial Space Planners","publisher":{"@id":"https:\/\/eurobox.be\/fr\/#organization"},"potentialAction":[{"@type":"SearchAction","target":{"@type":"EntryPoint","urlTemplate":"https:\/\/eurobox.be\/fr\/?s={search_term_string}"},"query-input":{"@type":"PropertyValueSpecification","valueRequired":true,"valueName":"search_term_string"}}],"inLanguage":"fr-FR"},{"@type":"Organization","@id":"https:\/\/eurobox.be\/fr\/#organization","name":"Eurobox Continental","url":"https:\/\/eurobox.be\/fr\/","logo":{"@type":"ImageObject","inLanguage":"fr-FR","@id":"https:\/\/eurobox.be\/fr\/#\/schema\/logo\/image\/","url":"https:\/\/eurobox.be\/wp-content\/uploads\/2019\/01\/eurboxlogo.png","contentUrl":"https:\/\/eurobox.be\/wp-content\/uploads\/2019\/01\/eurboxlogo.png","width":1200,"height":1200,"caption":"Eurobox Continental"},"image":{"@id":"https:\/\/eurobox.be\/fr\/#\/schema\/logo\/image\/"}}]}},"_links":{"self":[{"href":"https:\/\/eurobox.be\/fr\/wp-json\/wp\/v2\/pages\/5761","targetHints":{"allow":["GET"]}}],"collection":[{"href":"https:\/\/eurobox.be\/fr\/wp-json\/wp\/v2\/pages"}],"about":[{"href":"https:\/\/eurobox.be\/fr\/wp-json\/wp\/v2\/types\/page"}],"author":[{"embeddable":true,"href":"https:\/\/eurobox.be\/fr\/wp-json\/wp\/v2\/users\/1"}],"replies":[{"embeddable":true,"href":"https:\/\/eurobox.be\/fr\/wp-json\/wp\/v2\/comments?post=5761"}],"version-history":[{"count":0,"href":"https:\/\/eurobox.be\/fr\/wp-json\/wp\/v2\/pages\/5761\/revisions"}],"wp:attachment":[{"href":"https:\/\/eurobox.be\/fr\/wp-json\/wp\/v2\/media?parent=5761"}],"curies":[{"name":"wp","href":"https:\/\/api.w.org\/{rel}","templated":true}]}}