{"id":5746,"date":"2018-12-18T10:26:47","date_gmt":"2018-12-18T10:26:47","guid":{"rendered":"https:\/\/eurobox.be\/casiers-a-vetements\/"},"modified":"2025-01-17T07:20:45","modified_gmt":"2025-01-17T07:20:45","slug":"casiers-a-vetements","status":"publish","type":"page","link":"https:\/\/eurobox.be\/fr\/casiers-a-vetements\/","title":{"rendered":"casiers \u00e0 v\u00eatements"},"content":{"rendered":"[vc_row type=\u00a0\u00bbfull_width_background\u00a0\u00bb full_screen_row_position=\u00a0\u00bbmiddle\u00a0\u00bb equal_height=\u00a0\u00bbyes\u00a0\u00bb content_placement=\u00a0\u00bbmiddle\u00a0\u00bb scene_position=\u00a0\u00bbcenter\u00a0\u00bb text_color=\u00a0\u00bbdark\u00a0\u00bb text_align=\u00a0\u00bbleft\u00a0\u00bb overlay_strength=\u00a0\u00bb0.3&Prime; shape_divider_position=\u00a0\u00bbbottom\u00a0\u00bb shape_type=\u00a0\u00bb\u00a0\u00bb][vc_column column_padding=\u00a0\u00bbno-extra-padding\u00a0\u00bb column_padding_position=\u00a0\u00bbleft-right\u00a0\u00bb background_color_opacity=\u00a0\u00bb1&Prime; background_hover_color_opacity=\u00a0\u00bb1&Prime; column_shadow=\u00a0\u00bbnone\u00a0\u00bb column_border_radius=\u00a0\u00bbnone\u00a0\u00bb top_margin=\u00a0\u00bb3%\u00a0\u00bb bottom_margin=\u00a0\u00bb3%\u00a0\u00bb width=\u00a0\u00bb2\/3&Prime; tablet_text_alignment=\u00a0\u00bbdefault\u00a0\u00bb phone_text_alignment=\u00a0\u00bbdefault\u00a0\u00bb column_border_width=\u00a0\u00bbnone\u00a0\u00bb column_border_style=\u00a0\u00bbsolid\u00a0\u00bb][vc_custom_heading text=\u00a0\u00bbCasiers \u00e0 v\u00eatements\u00a0\u00bb font_container=\u00a0\u00bbtag:h2|font_size:32|text_align:left|color:%23002153|line_height:40px\u00a0\u00bb use_theme_fonts=\u00a0\u00bbyes\u00a0\u00bb][vc_custom_heading text=\u00a0\u00bbChez Eurobox Continental \u00e0 Wijnegem, vous trouverez des casiers \u00e0 v\u00eatements de la meilleure qualit\u00e9. Nous sommes connus pour produire des casiers et des penderies depuis plus de 25 ans. Nous avons un produit pr\u00eat \u00e0 l&apos;emploi pour chaque budget et chaque souhait. Ils sont disponibles dans toutes les couleurs et avec une fermeture \u00e9lectronique. Diff\u00e9rentes tailles et configurations sont \u00e9galement disponibles, afin que vous puissiez composer votre vestiaire selon vos souhaits. Commandez d\u00e8s maintenant votre armoire \u00e0 v\u00eatements de haute qualit\u00e9 !     \u00a0\u00bb font_container=\u00a0\u00bbtag:p|text_align:left|color:rgba(10%2C10%2C10%2C0.6)\u00a0\u00bb use_theme_fonts=\u00a0\u00bbyes\u00a0\u00bb][\/vc_column][vc_column column_padding=\u00a0\u00bbpadding-5-percent\u00a0\u00bb column_padding_position=\u00a0\u00bbtop-bottom\u00a0\u00bb background_color_opacity=\u00a0\u00bb1&Prime; background_hover_color_opacity=\u00a0\u00bb1&Prime; column_shadow=\u00a0\u00bbnone\u00a0\u00bb column_border_radius=\u00a0\u00bbnone\u00a0\u00bb width=\u00a0\u00bb1\/3&Prime; tablet_text_alignment=\u00a0\u00bbdefault\u00a0\u00bb phone_text_alignment=\u00a0\u00bbdefault\u00a0\u00bb column_border_width=\u00a0\u00bbnone\u00a0\u00bb column_border_style=\u00a0\u00bbsolid\u00a0\u00bb][image_with_animation image_url=\u00a0\u00bb1570&Prime; alignment=\u00a0\u00bb\u00a0\u00bb animation=\u00a0\u00bbFade In\u00a0\u00bb border_radius=\u00a0\u00bbnone\u00a0\u00bb box_shadow=\u00a0\u00bbnone\u00a0\u00bb max_width=\u00a0\u00bb100%\u00a0\u00bb][\/vc_column][\/vc_row][vc_row type=\u00a0\u00bbfull_width_background\u00a0\u00bb full_screen_row_position=\u00a0\u00bbmiddle\u00a0\u00bb bg_color=\u00a0\u00bb#f4f4f4&Prime; scene_position=\u00a0\u00bbcenter\u00a0\u00bb text_color=\u00a0\u00bbdark\u00a0\u00bb text_align=\u00a0\u00bbleft\u00a0\u00bb top_padding=\u00a0\u00bb4%\u00a0\u00bb bottom_padding=\u00a0\u00bb4%\u00a0\u00bb overlay_strength=\u00a0\u00bb0.3&Prime; shape_divider_position=\u00a0\u00bbbottom\u00a0\u00bb shape_type=\u00a0\u00bb\u00a0\u00bb][vc_column column_padding=\u00a0\u00bbno-extra-padding\u00a0\u00bb column_padding_position=\u00a0\u00bball\u00a0\u00bb background_color_opacity=\u00a0\u00bb1&Prime; background_hover_color_opacity=\u00a0\u00bb1&Prime; column_shadow=\u00a0\u00bbnone\u00a0\u00bb column_border_radius=\u00a0\u00bbnone\u00a0\u00bb width=\u00a0\u00bb2\/3&Prime; tablet_text_alignment=\u00a0\u00bbdefault\u00a0\u00bb phone_text_alignment=\u00a0\u00bbdefault\u00a0\u00bb column_border_width=\u00a0\u00bbnone\u00a0\u00bb column_border_style=\u00a0\u00bbsolid\u00a0\u00bb][vc_custom_heading text=\u00a0\u00bbDes casiers \u00e0 v\u00eatements pour tous les budgets\u00a0\u00bb font_container=\u00a0\u00bbtag:h2|font_size:32|text_align:left|color:%23002153|line_height:40px\u00a0\u00bb use_theme_fonts=\u00a0\u00bbyes\u00a0\u00bb][vc_column_text]En tant que <a href=\"https:\/\/eurobox.be\/fr\/\">sp\u00e9cialiste des rangements<\/a>, nous produisons des casiers \u00e0 v\u00eatements de fabrication europ\u00e9enne.Cela signifie que nous fournissons un service rapide et de haute qualit\u00e9.Nous avons toujours la solution id\u00e9ale pour <a href=\"https:\/\/eurobox.be\/kledingkluisjes\/\">ranger vos v\u00eatements<\/a>.Chaque casier \u00e0 v\u00eatements que vous achetez chez nous est fabriqu\u00e9 en m\u00e9tal solide et contient des charni\u00e8res et des serrures solides.Nous offrons \u00e9galement une garantie standard de douze ans sur les portes de tous nos casiers.Vous avez une demande concernant la couleur, la disposition, la taille ou le syst\u00e8me de verrouillage des casiers \u00e0 v\u00eatements ? Nous proposons diff\u00e9rentes couleurs et tailles dans notre gamme, afin qu&rsquo;elle convienne toujours \u00e0 votre entreprise ou institution.Que diriez-vous de belles <a href=\"https:\/\/eurobox.be\/industriele-lockers\/\">armoires de rangement industrielles<\/a>, par exemple ? Nous \u00e9coutons vos souhaits et sommes pr\u00eats \u00e0 vous aider \u00e0 composer les casiers parfaits.[\/vc_column_text][\/vc_column][vc_column column_padding=\u00a0\u00bbno-extra-padding\u00a0\u00bb column_padding_position=\u00a0\u00bball\u00a0\u00bb background_color_opacity=\u00a0\u00bb1&Prime; background_hover_color_opacity=\u00a0\u00bb1&Prime; column_shadow=\u00a0\u00bbnone\u00a0\u00bb column_border_radius=\u00a0\u00bbnone\u00a0\u00bb width=\u00a0\u00bb1\/3&Prime; tablet_text_alignment=\u00a0\u00bbdefault\u00a0\u00bb phone_text_alignment=\u00a0\u00bbdefault\u00a0\u00bb column_border_width=\u00a0\u00bbnone\u00a0\u00bb column_border_style=\u00a0\u00bbsolid\u00a0\u00bb]<div class=\"nectar-fancy-ul\" data-list-icon=\"icon-salient-thin-line\" data-animation=\"false\" data-animation-delay=\"0\" data-color=\"accent-color\" data-spacing=\"default\" data-alignment=\"left\"> \n<ul>\n<li>Solution toute faite<\/li>\n<li>Service rapide<\/li>\n<li>Produits flexibles<\/li>\n<li>Conseils professionnels<\/li>\n<\/ul>\n <\/div>[\/vc_column][\/vc_row][vc_row type=\u00a0\u00bbfull_width_background\u00a0\u00bb full_screen_row_position=\u00a0\u00bbmiddle\u00a0\u00bb scene_position=\u00a0\u00bbcenter\u00a0\u00bb text_color=\u00a0\u00bbdark\u00a0\u00bb text_align=\u00a0\u00bbleft\u00a0\u00bb top_padding=\u00a0\u00bb2%\u00a0\u00bb bottom_padding=\u00a0\u00bb2%\u00a0\u00bb overlay_strength=\u00a0\u00bb0.3&Prime; shape_divider_position=\u00a0\u00bbbottom\u00a0\u00bb shape_type=\u00a0\u00bb\u00a0\u00bb][vc_column column_padding=\u00a0\u00bbno-extra-padding\u00a0\u00bb column_padding_position=\u00a0\u00bball\u00a0\u00bb background_color_opacity=\u00a0\u00bb1&Prime; background_hover_color_opacity=\u00a0\u00bb1&Prime; column_shadow=\u00a0\u00bbnone\u00a0\u00bb column_border_radius=\u00a0\u00bbnone\u00a0\u00bb width=\u00a0\u00bb1\/1&Prime; tablet_text_alignment=\u00a0\u00bbdefault\u00a0\u00bb phone_text_alignment=\u00a0\u00bbdefault\u00a0\u00bb column_border_width=\u00a0\u00bbnone\u00a0\u00bb column_border_style=\u00a0\u00bbsolid\u00a0\u00bb][vc_custom_heading text=\u00a0\u00bbDemander des informations sur notre personnalisation\u00a0\u00bb font_container=\u00a0\u00bbtag:h3|font_size:32|text_align:left|color:%23002153|line_height:40px\u00a0\u00bb use_theme_fonts=\u00a0\u00bbyes\u00a0\u00bb][vc_column_text]Vous souhaitez plus d\u2019informations sur les sp\u00e9cifications de nos casiers \u00e0 v\u00eatements dans lesquels vous <a href=\"https:\/\/eurobox.be\/smart-lockers\/producten\/garderobe-kasten\/\">pourrez ranger votre garde-robe <\/a> et sur la personnalisation que nous proposons ? Ou \u00eates-vous curieux de conna\u00eetre nos armoires \u00e0 petit budget qui sont standard dans notre gamme ? Appelez <a href=\"tel:003233537181\">+32-(0)3 353 71 81<\/a> ou envoyez un email \u00e0 <a href=\"mailto:info@eurobox.be\">info@eurobox.be<\/a> et nous r\u00e9pondrons \u00e0 toutes vos questions dans les plus brefs d\u00e9lais.De cette fa\u00e7on, vous apprendrez \u00e9galement tout sur <a href=\"https:\/\/eurobox.be\/leverancier-elektronische-locker\/\">nos casiers \u00e9lectroniques<\/a>.[\/vc_column_text][\/vc_column][\/vc_row][vc_row type=\u00a0\u00bbfull_width_background\u00a0\u00bb full_screen_row_position=\u00a0\u00bbmiddle\u00a0\u00bb equal_height=\u00a0\u00bbyes\u00a0\u00bb content_placement=\u00a0\u00bbmiddle\u00a0\u00bb scene_position=\u00a0\u00bbcenter\u00a0\u00bb text_color=\u00a0\u00bblight\u00a0\u00bb text_align=\u00a0\u00bbleft\u00a0\u00bb id=\u00a0\u00bbctaContact\u00a0\u00bb overlay_strength=\u00a0\u00bb0.3&Prime; shape_divider_position=\u00a0\u00bbbottom\u00a0\u00bb shape_type=\u00a0\u00bb\u00a0\u00bb][vc_column column_padding=\u00a0\u00bbno-extra-padding\u00a0\u00bb column_padding_position=\u00a0\u00bball\u00a0\u00bb background_color_opacity=\u00a0\u00bb1&Prime; background_hover_color_opacity=\u00a0\u00bb1&Prime; column_shadow=\u00a0\u00bbnone\u00a0\u00bb column_border_radius=\u00a0\u00bbnone\u00a0\u00bb top_margin=\u00a0\u00bb60&Prime; bottom_margin=\u00a0\u00bb60&Prime; width=\u00a0\u00bb1\/1&Prime; tablet_text_alignment=\u00a0\u00bbcenter\u00a0\u00bb phone_text_alignment=\u00a0\u00bbcenter\u00a0\u00bb column_border_width=\u00a0\u00bbnone\u00a0\u00bb column_border_style=\u00a0\u00bbsolid\u00a0\u00bb offset=\u00a0\u00bbvc_hidden-sm vc_hidden-xs\u00a0\u00bb][vc_row_inner content_placement=\u00a0\u00bbmiddle\u00a0\u00bb column_margin=\u00a0\u00bbdefault\u00a0\u00bb text_align=\u00a0\u00bbleft\u00a0\u00bb class=\u00a0\u00bbCTAContact\u00a0\u00bb][vc_column_inner column_padding=\u00a0\u00bbpadding-3-percent\u00a0\u00bb column_padding_position=\u00a0\u00bball\u00a0\u00bb background_color_opacity=\u00a0\u00bb1&Prime; background_hover_color_opacity=\u00a0\u00bb1&Prime; column_shadow=\u00a0\u00bbnone\u00a0\u00bb column_border_radius=\u00a0\u00bbnone\u00a0\u00bb width=\u00a0\u00bb2\/3&Prime; column_border_width=\u00a0\u00bbnone\u00a0\u00bb column_border_style=\u00a0\u00bbsolid\u00a0\u00bb][vc_column_text]<span style=\"color: #000000;\"><strong>Votre int\u00e9r\u00eat a \u00e9t\u00e9 \u00e9veill\u00e9 et vous souhaitez plus d\u2019informations sur nos produits ?<\/strong><\/span><\/p>\n<p><span style=\"color: #000000;\">N&rsquo;h\u00e9sitez pas \u00e0 nous contacter. Vous pouvez nous contacter via le num\u00e9ro de t\u00e9l\u00e9phone <\/span> <a href=\"tel:003233537181\">03\/353 71 81<\/a> <span style=\"color: #000000;\">ou via <\/span> <a href=\"mailto:info@eurobox.be\">info@eurobox.be<\/a>.[\/vc_column_text][\/vc_column_inner][vc_column_inner column_padding=\u00a0\u00bbpadding-3-percent\u00a0\u00bb column_padding_position=\u00a0\u00bball\u00a0\u00bb centered_text=\u00a0\u00bbtrue\u00a0\u00bb background_color_opacity=\u00a0\u00bb1&Prime; background_hover_color_opacity=\u00a0\u00bb1&Prime; column_shadow=\u00a0\u00bbnone\u00a0\u00bb column_border_radius=\u00a0\u00bbnone\u00a0\u00bb width=\u00a0\u00bb1\/3&Prime; column_border_width=\u00a0\u00bbnone\u00a0\u00bb column_border_style=\u00a0\u00bbsolid\u00a0\u00bb][nectar_btn size=\u00a0\u00bblarge\u00a0\u00bb button_style=\u00a0\u00bbsee-through-2&Prime; color_override=\u00a0\u00bb#002153&Prime; hover_text_color_override=\u00a0\u00bb#ffffff\u00a0\u00bb icon_family=\u00a0\u00bbnone\u00a0\u00bb url=\u00a0\u00bbeurobox.be\/contact\u00a0\u00bb text=\u00a0\u00bbContactez-nous\u00a0\u00bb margin_top=\u00a0\u00bb50&Prime;][\/vc_column_inner][\/vc_row_inner][\/vc_column][\/vc_row][vc_row type=\u00a0\u00bbfull_width_background\u00a0\u00bb full_screen_row_position=\u00a0\u00bbmiddle\u00a0\u00bb equal_height=\u00a0\u00bbyes\u00a0\u00bb content_placement=\u00a0\u00bbmiddle\u00a0\u00bb scene_position=\u00a0\u00bbcenter\u00a0\u00bb text_color=\u00a0\u00bblight\u00a0\u00bb text_align=\u00a0\u00bbleft\u00a0\u00bb id=\u00a0\u00bbctaContact\u00a0\u00bb overlay_strength=\u00a0\u00bb0.3&Prime; shape_divider_position=\u00a0\u00bbbottom\u00a0\u00bb shape_type=\u00a0\u00bb\u00a0\u00bb][vc_column column_padding=\u00a0\u00bbno-extra-padding\u00a0\u00bb column_padding_position=\u00a0\u00bball\u00a0\u00bb background_color_opacity=\u00a0\u00bb1&Prime; background_hover_color_opacity=\u00a0\u00bb1&Prime; column_shadow=\u00a0\u00bbnone\u00a0\u00bb column_border_radius=\u00a0\u00bbnone\u00a0\u00bb top_margin=\u00a0\u00bb60&Prime; bottom_margin=\u00a0\u00bb60&Prime; width=\u00a0\u00bb1\/1&Prime; tablet_text_alignment=\u00a0\u00bbcenter\u00a0\u00bb phone_text_alignment=\u00a0\u00bbcenter\u00a0\u00bb column_border_width=\u00a0\u00bbnone\u00a0\u00bb column_border_style=\u00a0\u00bbsolid\u00a0\u00bb offset=\u00a0\u00bbvc_hidden-lg vc_hidden-md\u00a0\u00bb][vc_row_inner content_placement=\u00a0\u00bbmiddle\u00a0\u00bb column_margin=\u00a0\u00bbdefault\u00a0\u00bb text_align=\u00a0\u00bbleft\u00a0\u00bb class=\u00a0\u00bbCTAContact\u00a0\u00bb][vc_column_inner column_padding=\u00a0\u00bbpadding-3-percent\u00a0\u00bb column_padding_position=\u00a0\u00bball\u00a0\u00bb background_color_opacity=\u00a0\u00bb1&Prime; background_hover_color_opacity=\u00a0\u00bb1&Prime; column_shadow=\u00a0\u00bbnone\u00a0\u00bb column_border_radius=\u00a0\u00bbnone\u00a0\u00bb width=\u00a0\u00bb1\/1&Prime; column_border_width=\u00a0\u00bbnone\u00a0\u00bb column_border_style=\u00a0\u00bbsolid\u00a0\u00bb][vc_column_text]<span style=\"color: #000000;\"><strong>Votre int\u00e9r\u00eat a \u00e9t\u00e9 \u00e9veill\u00e9 et vous souhaitez plus d\u2019informations sur nos produits ?<\/strong><\/span><\/p>\n<p><span style=\"color: #000000;\">N&rsquo;h\u00e9sitez pas \u00e0 nous contacter. Vous pouvez nous contacter via le num\u00e9ro de t\u00e9l\u00e9phone <a href=\"tel:003233537181\">03\/353 71 81<\/a> ou via <a href=\"mailto:info@eurobox.be\">info@eurobox.be<\/a>. <\/span>[\/vc_column_text][nectar_btn size=\u00a0\u00bblarge\u00a0\u00bb button_style=\u00a0\u00bbsee-through-2&Prime; color_override=\u00a0\u00bb#002153&Prime; hover_text_color_override=\u00a0\u00bb#ffffff\u00a0\u00bb icon_family=\u00a0\u00bbnone\u00a0\u00bb url=\u00a0\u00bbeurobox.be\/contact\u00a0\u00bb text=\u00a0\u00bbContactez-nous\u00a0\u00bb margin_top=\u00a0\u00bb20&Prime;][\/vc_column_inner][\/vc_row_inner][\/vc_column][\/vc_row]\n","protected":false},"excerpt":{"rendered":"<p>[vc_row type=\u00a0\u00bbfull_width_background\u00a0\u00bb full_screen_row_position=\u00a0\u00bbmiddle\u00a0\u00bb equal_height=\u00a0\u00bbyes\u00a0\u00bb content_placement=\u00a0\u00bbmiddle\u00a0\u00bb scene_position=\u00a0\u00bbcenter\u00a0\u00bb text_color=\u00a0\u00bbdark\u00a0\u00bb text_align=\u00a0\u00bbleft\u00a0\u00bb overlay_strength=\u00a0\u00bb0.3&Prime; shape_divider_position=\u00a0\u00bbbottom\u00a0\u00bb shape_type=\u00a0\u00bb\u00a0\u00bb][vc_column column_padding=\u00a0\u00bbno-extra-padding\u00a0\u00bb column_padding_position=\u00a0\u00bbleft-right\u00a0\u00bb background_color_opacity=\u00a0\u00bb1&Prime; background_hover_color_opacity=\u00a0\u00bb1&Prime; column_shadow=\u00a0\u00bbnone\u00a0\u00bb column_border_radius=\u00a0\u00bbnone\u00a0\u00bb top_margin=\u00a0\u00bb3%\u00a0\u00bb bottom_margin=\u00a0\u00bb3%\u00a0\u00bb width=\u00a0\u00bb2\/3&Prime; tablet_text_alignment=\u00a0\u00bbdefault\u00a0\u00bb phone_text_alignment=\u00a0\u00bbdefault\u00a0\u00bb column_border_width=\u00a0\u00bbnone\u00a0\u00bb column_border_style=\u00a0\u00bbsolid\u00a0\u00bb][vc_custom_heading text=\u00a0\u00bbCasiers \u00e0 v\u00eatements\u00a0\u00bb font_container=\u00a0\u00bbtag:h2|font_size:32|text_align:left|color:%23002153|line_height:40px\u00a0\u00bb use_theme_fonts=\u00a0\u00bbyes\u00a0\u00bb][vc_custom_heading text=\u00a0\u00bbChez&#8230;<\/p>\n","protected":false},"author":1,"featured_media":0,"parent":0,"menu_order":0,"comment_status":"closed","ping_status":"closed","template":"","meta":{"footnotes":""},"class_list":["post-5746","page","type-page","status-publish"],"yoast_head":"<!-- This site is optimized with the Yoast SEO plugin v27.4 - https:\/\/yoast.com\/product\/yoast-seo-wordpress\/ -->\n<title>Achetez des casiers \u00e0 v\u00eatements de qualit\u00e9<\/title>\n<meta name=\"description\" content=\"Il est pr\u00e9f\u00e9rable que les casiers \u00e0 v\u00eatements destin\u00e9s \u00e0 diff\u00e9rentes applications soient fabriqu\u00e9s par un expert dans le domaine des casiers. Partagez vos souhaits avec nous d\u00e8s aujourd\u2019hui.\" \/>\n<meta name=\"robots\" content=\"index, follow, max-snippet:-1, max-image-preview:large, max-video-preview:-1\" \/>\n<link rel=\"canonical\" href=\"https:\/\/eurobox.be\/fr\/casiers-a-vetements\/\" \/>\n<meta property=\"og:locale\" content=\"fr_FR\" \/>\n<meta property=\"og:type\" content=\"article\" \/>\n<meta property=\"og:title\" content=\"Achetez des casiers \u00e0 v\u00eatements de qualit\u00e9\" \/>\n<meta property=\"og:description\" content=\"Il est pr\u00e9f\u00e9rable que les casiers \u00e0 v\u00eatements destin\u00e9s \u00e0 diff\u00e9rentes applications soient fabriqu\u00e9s par un expert dans le domaine des casiers. Partagez vos souhaits avec nous d\u00e8s aujourd\u2019hui.\" \/>\n<meta property=\"og:url\" content=\"https:\/\/eurobox.be\/fr\/casiers-a-vetements\/\" \/>\n<meta property=\"og:site_name\" content=\"Eurobox\" \/>\n<meta property=\"article:modified_time\" content=\"2025-01-17T07:20:45+00:00\" \/>\n<meta name=\"twitter:card\" content=\"summary_large_image\" \/>\n<meta name=\"twitter:label1\" content=\"Dur\u00e9e de lecture estim\u00e9e\" \/>\n\t<meta name=\"twitter:data1\" content=\"6 minutes\" \/>\n<script type=\"application\/ld+json\" class=\"yoast-schema-graph\">{\"@context\":\"https:\\\/\\\/schema.org\",\"@graph\":[{\"@type\":\"WebPage\",\"@id\":\"https:\\\/\\\/eurobox.be\\\/fr\\\/casiers-a-vetements\\\/\",\"url\":\"https:\\\/\\\/eurobox.be\\\/fr\\\/casiers-a-vetements\\\/\",\"name\":\"Achetez des casiers \u00e0 v\u00eatements de qualit\u00e9\",\"isPartOf\":{\"@id\":\"https:\\\/\\\/eurobox.be\\\/fr\\\/#website\"},\"datePublished\":\"2018-12-18T10:26:47+00:00\",\"dateModified\":\"2025-01-17T07:20:45+00:00\",\"description\":\"Il est pr\u00e9f\u00e9rable que les casiers \u00e0 v\u00eatements destin\u00e9s \u00e0 diff\u00e9rentes applications soient fabriqu\u00e9s par un expert dans le domaine des casiers. Partagez vos souhaits avec nous d\u00e8s aujourd\u2019hui.\",\"breadcrumb\":{\"@id\":\"https:\\\/\\\/eurobox.be\\\/fr\\\/casiers-a-vetements\\\/#breadcrumb\"},\"inLanguage\":\"fr-FR\",\"potentialAction\":[{\"@type\":\"ReadAction\",\"target\":[\"https:\\\/\\\/eurobox.be\\\/fr\\\/casiers-a-vetements\\\/\"]}]},{\"@type\":\"BreadcrumbList\",\"@id\":\"https:\\\/\\\/eurobox.be\\\/fr\\\/casiers-a-vetements\\\/#breadcrumb\",\"itemListElement\":[{\"@type\":\"ListItem\",\"position\":1,\"name\":\"Home\",\"item\":\"https:\\\/\\\/eurobox.be\\\/fr\\\/maison\\\/\"},{\"@type\":\"ListItem\",\"position\":2,\"name\":\"casiers \u00e0 v\u00eatements\"}]},{\"@type\":\"WebSite\",\"@id\":\"https:\\\/\\\/eurobox.be\\\/fr\\\/#website\",\"url\":\"https:\\\/\\\/eurobox.be\\\/fr\\\/\",\"name\":\"Eurobox\",\"description\":\"Industrial Space Planners\",\"publisher\":{\"@id\":\"https:\\\/\\\/eurobox.be\\\/fr\\\/#organization\"},\"potentialAction\":[{\"@type\":\"SearchAction\",\"target\":{\"@type\":\"EntryPoint\",\"urlTemplate\":\"https:\\\/\\\/eurobox.be\\\/fr\\\/?s={search_term_string}\"},\"query-input\":{\"@type\":\"PropertyValueSpecification\",\"valueRequired\":true,\"valueName\":\"search_term_string\"}}],\"inLanguage\":\"fr-FR\"},{\"@type\":\"Organization\",\"@id\":\"https:\\\/\\\/eurobox.be\\\/fr\\\/#organization\",\"name\":\"Eurobox Continental\",\"url\":\"https:\\\/\\\/eurobox.be\\\/fr\\\/\",\"logo\":{\"@type\":\"ImageObject\",\"inLanguage\":\"fr-FR\",\"@id\":\"https:\\\/\\\/eurobox.be\\\/fr\\\/#\\\/schema\\\/logo\\\/image\\\/\",\"url\":\"https:\\\/\\\/eurobox.be\\\/wp-content\\\/uploads\\\/2019\\\/01\\\/eurboxlogo.png\",\"contentUrl\":\"https:\\\/\\\/eurobox.be\\\/wp-content\\\/uploads\\\/2019\\\/01\\\/eurboxlogo.png\",\"width\":1200,\"height\":1200,\"caption\":\"Eurobox Continental\"},\"image\":{\"@id\":\"https:\\\/\\\/eurobox.be\\\/fr\\\/#\\\/schema\\\/logo\\\/image\\\/\"}}]}<\/script>\n<!-- \/ Yoast SEO plugin. -->","yoast_head_json":{"title":"Achetez des casiers \u00e0 v\u00eatements de qualit\u00e9","description":"Il est pr\u00e9f\u00e9rable que les casiers \u00e0 v\u00eatements destin\u00e9s \u00e0 diff\u00e9rentes applications soient fabriqu\u00e9s par un expert dans le domaine des casiers. Partagez vos souhaits avec nous d\u00e8s aujourd\u2019hui.","robots":{"index":"index","follow":"follow","max-snippet":"max-snippet:-1","max-image-preview":"max-image-preview:large","max-video-preview":"max-video-preview:-1"},"canonical":"https:\/\/eurobox.be\/fr\/casiers-a-vetements\/","og_locale":"fr_FR","og_type":"article","og_title":"Achetez des casiers \u00e0 v\u00eatements de qualit\u00e9","og_description":"Il est pr\u00e9f\u00e9rable que les casiers \u00e0 v\u00eatements destin\u00e9s \u00e0 diff\u00e9rentes applications soient fabriqu\u00e9s par un expert dans le domaine des casiers. Partagez vos souhaits avec nous d\u00e8s aujourd\u2019hui.","og_url":"https:\/\/eurobox.be\/fr\/casiers-a-vetements\/","og_site_name":"Eurobox","article_modified_time":"2025-01-17T07:20:45+00:00","twitter_card":"summary_large_image","twitter_misc":{"Dur\u00e9e de lecture estim\u00e9e":"6 minutes"},"schema":{"@context":"https:\/\/schema.org","@graph":[{"@type":"WebPage","@id":"https:\/\/eurobox.be\/fr\/casiers-a-vetements\/","url":"https:\/\/eurobox.be\/fr\/casiers-a-vetements\/","name":"Achetez des casiers \u00e0 v\u00eatements de qualit\u00e9","isPartOf":{"@id":"https:\/\/eurobox.be\/fr\/#website"},"datePublished":"2018-12-18T10:26:47+00:00","dateModified":"2025-01-17T07:20:45+00:00","description":"Il est pr\u00e9f\u00e9rable que les casiers \u00e0 v\u00eatements destin\u00e9s \u00e0 diff\u00e9rentes applications soient fabriqu\u00e9s par un expert dans le domaine des casiers. Partagez vos souhaits avec nous d\u00e8s aujourd\u2019hui.","breadcrumb":{"@id":"https:\/\/eurobox.be\/fr\/casiers-a-vetements\/#breadcrumb"},"inLanguage":"fr-FR","potentialAction":[{"@type":"ReadAction","target":["https:\/\/eurobox.be\/fr\/casiers-a-vetements\/"]}]},{"@type":"BreadcrumbList","@id":"https:\/\/eurobox.be\/fr\/casiers-a-vetements\/#breadcrumb","itemListElement":[{"@type":"ListItem","position":1,"name":"Home","item":"https:\/\/eurobox.be\/fr\/maison\/"},{"@type":"ListItem","position":2,"name":"casiers \u00e0 v\u00eatements"}]},{"@type":"WebSite","@id":"https:\/\/eurobox.be\/fr\/#website","url":"https:\/\/eurobox.be\/fr\/","name":"Eurobox","description":"Industrial Space Planners","publisher":{"@id":"https:\/\/eurobox.be\/fr\/#organization"},"potentialAction":[{"@type":"SearchAction","target":{"@type":"EntryPoint","urlTemplate":"https:\/\/eurobox.be\/fr\/?s={search_term_string}"},"query-input":{"@type":"PropertyValueSpecification","valueRequired":true,"valueName":"search_term_string"}}],"inLanguage":"fr-FR"},{"@type":"Organization","@id":"https:\/\/eurobox.be\/fr\/#organization","name":"Eurobox Continental","url":"https:\/\/eurobox.be\/fr\/","logo":{"@type":"ImageObject","inLanguage":"fr-FR","@id":"https:\/\/eurobox.be\/fr\/#\/schema\/logo\/image\/","url":"https:\/\/eurobox.be\/wp-content\/uploads\/2019\/01\/eurboxlogo.png","contentUrl":"https:\/\/eurobox.be\/wp-content\/uploads\/2019\/01\/eurboxlogo.png","width":1200,"height":1200,"caption":"Eurobox Continental"},"image":{"@id":"https:\/\/eurobox.be\/fr\/#\/schema\/logo\/image\/"}}]}},"_links":{"self":[{"href":"https:\/\/eurobox.be\/fr\/wp-json\/wp\/v2\/pages\/5746","targetHints":{"allow":["GET"]}}],"collection":[{"href":"https:\/\/eurobox.be\/fr\/wp-json\/wp\/v2\/pages"}],"about":[{"href":"https:\/\/eurobox.be\/fr\/wp-json\/wp\/v2\/types\/page"}],"author":[{"embeddable":true,"href":"https:\/\/eurobox.be\/fr\/wp-json\/wp\/v2\/users\/1"}],"replies":[{"embeddable":true,"href":"https:\/\/eurobox.be\/fr\/wp-json\/wp\/v2\/comments?post=5746"}],"version-history":[{"count":0,"href":"https:\/\/eurobox.be\/fr\/wp-json\/wp\/v2\/pages\/5746\/revisions"}],"wp:attachment":[{"href":"https:\/\/eurobox.be\/fr\/wp-json\/wp\/v2\/media?parent=5746"}],"curies":[{"name":"wp","href":"https:\/\/api.w.org\/{rel}","templated":true}]}}