{"id":5735,"date":"2018-12-13T22:49:39","date_gmt":"2018-12-13T22:49:39","guid":{"rendered":"https:\/\/eurobox.be\/amenagement-interieur\/cloisons-de-separation\/"},"modified":"2025-01-17T05:47:08","modified_gmt":"2025-01-17T05:47:08","slug":"cloisons-de-separation","status":"publish","type":"page","link":"https:\/\/eurobox.be\/fr\/amenagement-interieur\/cloisons-de-separation\/","title":{"rendered":"Cloisons de s\u00e9paration"},"content":{"rendered":"[vc_row type=\u00a0\u00bbin_container\u00a0\u00bb full_screen_row_position=\u00a0\u00bbmiddle\u00a0\u00bb scene_position=\u00a0\u00bbcenter\u00a0\u00bb text_color=\u00a0\u00bbdark\u00a0\u00bb text_align=\u00a0\u00bbleft\u00a0\u00bb top_padding=\u00a0\u00bb5%\u00a0\u00bb bottom_padding=\u00a0\u00bb2%\u00a0\u00bb overlay_strength=\u00a0\u00bb0.3&Prime; shape_divider_position=\u00a0\u00bbbottom\u00a0\u00bb shape_type=\u00a0\u00bb\u00a0\u00bb][vc_column column_padding=\u00a0\u00bbno-extra-padding\u00a0\u00bb column_padding_position=\u00a0\u00bball\u00a0\u00bb background_color_opacity=\u00a0\u00bb1&Prime; background_hover_color_opacity=\u00a0\u00bb1&Prime; column_shadow=\u00a0\u00bbnone\u00a0\u00bb column_border_radius=\u00a0\u00bbnone\u00a0\u00bb width=\u00a0\u00bb1\/1&Prime; tablet_text_alignment=\u00a0\u00bbdefault\u00a0\u00bb phone_text_alignment=\u00a0\u00bbdefault\u00a0\u00bb column_border_width=\u00a0\u00bbnone\u00a0\u00bb column_border_style=\u00a0\u00bbsolid\u00a0\u00bb][vc_custom_heading text=\u00a0\u00bbAm\u00e9nagement int\u00e9rieur\u00a0\u00bb font_container=\u00a0\u00bbtag:h5|text_align:center|color:%23bfbfbf\u00a0\u00bb use_theme_fonts=\u00a0\u00bbyes\u00a0\u00bb css=\u00a0\u00bb.vc_custom_1563629846080{margin-bottom: 10px !important;}\u00a0\u00bb][vc_custom_heading text=\u00a0\u00bbCloisons de s\u00e9paration pour bureaux dans des espaces industriels\u00a0\u00bb font_container=\u00a0\u00bbtag:h3|font_size:40|text_align:center|color:%23002153|line_height:50px\u00a0\u00bb use_theme_fonts=\u00a0\u00bbyes\u00a0\u00bb][vc_column_text]Les cloisons de s\u00e9paration jouent un r\u00f4le crucial dans la conception de votre bureau industriel. Eurobox Continental, bas\u00e9 \u00e0 Wijnegem, est votre expert dans le domaine des solutions de s\u00e9paration polyvalentes et de haute qualit\u00e9.Nos murs de bureaux sont non seulement fonctionnels pour cr\u00e9er des zones de travail s\u00e9par\u00e9es, mais \u00e9galement essentiels pour l&rsquo;intimit\u00e9 et la r\u00e9duction du bruit.L&rsquo;installation de cloisons syst\u00e8me offre la possibilit\u00e9 de cr\u00e9er des lieux de travail dynamiques et adaptables, comme un bureau, et d&rsquo;assurer une d\u00e9marcation claire des diff\u00e9rentes zones de travail.   <\/p>\n<h2>Une large gamme de diff\u00e9rents types de cloisons de s\u00e9paration<\/h2>\n<p>Une entreprise n&rsquo;est pas la m\u00eame que l&rsquo;autre, c&rsquo;est pourquoi nous installons diff\u00e9rents syst\u00e8mes de cloisons dans chaque entreprise, adapt\u00e9s \u00e0 leurs besoins sp\u00e9cifiques.Dans <a href=\"https:\/\/eurobox.be\/fr\/\">notre entreprise de construction industrielle<\/a>, nous proposons une large gamme de cloisons de s\u00e9paration, chacune avec ses avantages uniques : <\/p>\n<ul>\n<li><a href=\"https:\/\/eurobox.be\/interieurbouw\/industriele-afwerking\/cleanrooms-flush-wanden\/\">Salles blanches<\/a> : Indispensables pour les secteurs o\u00f9 la st\u00e9rilit\u00e9 est requise, comme l&rsquo;industrie pharmaceutique ou les laboratoires. Ces murs int\u00e9rieurs industriels garantissent un environnement sans contamination. <\/li>\n<li><a href=\"https:\/\/eurobox.be\/interieurbouw\/industriele-afwerking\/glazen-wanden-2\/\">Murs de verre<\/a> : parfaits pour cr\u00e9er une atmosph\u00e8re ouverte et a\u00e9r\u00e9e, tout en assurant intimit\u00e9 et isolation phonique. Ces cloisons de s\u00e9paration sont id\u00e9ales pour les bureaux de direction ou les salles de r\u00e9union.<\/li>\n<li><a href=\"https:\/\/eurobox.be\/interieurbouw\/industriele-afwerking\/gaasdraad-wanden-2\/\">Murs grillag\u00e9s : Ces cloisons offrent une excellente ventilation et visibilit\u00e9, tout en augmentant la s\u00e9curit\u00e9 en milieu industriel.<\/a><\/li>\n<li><a href=\"https:\/\/eurobox.be\/interieurbouw\/industriele-afwerking\/hoge-wanden\/\">Murs hauts : Ces murs syst\u00e8me sont id\u00e9aux pour s\u00e9parer de grands espaces tels que des entrep\u00f4ts ou des halls de production, o\u00f9 la s\u00e9paration des diff\u00e9rents processus de travail est n\u00e9cessaire.<\/a><\/li>\n<\/ul>\n<p>Ces murs de bureau sont non seulement fonctionnels, mais aussi esth\u00e9tiques et peuvent \u00eatre personnalis\u00e9s selon vos pr\u00e9f\u00e9rences de style sp\u00e9cifiques.Nos <a href=\"https:\/\/eurobox.be\/interieurbouw\/industriele-afwerking\/mobiele-wanden-2\/\">parois mobiles<\/a> offrent une flexibilit\u00e9 maximale et peuvent \u00eatre facilement d\u00e9plac\u00e9es pour optimiser votre espace.Nous disposons \u00e9galement de murs exclusifs pour <a href=\"https:\/\/eurobox.be\/interieurbouw\/kantoren-met-uitstraling\/\">bureaux de direction ou salles de conf\u00e9rence<\/a>, con\u00e7us en mettant l\u2019accent sur le professionnalisme et l\u2019\u00e9l\u00e9gance.  <\/p>\n<h3>Demandez votre devis pour vos murs de bureau d\u00e8s aujourd&rsquo;hui<\/h3>\n<p>\u00cates-vous pr\u00eat \u00e0 transformer le design de <a href=\"https:\/\/eurobox.be\/interieurbouw\/\">vos espaces de bureau<\/a> avec nos cloisons de s\u00e9paration ? Nos experts sont pr\u00eats \u00e0 vous conseiller et \u00e0 vous proposer une solution r\u00e9pondant parfaitement \u00e0 vos souhaits et exigences. Nos cloisons syst\u00e8me augmentent non seulement la fonctionnalit\u00e9 et l\u2019esth\u00e9tique de votre bureau, mais am\u00e9liorent \u00e9galement l\u2019efficacit\u00e9 en cr\u00e9ant des zones de travail bien d\u00e9finies et agr\u00e9ables.Qu&rsquo;il s&rsquo;agisse d&rsquo;une refonte compl\u00e8te ou de l&rsquo;ajout de quelques cloisons, nous vous proposons une solution sur mesure qui transforme votre bureau.N&rsquo;attendez plus et <a href=\"https:\/\/eurobox.be\/contact\/\">contactez-nous<\/a> pour un devis d\u00e9taill\u00e9 pour vos murs int\u00e9rieurs industriels.[\/vc_column_text][\/vc_column][\/vc_row][vc_row type=\u00a0\u00bbfull_width_content\u00a0\u00bb full_screen_row_position=\u00a0\u00bbmiddle\u00a0\u00bb bg_color=\u00a0\u00bb#ffffff\u00a0\u00bb scene_position=\u00a0\u00bbcenter\u00a0\u00bb text_color=\u00a0\u00bbdark\u00a0\u00bb text_align=\u00a0\u00bbleft\u00a0\u00bb overlay_strength=\u00a0\u00bb0.3&Prime; shape_divider_position=\u00a0\u00bbbottom\u00a0\u00bb][vc_column column_padding=\u00a0\u00bbpadding-3-percent\u00a0\u00bb column_padding_position=\u00a0\u00bball\u00a0\u00bb background_color_opacity=\u00a0\u00bb1&Prime; background_color_hover=\u00a0\u00bb#f9f9f9&Prime; background_hover_color_opacity=\u00a0\u00bb1&Prime; column_shadow=\u00a0\u00bbnone\u00a0\u00bb column_border_radius=\u00a0\u00bbnone\u00a0\u00bb width=\u00a0\u00bb1\/3&Prime; tablet_text_alignment=\u00a0\u00bbdefault\u00a0\u00bb phone_text_alignment=\u00a0\u00bbdefault\u00a0\u00bb column_border_width=\u00a0\u00bbnone\u00a0\u00bb column_border_style=\u00a0\u00bbsolid\u00a0\u00bb][vc_row_inner column_margin=\u00a0\u00bbdefault\u00a0\u00bb text_align=\u00a0\u00bbleft\u00a0\u00bb][vc_column_inner enable_animation=\u00a0\u00bbtrue\u00a0\u00bb animation=\u00a0\u00bbfade-in-from-bottom\u00a0\u00bb column_padding=\u00a0\u00bbno-extra-padding\u00a0\u00bb column_padding_position=\u00a0\u00bball\u00a0\u00bb background_color_opacity=\u00a0\u00bb1&Prime; background_hover_color_opacity=\u00a0\u00bb1&Prime; column_shadow=\u00a0\u00bbnone\u00a0\u00bb column_border_radius=\u00a0\u00bbnone\u00a0\u00bb width=\u00a0\u00bb1\/1&Prime; column_border_width=\u00a0\u00bbnone\u00a0\u00bb column_border_style=\u00a0\u00bbsolid\u00a0\u00bb column_link=\u00a0\u00bbhttps:\/\/eurobox.be\/interieurbouw\/industriele-afwerking\/cleanrooms-flush-wanden\/\u00a0\u00bb][image_with_animation image_url=\u00a0\u00bb1675&Prime; alignment=\u00a0\u00bbcenter\u00a0\u00bb animation=\u00a0\u00bbFade In\u00a0\u00bb border_radius=\u00a0\u00bbnone\u00a0\u00bb box_shadow=\u00a0\u00bbnone\u00a0\u00bb max_width=\u00a0\u00bb100%\u00a0\u00bb el_class=\u00a0\u00bbwandenAfbeelding\u00a0\u00bb][vc_column_text css=\u00a0\u00bb.vc_custom_1563632240647{padding-top: 18px !important;}\u00a0\u00bb]\n<h3><span style=\"color: #e4e4e4;\">1.<\/span> Salles blanches et parois affleurantes<\/h3>\n<p>G\u00e9n\u00e9ralement dans le secteur \u00e9lectronique, pharmaceutique ou m\u00e9dical, dans la construction en acier de haute qualit\u00e9 et autres, nous construisons des espaces sans poussi\u00e8re avec nos parois du syst\u00e8me Eurobox.<\/p>\n<div id=\"ConnectiveDocSignExtentionInstalled\" data-extension-version=\"1.0.4\"><\/div>\n<div id=\"ConnectiveDocSignExtentionInstalled\" data-extension-version=\"1.0.4\"><\/div>\n[\/vc_column_text][\/vc_column_inner][\/vc_row_inner][\/vc_column][vc_column column_padding=\u00a0\u00bbpadding-3-percent\u00a0\u00bb column_padding_position=\u00a0\u00bball\u00a0\u00bb background_color_opacity=\u00a0\u00bb1&Prime; background_color_hover=\u00a0\u00bb#f9f9f9&Prime; background_hover_color_opacity=\u00a0\u00bb1&Prime; column_shadow=\u00a0\u00bbnone\u00a0\u00bb column_border_radius=\u00a0\u00bbnone\u00a0\u00bb width=\u00a0\u00bb1\/3&Prime; tablet_text_alignment=\u00a0\u00bbdefault\u00a0\u00bb phone_text_alignment=\u00a0\u00bbdefault\u00a0\u00bb column_border_width=\u00a0\u00bbnone\u00a0\u00bb column_border_style=\u00a0\u00bbsolid\u00a0\u00bb][vc_row_inner column_margin=\u00a0\u00bbdefault\u00a0\u00bb text_align=\u00a0\u00bbleft\u00a0\u00bb][vc_column_inner enable_animation=\u00a0\u00bbtrue\u00a0\u00bb animation=\u00a0\u00bbfade-in-from-bottom\u00a0\u00bb column_padding=\u00a0\u00bbno-extra-padding\u00a0\u00bb column_padding_position=\u00a0\u00bball\u00a0\u00bb background_color_opacity=\u00a0\u00bb1&Prime; background_hover_color_opacity=\u00a0\u00bb1&Prime; column_shadow=\u00a0\u00bbnone\u00a0\u00bb column_border_radius=\u00a0\u00bbnone\u00a0\u00bb width=\u00a0\u00bb1\/1&Prime; column_border_width=\u00a0\u00bbnone\u00a0\u00bb column_border_style=\u00a0\u00bbsolid\u00a0\u00bb column_link=\u00a0\u00bbhttps:\/\/eurobox.be\/interieurbouw\/industriele-afwerking\/glazen-wanden-2\/\u00a0\u00bb][image_with_animation image_url=\u00a0\u00bb1677&Prime; alignment=\u00a0\u00bbcenter\u00a0\u00bb animation=\u00a0\u00bbFade In\u00a0\u00bb border_radius=\u00a0\u00bbnone\u00a0\u00bb box_shadow=\u00a0\u00bbnone\u00a0\u00bb max_width=\u00a0\u00bb100%\u00a0\u00bb el_class=\u00a0\u00bbwandenAfbeelding\u00a0\u00bb][vc_column_text css=\u00a0\u00bb.vc_custom_1563632283954{padding-top: 18px !important;}\u00a0\u00bb]\n<h3><span style=\"color: #e4e4e4;\">2.<\/span> <span lang=\"NL-BE\">Murs de verre <\/span><\/h3>\n<p class=\"vc_custom_heading\">Le verre donne de l&rsquo;apparence. Les murs enti\u00e8rement vitr\u00e9s offrent un aspect moderne avec une atmosph\u00e8re de travail agr\u00e9able. <\/p>\n<div id=\"ConnectiveDocSignExtentionInstalled\" data-extension-version=\"1.0.4\"><\/div>\n<div id=\"ConnectiveDocSignExtentionInstalled\" data-extension-version=\"1.0.4\"><\/div>\n[\/vc_column_text][\/vc_column_inner][\/vc_row_inner][\/vc_column][vc_column column_padding=\u00a0\u00bbpadding-3-percent\u00a0\u00bb column_padding_position=\u00a0\u00bball\u00a0\u00bb background_color_opacity=\u00a0\u00bb1&Prime; background_color_hover=\u00a0\u00bb#f9f9f9&Prime; background_hover_color_opacity=\u00a0\u00bb1&Prime; column_shadow=\u00a0\u00bbnone\u00a0\u00bb column_border_radius=\u00a0\u00bbnone\u00a0\u00bb width=\u00a0\u00bb1\/3&Prime; tablet_text_alignment=\u00a0\u00bbdefault\u00a0\u00bb phone_text_alignment=\u00a0\u00bbdefault\u00a0\u00bb column_border_width=\u00a0\u00bbnone\u00a0\u00bb column_border_style=\u00a0\u00bbsolid\u00a0\u00bb][vc_row_inner column_margin=\u00a0\u00bbdefault\u00a0\u00bb text_align=\u00a0\u00bbleft\u00a0\u00bb][vc_column_inner enable_animation=\u00a0\u00bbtrue\u00a0\u00bb animation=\u00a0\u00bbfade-in-from-bottom\u00a0\u00bb column_padding=\u00a0\u00bbno-extra-padding\u00a0\u00bb column_padding_position=\u00a0\u00bball\u00a0\u00bb background_color_opacity=\u00a0\u00bb1&Prime; background_hover_color_opacity=\u00a0\u00bb1&Prime; column_shadow=\u00a0\u00bbnone\u00a0\u00bb column_border_radius=\u00a0\u00bbnone\u00a0\u00bb width=\u00a0\u00bb1\/1&Prime; column_border_width=\u00a0\u00bbnone\u00a0\u00bb column_border_style=\u00a0\u00bbsolid\u00a0\u00bb column_link=\u00a0\u00bbhttps:\/\/eurobox.be\/interieurbouw\/industriele-afwerking\/gaasdraad-wanden-2\/\u00a0\u00bb][image_with_animation image_url=\u00a0\u00bb1680&Prime; alignment=\u00a0\u00bbcenter\u00a0\u00bb animation=\u00a0\u00bbFade In\u00a0\u00bb border_radius=\u00a0\u00bbnone\u00a0\u00bb box_shadow=\u00a0\u00bbnone\u00a0\u00bb max_width=\u00a0\u00bb100%\u00a0\u00bb el_class=\u00a0\u00bbwandenAfbeelding\u00a0\u00bb][vc_column_text css=\u00a0\u00bb.vc_custom_1563632335023{padding-top: 18px !important;}\u00a0\u00bb]\n<h3><span style=\"color: #e4e4e4;\">3.<\/span> Murs grillag\u00e9s<\/h3>\n<p class=\"vc_custom_heading\">Nous r\u00e9alisons des enceintes de machines, des cloisons l\u00e9g\u00e8res et \u00e9conomiques avec des parois grillag\u00e9es.<\/p>\n<div id=\"ConnectiveDocSignExtentionInstalled\" data-extension-version=\"1.0.4\"><\/div>\n<div id=\"ConnectiveDocSignExtentionInstalled\" data-extension-version=\"1.0.4\"><\/div>\n[\/vc_column_text][\/vc_column_inner][\/vc_row_inner][\/vc_column][\/vc_row]\n","protected":false},"excerpt":{"rendered":"<p>[vc_row type=\u00a0\u00bbin_container\u00a0\u00bb full_screen_row_position=\u00a0\u00bbmiddle\u00a0\u00bb scene_position=\u00a0\u00bbcenter\u00a0\u00bb text_color=\u00a0\u00bbdark\u00a0\u00bb text_align=\u00a0\u00bbleft\u00a0\u00bb top_padding=\u00a0\u00bb5%\u00a0\u00bb bottom_padding=\u00a0\u00bb2%\u00a0\u00bb overlay_strength=\u00a0\u00bb0.3&Prime; shape_divider_position=\u00a0\u00bbbottom\u00a0\u00bb shape_type=\u00a0\u00bb\u00a0\u00bb][vc_column column_padding=\u00a0\u00bbno-extra-padding\u00a0\u00bb column_padding_position=\u00a0\u00bball\u00a0\u00bb background_color_opacity=\u00a0\u00bb1&Prime; background_hover_color_opacity=\u00a0\u00bb1&Prime; column_shadow=\u00a0\u00bbnone\u00a0\u00bb column_border_radius=\u00a0\u00bbnone\u00a0\u00bb width=\u00a0\u00bb1\/1&Prime; tablet_text_alignment=\u00a0\u00bbdefault\u00a0\u00bb phone_text_alignment=\u00a0\u00bbdefault\u00a0\u00bb column_border_width=\u00a0\u00bbnone\u00a0\u00bb column_border_style=\u00a0\u00bbsolid\u00a0\u00bb][vc_custom_heading text=\u00a0\u00bbAm\u00e9nagement int\u00e9rieur\u00a0\u00bb font_container=\u00a0\u00bbtag:h5|text_align:center|color:%23bfbfbf\u00a0\u00bb use_theme_fonts=\u00a0\u00bbyes\u00a0\u00bb css=\u00a0\u00bb.vc_custom_1563629846080{margin-bottom: 10px !important;}\u00a0\u00bb][vc_custom_heading text=\u00a0\u00bbCloisons&#8230;<\/p>\n","protected":false},"author":1,"featured_media":0,"parent":5465,"menu_order":0,"comment_status":"closed","ping_status":"closed","template":"","meta":{"footnotes":""},"class_list":["post-5735","page","type-page","status-publish"],"yoast_head":"<!-- This site is optimized with the Yoast SEO plugin v27.4 - https:\/\/yoast.com\/product\/yoast-seo-wordpress\/ -->\n<title>Cloisons de s\u00e9paration pour bureaux<\/title>\n<meta name=\"description\" content=\"Vous recherchez des cloisons de s\u00e9paration pour meubler un bureau ? Nous disposons d\u2019une large gamme de murs syst\u00e8me. Contactez-nous pour une solution sur mesure !\" \/>\n<meta name=\"robots\" content=\"index, follow, max-snippet:-1, max-image-preview:large, max-video-preview:-1\" \/>\n<link rel=\"canonical\" href=\"https:\/\/eurobox.be\/fr\/amenagement-interieur\/cloisons-de-separation\/\" \/>\n<meta property=\"og:locale\" content=\"fr_FR\" \/>\n<meta property=\"og:type\" content=\"article\" \/>\n<meta property=\"og:title\" content=\"Cloisons de s\u00e9paration pour bureaux\" \/>\n<meta property=\"og:description\" content=\"Vous recherchez des cloisons de s\u00e9paration pour meubler un bureau ? Nous disposons d\u2019une large gamme de murs syst\u00e8me. Contactez-nous pour une solution sur mesure !\" \/>\n<meta property=\"og:url\" content=\"https:\/\/eurobox.be\/fr\/amenagement-interieur\/cloisons-de-separation\/\" \/>\n<meta property=\"og:site_name\" content=\"Eurobox\" \/>\n<meta property=\"article:modified_time\" content=\"2025-01-17T05:47:08+00:00\" \/>\n<meta name=\"twitter:card\" content=\"summary_large_image\" \/>\n<meta name=\"twitter:label1\" content=\"Dur\u00e9e de lecture estim\u00e9e\" \/>\n\t<meta name=\"twitter:data1\" content=\"6 minutes\" \/>\n<script type=\"application\/ld+json\" class=\"yoast-schema-graph\">{\"@context\":\"https:\\\/\\\/schema.org\",\"@graph\":[{\"@type\":\"WebPage\",\"@id\":\"https:\\\/\\\/eurobox.be\\\/fr\\\/amenagement-interieur\\\/cloisons-de-separation\\\/\",\"url\":\"https:\\\/\\\/eurobox.be\\\/fr\\\/amenagement-interieur\\\/cloisons-de-separation\\\/\",\"name\":\"Cloisons de s\u00e9paration pour bureaux\",\"isPartOf\":{\"@id\":\"https:\\\/\\\/eurobox.be\\\/fr\\\/#website\"},\"datePublished\":\"2018-12-13T22:49:39+00:00\",\"dateModified\":\"2025-01-17T05:47:08+00:00\",\"description\":\"Vous recherchez des cloisons de s\u00e9paration pour meubler un bureau ? Nous disposons d\u2019une large gamme de murs syst\u00e8me. Contactez-nous pour une solution sur mesure !\",\"breadcrumb\":{\"@id\":\"https:\\\/\\\/eurobox.be\\\/fr\\\/amenagement-interieur\\\/cloisons-de-separation\\\/#breadcrumb\"},\"inLanguage\":\"fr-FR\",\"potentialAction\":[{\"@type\":\"ReadAction\",\"target\":[\"https:\\\/\\\/eurobox.be\\\/fr\\\/amenagement-interieur\\\/cloisons-de-separation\\\/\"]}]},{\"@type\":\"BreadcrumbList\",\"@id\":\"https:\\\/\\\/eurobox.be\\\/fr\\\/amenagement-interieur\\\/cloisons-de-separation\\\/#breadcrumb\",\"itemListElement\":[{\"@type\":\"ListItem\",\"position\":1,\"name\":\"Home\",\"item\":\"https:\\\/\\\/eurobox.be\\\/fr\\\/maison\\\/\"},{\"@type\":\"ListItem\",\"position\":2,\"name\":\"Am\u00e9nagement int\u00e9rieur\",\"item\":\"https:\\\/\\\/eurobox.be\\\/fr\\\/amenagement-interieur\\\/\"},{\"@type\":\"ListItem\",\"position\":3,\"name\":\"Cloisons de s\u00e9paration\"}]},{\"@type\":\"WebSite\",\"@id\":\"https:\\\/\\\/eurobox.be\\\/fr\\\/#website\",\"url\":\"https:\\\/\\\/eurobox.be\\\/fr\\\/\",\"name\":\"Eurobox\",\"description\":\"Industrial Space Planners\",\"publisher\":{\"@id\":\"https:\\\/\\\/eurobox.be\\\/fr\\\/#organization\"},\"potentialAction\":[{\"@type\":\"SearchAction\",\"target\":{\"@type\":\"EntryPoint\",\"urlTemplate\":\"https:\\\/\\\/eurobox.be\\\/fr\\\/?s={search_term_string}\"},\"query-input\":{\"@type\":\"PropertyValueSpecification\",\"valueRequired\":true,\"valueName\":\"search_term_string\"}}],\"inLanguage\":\"fr-FR\"},{\"@type\":\"Organization\",\"@id\":\"https:\\\/\\\/eurobox.be\\\/fr\\\/#organization\",\"name\":\"Eurobox Continental\",\"url\":\"https:\\\/\\\/eurobox.be\\\/fr\\\/\",\"logo\":{\"@type\":\"ImageObject\",\"inLanguage\":\"fr-FR\",\"@id\":\"https:\\\/\\\/eurobox.be\\\/fr\\\/#\\\/schema\\\/logo\\\/image\\\/\",\"url\":\"https:\\\/\\\/eurobox.be\\\/wp-content\\\/uploads\\\/2019\\\/01\\\/eurboxlogo.png\",\"contentUrl\":\"https:\\\/\\\/eurobox.be\\\/wp-content\\\/uploads\\\/2019\\\/01\\\/eurboxlogo.png\",\"width\":1200,\"height\":1200,\"caption\":\"Eurobox Continental\"},\"image\":{\"@id\":\"https:\\\/\\\/eurobox.be\\\/fr\\\/#\\\/schema\\\/logo\\\/image\\\/\"}}]}<\/script>\n<!-- \/ Yoast SEO plugin. -->","yoast_head_json":{"title":"Cloisons de s\u00e9paration pour bureaux","description":"Vous recherchez des cloisons de s\u00e9paration pour meubler un bureau ? Nous disposons d\u2019une large gamme de murs syst\u00e8me. Contactez-nous pour une solution sur mesure !","robots":{"index":"index","follow":"follow","max-snippet":"max-snippet:-1","max-image-preview":"max-image-preview:large","max-video-preview":"max-video-preview:-1"},"canonical":"https:\/\/eurobox.be\/fr\/amenagement-interieur\/cloisons-de-separation\/","og_locale":"fr_FR","og_type":"article","og_title":"Cloisons de s\u00e9paration pour bureaux","og_description":"Vous recherchez des cloisons de s\u00e9paration pour meubler un bureau ? Nous disposons d\u2019une large gamme de murs syst\u00e8me. Contactez-nous pour une solution sur mesure !","og_url":"https:\/\/eurobox.be\/fr\/amenagement-interieur\/cloisons-de-separation\/","og_site_name":"Eurobox","article_modified_time":"2025-01-17T05:47:08+00:00","twitter_card":"summary_large_image","twitter_misc":{"Dur\u00e9e de lecture estim\u00e9e":"6 minutes"},"schema":{"@context":"https:\/\/schema.org","@graph":[{"@type":"WebPage","@id":"https:\/\/eurobox.be\/fr\/amenagement-interieur\/cloisons-de-separation\/","url":"https:\/\/eurobox.be\/fr\/amenagement-interieur\/cloisons-de-separation\/","name":"Cloisons de s\u00e9paration pour bureaux","isPartOf":{"@id":"https:\/\/eurobox.be\/fr\/#website"},"datePublished":"2018-12-13T22:49:39+00:00","dateModified":"2025-01-17T05:47:08+00:00","description":"Vous recherchez des cloisons de s\u00e9paration pour meubler un bureau ? Nous disposons d\u2019une large gamme de murs syst\u00e8me. Contactez-nous pour une solution sur mesure !","breadcrumb":{"@id":"https:\/\/eurobox.be\/fr\/amenagement-interieur\/cloisons-de-separation\/#breadcrumb"},"inLanguage":"fr-FR","potentialAction":[{"@type":"ReadAction","target":["https:\/\/eurobox.be\/fr\/amenagement-interieur\/cloisons-de-separation\/"]}]},{"@type":"BreadcrumbList","@id":"https:\/\/eurobox.be\/fr\/amenagement-interieur\/cloisons-de-separation\/#breadcrumb","itemListElement":[{"@type":"ListItem","position":1,"name":"Home","item":"https:\/\/eurobox.be\/fr\/maison\/"},{"@type":"ListItem","position":2,"name":"Am\u00e9nagement int\u00e9rieur","item":"https:\/\/eurobox.be\/fr\/amenagement-interieur\/"},{"@type":"ListItem","position":3,"name":"Cloisons de s\u00e9paration"}]},{"@type":"WebSite","@id":"https:\/\/eurobox.be\/fr\/#website","url":"https:\/\/eurobox.be\/fr\/","name":"Eurobox","description":"Industrial Space Planners","publisher":{"@id":"https:\/\/eurobox.be\/fr\/#organization"},"potentialAction":[{"@type":"SearchAction","target":{"@type":"EntryPoint","urlTemplate":"https:\/\/eurobox.be\/fr\/?s={search_term_string}"},"query-input":{"@type":"PropertyValueSpecification","valueRequired":true,"valueName":"search_term_string"}}],"inLanguage":"fr-FR"},{"@type":"Organization","@id":"https:\/\/eurobox.be\/fr\/#organization","name":"Eurobox Continental","url":"https:\/\/eurobox.be\/fr\/","logo":{"@type":"ImageObject","inLanguage":"fr-FR","@id":"https:\/\/eurobox.be\/fr\/#\/schema\/logo\/image\/","url":"https:\/\/eurobox.be\/wp-content\/uploads\/2019\/01\/eurboxlogo.png","contentUrl":"https:\/\/eurobox.be\/wp-content\/uploads\/2019\/01\/eurboxlogo.png","width":1200,"height":1200,"caption":"Eurobox Continental"},"image":{"@id":"https:\/\/eurobox.be\/fr\/#\/schema\/logo\/image\/"}}]}},"_links":{"self":[{"href":"https:\/\/eurobox.be\/fr\/wp-json\/wp\/v2\/pages\/5735","targetHints":{"allow":["GET"]}}],"collection":[{"href":"https:\/\/eurobox.be\/fr\/wp-json\/wp\/v2\/pages"}],"about":[{"href":"https:\/\/eurobox.be\/fr\/wp-json\/wp\/v2\/types\/page"}],"author":[{"embeddable":true,"href":"https:\/\/eurobox.be\/fr\/wp-json\/wp\/v2\/users\/1"}],"replies":[{"embeddable":true,"href":"https:\/\/eurobox.be\/fr\/wp-json\/wp\/v2\/comments?post=5735"}],"version-history":[{"count":0,"href":"https:\/\/eurobox.be\/fr\/wp-json\/wp\/v2\/pages\/5735\/revisions"}],"up":[{"embeddable":true,"href":"https:\/\/eurobox.be\/fr\/wp-json\/wp\/v2\/pages\/5465"}],"wp:attachment":[{"href":"https:\/\/eurobox.be\/fr\/wp-json\/wp\/v2\/media?parent=5735"}],"curies":[{"name":"wp","href":"https:\/\/api.w.org\/{rel}","templated":true}]}}