{"id":5584,"date":"2018-12-12T10:48:55","date_gmt":"2018-12-12T10:48:55","guid":{"rendered":"https:\/\/eurobox.be\/amenagement-interieur\/finition-industrielle\/salles-blanches-et-murs-affleurants\/"},"modified":"2025-01-15T17:11:40","modified_gmt":"2025-01-15T17:11:40","slug":"salles-blanches-et-murs-affleurants","status":"publish","type":"page","link":"https:\/\/eurobox.be\/fr\/amenagement-interieur\/finition-industrielle\/salles-blanches-et-murs-affleurants\/","title":{"rendered":"Salles blanches et murs affleurants"},"content":{"rendered":"[vc_row type=\u00a0\u00bbfull_width_background\u00a0\u00bb full_screen_row_position=\u00a0\u00bbmiddle\u00a0\u00bb equal_height=\u00a0\u00bbyes\u00a0\u00bb content_placement=\u00a0\u00bbmiddle\u00a0\u00bb scene_position=\u00a0\u00bbcenter\u00a0\u00bb text_color=\u00a0\u00bbdark\u00a0\u00bb text_align=\u00a0\u00bbleft\u00a0\u00bb overlay_strength=\u00a0\u00bb0.3&Prime; shape_divider_position=\u00a0\u00bbbottom\u00a0\u00bb shape_type=\u00a0\u00bb\u00a0\u00bb][vc_column column_padding=\u00a0\u00bbno-extra-padding\u00a0\u00bb column_padding_position=\u00a0\u00bbleft-right\u00a0\u00bb background_color_opacity=\u00a0\u00bb1&Prime; background_hover_color_opacity=\u00a0\u00bb1&Prime; column_shadow=\u00a0\u00bbnone\u00a0\u00bb column_border_radius=\u00a0\u00bbnone\u00a0\u00bb top_margin=\u00a0\u00bb2%\u00a0\u00bb bottom_margin=\u00a0\u00bb2%\u00a0\u00bb width=\u00a0\u00bb1\/2&Prime; tablet_text_alignment=\u00a0\u00bbdefault\u00a0\u00bb phone_text_alignment=\u00a0\u00bbdefault\u00a0\u00bb column_border_width=\u00a0\u00bbnone\u00a0\u00bb column_border_style=\u00a0\u00bbsolid\u00a0\u00bb][vc_custom_heading text=\u00a0\u00bbSalle blanche\u00a0\u00bb font_container=\u00a0\u00bbtag:h1|text_align:left|color:%23002153&Prime; use_theme_fonts=\u00a0\u00bbyes\u00a0\u00bb][vc_custom_heading text=\u00a0\u00bbUne salle blanche est un environnement de travail extr\u00eamement propre, sp\u00e9cialement con\u00e7u pour minimiser ou, si possible, \u00e9liminer compl\u00e8tement la contamination lors des processus de production ou des activit\u00e9s de recherche. Chez Eurobox Continental \u00e0 Wijnegem, nous disposons d&apos;une large gamme de murs adapt\u00e9s \u00e0 la cr\u00e9ation d&apos;une salle blanche pour diff\u00e9rents secteurs. \u00a0\u00bb font_container=\u00a0\u00bbtag:p|text_align:left|color:rgba(10%2C10%2C10%2C0.6)\u00a0\u00bb use_theme_fonts=\u00a0\u00bbyes\u00a0\u00bb][vc_custom_heading text=\u00a0\u00bbChoisissez une salle blanche aux murs affleurants\u00a0\u00bb font_container=\u00a0\u00bbtag:h2|text_align:left|color:%23002153&Prime; use_theme_fonts=\u00a0\u00bbyes\u00a0\u00bb css=\u00a0\u00bb.vc_custom_1680695348698{margin-top: 20px !important;}\u00a0\u00bb][vc_column_text]Une salle blanche ou un espace sans poussi\u00e8re facilite souvent le processus de production de nos clients. Nous construisons des espaces sans poussi\u00e8re avec <a href=\"https:\/\/eurobox.be\/interieurbouw\/scheidingswanden\/\">nos parois syst\u00e8me<\/a> sp\u00e9cialement pour le secteur \u00e9lectronique, pharmaceutique ou m\u00e9dical et pour la construction en acier de haute qualit\u00e9. Si n\u00e9cessaire, nous utilisons des panneaux isolants ou nos murs affleurants que nous avons sp\u00e9cialement d\u00e9velopp\u00e9s \u00e0 cet effet.Ces murs ont une structure plate et uniforme, ce qui les rend id\u00e9aux pour votre salle blanche.Cela garantit une accumulation minimale de poussi\u00e8re.En plus des murs pour salles blanches, nous proposons divers autres types de produits pour <a href=\"https:\/\/eurobox.be\/interieurbouw\/\">l&rsquo;am\u00e9nagement de bureaux et d&rsquo;espaces industriels<\/a>.Consid\u00e9rez, par exemple :      <\/p>\n<ul>\n<li><a href=\"https:\/\/eurobox.be\/industriele-voorzetwanden\/\">Faux murs industriels<\/a><\/li>\n<li><a href=\"https:\/\/eurobox.be\/prefabkantoorunit\/\">Unit\u00e9s de bureau pr\u00e9fabriqu\u00e9es<\/a><\/li>\n<li><a href=\"https:\/\/eurobox.be\/interieurbouw\/kantoren-met-uitstraling\/\">Murs de salle de conf\u00e9rence<\/a><\/li>\n<\/ul>\n<p>Dans <a href=\"https:\/\/eurobox.be\/fr\/\">notre magasin sp\u00e9cialis\u00e9 en murs<\/a>, nous discutons des options les mieux adapt\u00e9es \u00e0 votre situation.[\/vc_column_text][\/vc_column][vc_column column_padding=\u00a0\u00bbpadding-2-percent\u00a0\u00bb column_padding_position=\u00a0\u00bbtop-bottom\u00a0\u00bb background_color_opacity=\u00a0\u00bb1&Prime; background_hover_color_opacity=\u00a0\u00bb1&Prime; column_shadow=\u00a0\u00bbnone\u00a0\u00bb column_border_radius=\u00a0\u00bbnone\u00a0\u00bb width=\u00a0\u00bb1\/2&Prime; tablet_text_alignment=\u00a0\u00bbdefault\u00a0\u00bb phone_text_alignment=\u00a0\u00bbdefault\u00a0\u00bb column_border_width=\u00a0\u00bbnone\u00a0\u00bb column_border_style=\u00a0\u00bbsolid\u00a0\u00bb][image_with_animation image_url=\u00a0\u00bb1675&Prime; alignment=\u00a0\u00bb\u00a0\u00bb animation=\u00a0\u00bbFade In\u00a0\u00bb border_radius=\u00a0\u00bbnone\u00a0\u00bb box_shadow=\u00a0\u00bbnone\u00a0\u00bb max_width=\u00a0\u00bb100%\u00a0\u00bb][\/vc_column][\/vc_row][vc_row type=\u00a0\u00bbfull_width_background\u00a0\u00bb full_screen_row_position=\u00a0\u00bbmiddle\u00a0\u00bb equal_height=\u00a0\u00bbyes\u00a0\u00bb content_placement=\u00a0\u00bbmiddle\u00a0\u00bb bg_color=\u00a0\u00bb#f4f4f4&Prime; scene_position=\u00a0\u00bbcenter\u00a0\u00bb text_color=\u00a0\u00bblight\u00a0\u00bb text_align=\u00a0\u00bbleft\u00a0\u00bb id=\u00a0\u00bbctaContact\u00a0\u00bb overlay_strength=\u00a0\u00bb0.3&Prime; shape_divider_position=\u00a0\u00bbbottom\u00a0\u00bb shape_type=\u00a0\u00bb\u00a0\u00bb][vc_column column_padding=\u00a0\u00bbno-extra-padding\u00a0\u00bb column_padding_position=\u00a0\u00bball\u00a0\u00bb background_color_opacity=\u00a0\u00bb1&Prime; background_hover_color_opacity=\u00a0\u00bb1&Prime; column_shadow=\u00a0\u00bbnone\u00a0\u00bb column_border_radius=\u00a0\u00bbnone\u00a0\u00bb top_margin=\u00a0\u00bb60&Prime; bottom_margin=\u00a0\u00bb60&Prime; width=\u00a0\u00bb1\/1&Prime; tablet_text_alignment=\u00a0\u00bbcenter\u00a0\u00bb phone_text_alignment=\u00a0\u00bbcenter\u00a0\u00bb column_border_width=\u00a0\u00bbnone\u00a0\u00bb column_border_style=\u00a0\u00bbsolid\u00a0\u00bb offset=\u00a0\u00bbvc_hidden-sm vc_hidden-xs\u00a0\u00bb][vc_row_inner content_placement=\u00a0\u00bbmiddle\u00a0\u00bb column_margin=\u00a0\u00bbdefault\u00a0\u00bb text_align=\u00a0\u00bbleft\u00a0\u00bb class=\u00a0\u00bbCTAContact\u00a0\u00bb][vc_column_inner column_padding=\u00a0\u00bbpadding-3-percent\u00a0\u00bb column_padding_position=\u00a0\u00bball\u00a0\u00bb background_color_opacity=\u00a0\u00bb1&Prime; background_hover_color_opacity=\u00a0\u00bb1&Prime; column_shadow=\u00a0\u00bbnone\u00a0\u00bb column_border_radius=\u00a0\u00bbnone\u00a0\u00bb width=\u00a0\u00bb2\/3&Prime; column_border_width=\u00a0\u00bbnone\u00a0\u00bb column_border_style=\u00a0\u00bbsolid\u00a0\u00bb][vc_custom_heading text=\u00a0\u00bbDemandez votre devis imm\u00e9diatement\u00a0\u00bb font_container=\u00a0\u00bbtag:h3|text_align:left|color:%23002153&Prime; use_theme_fonts=\u00a0\u00bbyes\u00a0\u00bb][vc_column_text]\n<p style=\"color: black;\">Pensez-vous qu\u2019une salle blanche \u00e0 parois plates serait utile dans votre organisation ? Veuillez contacter rapidement nos collaborateurs experts et demander <a href=\"https:\/\/eurobox.be\/offerte\/\">imm\u00e9diatement un devis<\/a>. Avez-vous des questions ou des commentaires sp\u00e9cifiques? Alors appelez-nous au <a href=\"tel:00323537181\">+32-(0)3 353 71 81<\/a> ou envoyez un e-mail \u00e0 <a href=\"mailto:info@eurobox.be\">info@eurobox.be<\/a>. Nous sommes heureux de vous aider et de vous dire tout ce que vous devez savoir sur notre salle blanche sp\u00e9ciale avec des parois amovibles pratiques.N&rsquo;h\u00e9sitez pas \u00e0 jeter un \u0153il \u00e0 <a href=\"https:\/\/eurobox.be\/interieurbouw\/realisaties\/\">nos projets d\u00e9j\u00e0 r\u00e9alis\u00e9s<\/a> pour avoir une meilleure id\u00e9e de ce que nous pouvons faire pour vous.     <\/p>\n[\/vc_column_text][\/vc_column_inner][vc_column_inner column_padding=\u00a0\u00bbpadding-3-percent\u00a0\u00bb column_padding_position=\u00a0\u00bball\u00a0\u00bb centered_text=\u00a0\u00bbtrue\u00a0\u00bb background_color_opacity=\u00a0\u00bb1&Prime; background_hover_color_opacity=\u00a0\u00bb1&Prime; column_shadow=\u00a0\u00bbnone\u00a0\u00bb column_border_radius=\u00a0\u00bbnone\u00a0\u00bb width=\u00a0\u00bb1\/3&Prime; column_border_width=\u00a0\u00bbnone\u00a0\u00bb column_border_style=\u00a0\u00bbsolid\u00a0\u00bb][nectar_btn size=\u00a0\u00bblarge\u00a0\u00bb button_style=\u00a0\u00bbsee-through-2&Prime; color_override=\u00a0\u00bb#002153&Prime; hover_text_color_override=\u00a0\u00bb#ffffff\u00a0\u00bb icon_family=\u00a0\u00bbnone\u00a0\u00bb url=\u00a0\u00bbhttps:\/\/eurobox.be\/contact\/\u00a0\u00bb text=\u00a0\u00bbContactez-nous\u00a0\u00bb margin_top=\u00a0\u00bb50&Prime;][\/vc_column_inner][\/vc_row_inner][\/vc_column][\/vc_row][vc_row type=\u00a0\u00bbfull_width_background\u00a0\u00bb full_screen_row_position=\u00a0\u00bbmiddle\u00a0\u00bb equal_height=\u00a0\u00bbyes\u00a0\u00bb content_placement=\u00a0\u00bbmiddle\u00a0\u00bb bg_color=\u00a0\u00bb#f4f4f4&Prime; scene_position=\u00a0\u00bbcenter\u00a0\u00bb text_color=\u00a0\u00bblight\u00a0\u00bb text_align=\u00a0\u00bbleft\u00a0\u00bb id=\u00a0\u00bbctaContact\u00a0\u00bb overlay_strength=\u00a0\u00bb0.3&Prime; shape_divider_position=\u00a0\u00bbbottom\u00a0\u00bb shape_type=\u00a0\u00bb\u00a0\u00bb][vc_column column_padding=\u00a0\u00bbno-extra-padding\u00a0\u00bb column_padding_position=\u00a0\u00bball\u00a0\u00bb background_color_opacity=\u00a0\u00bb1&Prime; background_hover_color_opacity=\u00a0\u00bb1&Prime; column_shadow=\u00a0\u00bbnone\u00a0\u00bb column_border_radius=\u00a0\u00bbnone\u00a0\u00bb top_margin=\u00a0\u00bb25&Prime; bottom_margin=\u00a0\u00bb25&Prime; width=\u00a0\u00bb1\/1&Prime; tablet_text_alignment=\u00a0\u00bbcenter\u00a0\u00bb phone_text_alignment=\u00a0\u00bbcenter\u00a0\u00bb column_border_width=\u00a0\u00bbnone\u00a0\u00bb column_border_style=\u00a0\u00bbsolid\u00a0\u00bb offset=\u00a0\u00bbvc_hidden-lg vc_hidden-md\u00a0\u00bb][vc_row_inner content_placement=\u00a0\u00bbmiddle\u00a0\u00bb column_margin=\u00a0\u00bbdefault\u00a0\u00bb text_align=\u00a0\u00bbleft\u00a0\u00bb class=\u00a0\u00bbCTAContact\u00a0\u00bb][vc_column_inner column_padding=\u00a0\u00bbpadding-3-percent\u00a0\u00bb column_padding_position=\u00a0\u00bball\u00a0\u00bb background_color_opacity=\u00a0\u00bb1&Prime; background_hover_color_opacity=\u00a0\u00bb1&Prime; column_shadow=\u00a0\u00bbnone\u00a0\u00bb column_border_radius=\u00a0\u00bbnone\u00a0\u00bb width=\u00a0\u00bb1\/1&Prime; column_border_width=\u00a0\u00bbnone\u00a0\u00bb column_border_style=\u00a0\u00bbsolid\u00a0\u00bb][vc_custom_heading text=\u00a0\u00bbBesoin de conseils ?\u00a0\u00bb font_container=\u00a0\u00bbtag:h3|text_align:left|color:%23002153&Prime; use_theme_fonts=\u00a0\u00bbyes\u00a0\u00bb][vc_column_text]<span style=\"color: #000000;\">Avez-vous d\u00e9j\u00e0 une id\u00e9e de la fa\u00e7on dont vous souhaitez concevoir une salle blanche ? Ou avez-vous simplement besoin des conseils de sp\u00e9cialistes exp\u00e9riment\u00e9s ? Nous sommes heureux de vous aider. Vous pouvez nous contacter via le num\u00e9ro de t\u00e9l\u00e9phone <a href=\"tel:003233537181\">03\/353 71 81<\/a>.<\/span>[\/vc_column_text][nectar_btn size=\u00a0\u00bblarge\u00a0\u00bb button_style=\u00a0\u00bbsee-through-2&Prime; color_override=\u00a0\u00bb#002153&Prime; hover_text_color_override=\u00a0\u00bb#ffffff\u00a0\u00bb icon_family=\u00a0\u00bbnone\u00a0\u00bb url=\u00a0\u00bbhttps:\/\/eurobox.be\/contact\/\u00a0\u00bb text=\u00a0\u00bbContactez-nous\u00a0\u00bb margin_top=\u00a0\u00bb20&Prime;][\/vc_column_inner][\/vc_row_inner][\/vc_column][\/vc_row]\n","protected":false},"excerpt":{"rendered":"<p>[vc_row type=\u00a0\u00bbfull_width_background\u00a0\u00bb full_screen_row_position=\u00a0\u00bbmiddle\u00a0\u00bb equal_height=\u00a0\u00bbyes\u00a0\u00bb content_placement=\u00a0\u00bbmiddle\u00a0\u00bb scene_position=\u00a0\u00bbcenter\u00a0\u00bb text_color=\u00a0\u00bbdark\u00a0\u00bb text_align=\u00a0\u00bbleft\u00a0\u00bb overlay_strength=\u00a0\u00bb0.3&Prime; shape_divider_position=\u00a0\u00bbbottom\u00a0\u00bb shape_type=\u00a0\u00bb\u00a0\u00bb][vc_column column_padding=\u00a0\u00bbno-extra-padding\u00a0\u00bb column_padding_position=\u00a0\u00bbleft-right\u00a0\u00bb background_color_opacity=\u00a0\u00bb1&Prime; background_hover_color_opacity=\u00a0\u00bb1&Prime; column_shadow=\u00a0\u00bbnone\u00a0\u00bb column_border_radius=\u00a0\u00bbnone\u00a0\u00bb top_margin=\u00a0\u00bb2%\u00a0\u00bb bottom_margin=\u00a0\u00bb2%\u00a0\u00bb width=\u00a0\u00bb1\/2&Prime; tablet_text_alignment=\u00a0\u00bbdefault\u00a0\u00bb phone_text_alignment=\u00a0\u00bbdefault\u00a0\u00bb column_border_width=\u00a0\u00bbnone\u00a0\u00bb column_border_style=\u00a0\u00bbsolid\u00a0\u00bb][vc_custom_heading text=\u00a0\u00bbSalle blanche\u00a0\u00bb font_container=\u00a0\u00bbtag:h1|text_align:left|color:%23002153&Prime; use_theme_fonts=\u00a0\u00bbyes\u00a0\u00bb][vc_custom_heading text=\u00a0\u00bbUne salle&#8230;<\/p>\n","protected":false},"author":1,"featured_media":0,"parent":5394,"menu_order":0,"comment_status":"closed","ping_status":"closed","template":"","meta":{"footnotes":""},"class_list":["post-5584","page","type-page","status-publish"],"yoast_head":"<!-- This site is optimized with the Yoast SEO plugin v23.9 - https:\/\/yoast.com\/wordpress\/plugins\/seo\/ -->\n<title>Salle blanche pour le secteur m\u00e9dical<\/title>\n<meta name=\"description\" content=\"Vous pouvez nous contacter pour une salle blanche, parfaite pour le secteur m\u00e9dical. Contactez les professionnels de notre entreprise et demandez votre devis imm\u00e9diatement.\" \/>\n<meta name=\"robots\" content=\"index, follow, max-snippet:-1, max-image-preview:large, max-video-preview:-1\" \/>\n<link rel=\"canonical\" href=\"https:\/\/eurobox.be\/fr\/amenagement-interieur\/finition-industrielle\/salles-blanches-et-murs-affleurants\/\" \/>\n<meta property=\"og:locale\" content=\"fr_FR\" \/>\n<meta property=\"og:type\" content=\"article\" \/>\n<meta property=\"og:title\" content=\"Salle blanche pour le secteur m\u00e9dical\" \/>\n<meta property=\"og:description\" content=\"Vous pouvez nous contacter pour une salle blanche, parfaite pour le secteur m\u00e9dical. Contactez les professionnels de notre entreprise et demandez votre devis imm\u00e9diatement.\" \/>\n<meta property=\"og:url\" content=\"https:\/\/eurobox.be\/fr\/amenagement-interieur\/finition-industrielle\/salles-blanches-et-murs-affleurants\/\" \/>\n<meta property=\"og:site_name\" content=\"Eurobox\" \/>\n<meta property=\"article:modified_time\" content=\"2025-01-15T17:11:40+00:00\" \/>\n<meta name=\"twitter:card\" content=\"summary_large_image\" \/>\n<meta name=\"twitter:label1\" content=\"Dur\u00e9e de lecture estim\u00e9e\" \/>\n\t<meta name=\"twitter:data1\" content=\"5 minutes\" \/>\n<script type=\"application\/ld+json\" class=\"yoast-schema-graph\">{\"@context\":\"https:\/\/schema.org\",\"@graph\":[{\"@type\":\"WebPage\",\"@id\":\"https:\/\/eurobox.be\/fr\/amenagement-interieur\/finition-industrielle\/salles-blanches-et-murs-affleurants\/\",\"url\":\"https:\/\/eurobox.be\/fr\/amenagement-interieur\/finition-industrielle\/salles-blanches-et-murs-affleurants\/\",\"name\":\"Salle blanche pour le secteur m\u00e9dical\",\"isPartOf\":{\"@id\":\"https:\/\/eurobox.be\/fr\/#website\"},\"datePublished\":\"2018-12-12T10:48:55+00:00\",\"dateModified\":\"2025-01-15T17:11:40+00:00\",\"description\":\"Vous pouvez nous contacter pour une salle blanche, parfaite pour le secteur m\u00e9dical. Contactez les professionnels de notre entreprise et demandez votre devis imm\u00e9diatement.\",\"breadcrumb\":{\"@id\":\"https:\/\/eurobox.be\/fr\/amenagement-interieur\/finition-industrielle\/salles-blanches-et-murs-affleurants\/#breadcrumb\"},\"inLanguage\":\"fr-FR\",\"potentialAction\":[{\"@type\":\"ReadAction\",\"target\":[\"https:\/\/eurobox.be\/fr\/amenagement-interieur\/finition-industrielle\/salles-blanches-et-murs-affleurants\/\"]}]},{\"@type\":\"BreadcrumbList\",\"@id\":\"https:\/\/eurobox.be\/fr\/amenagement-interieur\/finition-industrielle\/salles-blanches-et-murs-affleurants\/#breadcrumb\",\"itemListElement\":[{\"@type\":\"ListItem\",\"position\":1,\"name\":\"Home\",\"item\":\"https:\/\/eurobox.be\/fr\/maison\/\"},{\"@type\":\"ListItem\",\"position\":2,\"name\":\"Am\u00e9nagement int\u00e9rieur\",\"item\":\"https:\/\/eurobox.be\/fr\/amenagement-interieur\/\"},{\"@type\":\"ListItem\",\"position\":3,\"name\":\"Finition industrielle\",\"item\":\"https:\/\/eurobox.be\/fr\/amenagement-interieur\/finition-industrielle\/\"},{\"@type\":\"ListItem\",\"position\":4,\"name\":\"Salles blanches et murs affleurants\"}]},{\"@type\":\"WebSite\",\"@id\":\"https:\/\/eurobox.be\/fr\/#website\",\"url\":\"https:\/\/eurobox.be\/fr\/\",\"name\":\"Eurobox\",\"description\":\"Industrial Space Planners\",\"publisher\":{\"@id\":\"https:\/\/eurobox.be\/fr\/#organization\"},\"potentialAction\":[{\"@type\":\"SearchAction\",\"target\":{\"@type\":\"EntryPoint\",\"urlTemplate\":\"https:\/\/eurobox.be\/fr\/?s={search_term_string}\"},\"query-input\":{\"@type\":\"PropertyValueSpecification\",\"valueRequired\":true,\"valueName\":\"search_term_string\"}}],\"inLanguage\":\"fr-FR\"},{\"@type\":\"Organization\",\"@id\":\"https:\/\/eurobox.be\/fr\/#organization\",\"name\":\"Eurobox Continental\",\"url\":\"https:\/\/eurobox.be\/fr\/\",\"logo\":{\"@type\":\"ImageObject\",\"inLanguage\":\"fr-FR\",\"@id\":\"https:\/\/eurobox.be\/fr\/#\/schema\/logo\/image\/\",\"url\":\"https:\/\/eurobox.be\/wp-content\/uploads\/2019\/01\/eurboxlogo.png\",\"contentUrl\":\"https:\/\/eurobox.be\/wp-content\/uploads\/2019\/01\/eurboxlogo.png\",\"width\":1200,\"height\":1200,\"caption\":\"Eurobox Continental\"},\"image\":{\"@id\":\"https:\/\/eurobox.be\/fr\/#\/schema\/logo\/image\/\"}}]}<\/script>\n<!-- \/ Yoast SEO plugin. -->","yoast_head_json":{"title":"Salle blanche pour le secteur m\u00e9dical","description":"Vous pouvez nous contacter pour une salle blanche, parfaite pour le secteur m\u00e9dical. Contactez les professionnels de notre entreprise et demandez votre devis imm\u00e9diatement.","robots":{"index":"index","follow":"follow","max-snippet":"max-snippet:-1","max-image-preview":"max-image-preview:large","max-video-preview":"max-video-preview:-1"},"canonical":"https:\/\/eurobox.be\/fr\/amenagement-interieur\/finition-industrielle\/salles-blanches-et-murs-affleurants\/","og_locale":"fr_FR","og_type":"article","og_title":"Salle blanche pour le secteur m\u00e9dical","og_description":"Vous pouvez nous contacter pour une salle blanche, parfaite pour le secteur m\u00e9dical. Contactez les professionnels de notre entreprise et demandez votre devis imm\u00e9diatement.","og_url":"https:\/\/eurobox.be\/fr\/amenagement-interieur\/finition-industrielle\/salles-blanches-et-murs-affleurants\/","og_site_name":"Eurobox","article_modified_time":"2025-01-15T17:11:40+00:00","twitter_card":"summary_large_image","twitter_misc":{"Dur\u00e9e de lecture estim\u00e9e":"5 minutes"},"schema":{"@context":"https:\/\/schema.org","@graph":[{"@type":"WebPage","@id":"https:\/\/eurobox.be\/fr\/amenagement-interieur\/finition-industrielle\/salles-blanches-et-murs-affleurants\/","url":"https:\/\/eurobox.be\/fr\/amenagement-interieur\/finition-industrielle\/salles-blanches-et-murs-affleurants\/","name":"Salle blanche pour le secteur m\u00e9dical","isPartOf":{"@id":"https:\/\/eurobox.be\/fr\/#website"},"datePublished":"2018-12-12T10:48:55+00:00","dateModified":"2025-01-15T17:11:40+00:00","description":"Vous pouvez nous contacter pour une salle blanche, parfaite pour le secteur m\u00e9dical. Contactez les professionnels de notre entreprise et demandez votre devis imm\u00e9diatement.","breadcrumb":{"@id":"https:\/\/eurobox.be\/fr\/amenagement-interieur\/finition-industrielle\/salles-blanches-et-murs-affleurants\/#breadcrumb"},"inLanguage":"fr-FR","potentialAction":[{"@type":"ReadAction","target":["https:\/\/eurobox.be\/fr\/amenagement-interieur\/finition-industrielle\/salles-blanches-et-murs-affleurants\/"]}]},{"@type":"BreadcrumbList","@id":"https:\/\/eurobox.be\/fr\/amenagement-interieur\/finition-industrielle\/salles-blanches-et-murs-affleurants\/#breadcrumb","itemListElement":[{"@type":"ListItem","position":1,"name":"Home","item":"https:\/\/eurobox.be\/fr\/maison\/"},{"@type":"ListItem","position":2,"name":"Am\u00e9nagement int\u00e9rieur","item":"https:\/\/eurobox.be\/fr\/amenagement-interieur\/"},{"@type":"ListItem","position":3,"name":"Finition industrielle","item":"https:\/\/eurobox.be\/fr\/amenagement-interieur\/finition-industrielle\/"},{"@type":"ListItem","position":4,"name":"Salles blanches et murs affleurants"}]},{"@type":"WebSite","@id":"https:\/\/eurobox.be\/fr\/#website","url":"https:\/\/eurobox.be\/fr\/","name":"Eurobox","description":"Industrial Space Planners","publisher":{"@id":"https:\/\/eurobox.be\/fr\/#organization"},"potentialAction":[{"@type":"SearchAction","target":{"@type":"EntryPoint","urlTemplate":"https:\/\/eurobox.be\/fr\/?s={search_term_string}"},"query-input":{"@type":"PropertyValueSpecification","valueRequired":true,"valueName":"search_term_string"}}],"inLanguage":"fr-FR"},{"@type":"Organization","@id":"https:\/\/eurobox.be\/fr\/#organization","name":"Eurobox Continental","url":"https:\/\/eurobox.be\/fr\/","logo":{"@type":"ImageObject","inLanguage":"fr-FR","@id":"https:\/\/eurobox.be\/fr\/#\/schema\/logo\/image\/","url":"https:\/\/eurobox.be\/wp-content\/uploads\/2019\/01\/eurboxlogo.png","contentUrl":"https:\/\/eurobox.be\/wp-content\/uploads\/2019\/01\/eurboxlogo.png","width":1200,"height":1200,"caption":"Eurobox Continental"},"image":{"@id":"https:\/\/eurobox.be\/fr\/#\/schema\/logo\/image\/"}}]}},"_links":{"self":[{"href":"https:\/\/eurobox.be\/fr\/wp-json\/wp\/v2\/pages\/5584","targetHints":{"allow":["GET"]}}],"collection":[{"href":"https:\/\/eurobox.be\/fr\/wp-json\/wp\/v2\/pages"}],"about":[{"href":"https:\/\/eurobox.be\/fr\/wp-json\/wp\/v2\/types\/page"}],"author":[{"embeddable":true,"href":"https:\/\/eurobox.be\/fr\/wp-json\/wp\/v2\/users\/1"}],"replies":[{"embeddable":true,"href":"https:\/\/eurobox.be\/fr\/wp-json\/wp\/v2\/comments?post=5584"}],"version-history":[{"count":0,"href":"https:\/\/eurobox.be\/fr\/wp-json\/wp\/v2\/pages\/5584\/revisions"}],"up":[{"embeddable":true,"href":"https:\/\/eurobox.be\/fr\/wp-json\/wp\/v2\/pages\/5394"}],"wp:attachment":[{"href":"https:\/\/eurobox.be\/fr\/wp-json\/wp\/v2\/media?parent=5584"}],"curies":[{"name":"wp","href":"https:\/\/api.w.org\/{rel}","templated":true}]}}