{"id":5572,"date":"2018-12-12T10:46:01","date_gmt":"2018-12-12T10:46:01","guid":{"rendered":"https:\/\/eurobox.be\/amenagement-interieur\/finition-industrielle\/murs-mobiles\/"},"modified":"2025-01-15T16:43:29","modified_gmt":"2025-01-15T16:43:29","slug":"murs-mobiles","status":"publish","type":"page","link":"https:\/\/eurobox.be\/fr\/amenagement-interieur\/finition-industrielle\/murs-mobiles\/","title":{"rendered":"Murs mobiles"},"content":{"rendered":"[vc_row type=\u00a0\u00bbfull_width_background\u00a0\u00bb full_screen_row_position=\u00a0\u00bbmiddle\u00a0\u00bb equal_height=\u00a0\u00bbyes\u00a0\u00bb content_placement=\u00a0\u00bbmiddle\u00a0\u00bb scene_position=\u00a0\u00bbcenter\u00a0\u00bb text_color=\u00a0\u00bbdark\u00a0\u00bb text_align=\u00a0\u00bbleft\u00a0\u00bb top_padding=\u00a0\u00bb2%\u00a0\u00bb bottom_padding=\u00a0\u00bb2%\u00a0\u00bb overlay_strength=\u00a0\u00bb0.3&Prime; shape_divider_position=\u00a0\u00bbbottom\u00a0\u00bb shape_type=\u00a0\u00bb\u00a0\u00bb][vc_column column_padding=\u00a0\u00bbno-extra-padding\u00a0\u00bb column_padding_position=\u00a0\u00bbleft-right\u00a0\u00bb background_color_opacity=\u00a0\u00bb1&Prime; background_hover_color_opacity=\u00a0\u00bb1&Prime; column_shadow=\u00a0\u00bbnone\u00a0\u00bb column_border_radius=\u00a0\u00bbnone\u00a0\u00bb top_margin=\u00a0\u00bb3%\u00a0\u00bb bottom_margin=\u00a0\u00bb3%\u00a0\u00bb width=\u00a0\u00bb1\/2&Prime; tablet_text_alignment=\u00a0\u00bbdefault\u00a0\u00bb phone_text_alignment=\u00a0\u00bbdefault\u00a0\u00bb column_border_width=\u00a0\u00bbnone\u00a0\u00bb column_border_style=\u00a0\u00bbsolid\u00a0\u00bb][vc_custom_heading text=\u00a0\u00bbMurs mobiles\u00a0\u00bb font_container=\u00a0\u00bbtag:h1|text_align:left|color:%23002153&Prime; use_theme_fonts=\u00a0\u00bbyes\u00a0\u00bb][vc_column_text css=\u00a0\u00bb.vc_custom_1707379910760{margin-bottom: 20px !important;}\u00a0\u00bb]Vous recherchez des parois mobiles pour diviser votre bureau en diff\u00e9rentes parties mobiles ? Alors vous devriez vous rendre \u00e0 l&rsquo;Eurobox Continental \u00e0 Wijnegem. Nous proposons des cloisons modulaires afin que vous puissiez diviser pratiquement les grands espaces du bureau. D\u00e9couvrez ici les diff\u00e9rentes options de parois mobiles ou notre syst\u00e8me de parois modulaires sur mesure pour votre bureau ![\/vc_column_text][vc_custom_heading text=\u00a0\u00bbMurs mobiles pratiques et de haute qualit\u00e9\u00a0\u00bb font_container=\u00a0\u00bbtag:h2|text_align:left|color:%23002153&Prime; use_theme_fonts=\u00a0\u00bbyes\u00a0\u00bb][vc_column_text css=\u00a0\u00bb.vc_custom_1707379931987{margin-bottom: 20px !important;}\u00a0\u00bb]Nos cloisons modulaires ne sont pas seulement de la plus haute qualit\u00e9, elles constituent \u00e9galement des <a href=\"https:\/\/eurobox.be\/interieurbouw\/scheidingswanden\/\">cloisons de s\u00e9paration extr\u00eamement <\/a> pratiques gr\u00e2ce \u00e0 leurs propri\u00e9t\u00e9s mobiles. Nous installons r\u00e9guli\u00e8rement ce type de murs de mani\u00e8re pr\u00e9cise pour transformer un grand espace en deux ou plusieurs espaces plus petits. Par exemple, ils sont souvent utilis\u00e9s pour <a href=\"https:\/\/eurobox.be\/interieurbouw\/\">meubler des bureaux<\/a>. Nos parois mobiles sont acoustiquement tr\u00e8s efficaces, permettant \u00e0 vos collaborateurs de profiter du silence au bureau. De plus, nos parois mobiles sont \u00e9galement tr\u00e8s \u00e9l\u00e9gantes.[\/vc_column_text][\/vc_column][vc_column column_padding=\u00a0\u00bbno-extra-padding\u00a0\u00bb column_padding_position=\u00a0\u00bbtop-bottom\u00a0\u00bb background_color_opacity=\u00a0\u00bb1&Prime; background_hover_color_opacity=\u00a0\u00bb1&Prime; column_shadow=\u00a0\u00bbnone\u00a0\u00bb column_border_radius=\u00a0\u00bbnone\u00a0\u00bb width=\u00a0\u00bb1\/2&Prime; tablet_text_alignment=\u00a0\u00bbdefault\u00a0\u00bb phone_text_alignment=\u00a0\u00bbdefault\u00a0\u00bb column_border_width=\u00a0\u00bbnone\u00a0\u00bb column_border_style=\u00a0\u00bbsolid\u00a0\u00bb][image_with_animation image_url=\u00a0\u00bb992&Prime; alignment=\u00a0\u00bb\u00a0\u00bb animation=\u00a0\u00bbFade In\u00a0\u00bb border_radius=\u00a0\u00bbnone\u00a0\u00bb box_shadow=\u00a0\u00bbnone\u00a0\u00bb max_width=\u00a0\u00bb100%\u00a0\u00bb][\/vc_column][\/vc_row][vc_row type=\u00a0\u00bbfull_width_background\u00a0\u00bb full_screen_row_position=\u00a0\u00bbmiddle\u00a0\u00bb scene_position=\u00a0\u00bbcenter\u00a0\u00bb text_color=\u00a0\u00bbdark\u00a0\u00bb text_align=\u00a0\u00bbleft\u00a0\u00bb overlay_strength=\u00a0\u00bb0.3&Prime; shape_divider_position=\u00a0\u00bbbottom\u00a0\u00bb shape_type=\u00a0\u00bb\u00a0\u00bb][vc_column column_padding=\u00a0\u00bbpadding-2-percent\u00a0\u00bb column_padding_position=\u00a0\u00bbtop\u00a0\u00bb background_color_opacity=\u00a0\u00bb1&Prime; background_hover_color_opacity=\u00a0\u00bb1&Prime; column_shadow=\u00a0\u00bbnone\u00a0\u00bb column_border_radius=\u00a0\u00bbnone\u00a0\u00bb width=\u00a0\u00bb1\/1&Prime; tablet_text_alignment=\u00a0\u00bbdefault\u00a0\u00bb phone_text_alignment=\u00a0\u00bbdefault\u00a0\u00bb column_border_width=\u00a0\u00bbnone\u00a0\u00bb column_border_style=\u00a0\u00bbsolid\u00a0\u00bb][vc_custom_heading text=\u00a0\u00bbUn syst\u00e8me mural modulaire pour chaque lieu de travail, de sport ou d&apos;\u00e9tude\u00a0\u00bb font_container=\u00a0\u00bbtag:h2|text_align:left|color:%23002153&Prime; use_theme_fonts=\u00a0\u00bbyes\u00a0\u00bb][vc_column_text css=\u00a0\u00bb.vc_custom_1707379951940{margin-bottom: 20px !important;}\u00a0\u00bb]Nos parois mobiles sont id\u00e9ales pour les salles de r\u00e9union, les <a href=\"https:\/\/eurobox.be\/interieurbouw\/kantoren-met-uitstraling\/\">salles de conf\u00e9rence<\/a>, les r\u00e9fectoires ou les salles de formation. Nos cloisons mobiles conf\u00e8rent \u00e9galement une apparence professionnelle \u00e0 votre bureau.Nos parois modulaires sont d\u00e9montables et r\u00e9utilisables et peuvent donc \u00eatre utilis\u00e9es pour de nombreuses fonctions.Bien entendu, vous choisissez vous-m\u00eame les options de couleur et de finition de vos parois mobiles, afin qu&rsquo;elles correspondent \u00e0 votre espace existant et au style de votre bureau.Vous pouvez toujours compter sur notre savoir-faire en mati\u00e8re de parois mobiles.Vous pourrez ainsi cr\u00e9er <a href=\"https:\/\/eurobox.be\/interieurbouw\/eenvoudige-loodskantoren\/\">un bureau modulable<\/a> selon vos souhaits.[\/vc_column_text][vc_custom_heading text=\u00a0\u00bbChoisissez la commodit\u00e9 et la simplicit\u00e9 avec un syst\u00e8me mural modulaire\u00a0\u00bb font_container=\u00a0\u00bbtag:h2|text_align:left|color:%23002153&Prime; use_theme_fonts=\u00a0\u00bbyes\u00a0\u00bb][vc_column_text css=\u00a0\u00bb.vc_custom_1707379970361{margin-bottom: 20px !important;}\u00a0\u00bb]En plus des parois modulaires et mobiles, vous pouvez nous contacter pour un syst\u00e8me de parois modulaires et mobiles \u00e9quip\u00e9es de <a href=\"https:\/\/eurobox.be\/industriele-lockers\/\">casiers industriels<\/a>. Un syst\u00e8me mural modulaire est un syst\u00e8me mobile ing\u00e9nieux aux possibilit\u00e9s infinies.Ce syst\u00e8me de paroi mobile peut par exemple \u00eatre viss\u00e9 sans probl\u00e8me au mur. Cela vous permet d&rsquo;utiliser le syst\u00e8me mural modulaire \u00e0 de nombreuses fins.En plus des parois mobiles, souhaitez-vous compl\u00e9ter votre bureau en installant des <a href=\"https:\/\/eurobox.be\/smart-lockers\/\">casiers intelligents<\/a> dot\u00e9s de serrures robustes ? Alors n\u2019h\u00e9sitez pas \u00e0 demander conseil \u00e0 nos collaborateurs experts.[\/vc_column_text][\/vc_column][\/vc_row][vc_row type=\u00a0\u00bbfull_width_background\u00a0\u00bb full_screen_row_position=\u00a0\u00bbmiddle\u00a0\u00bb bg_color=\u00a0\u00bb#f4f4f4&Prime; scene_position=\u00a0\u00bbcenter\u00a0\u00bb text_color=\u00a0\u00bbdark\u00a0\u00bb text_align=\u00a0\u00bbleft\u00a0\u00bb overlay_strength=\u00a0\u00bb0.3&Prime; shape_divider_position=\u00a0\u00bbbottom\u00a0\u00bb shape_type=\u00a0\u00bb\u00a0\u00bb][vc_column column_padding=\u00a0\u00bbpadding-2-percent\u00a0\u00bb column_padding_position=\u00a0\u00bbtop\u00a0\u00bb background_color_opacity=\u00a0\u00bb1&Prime; background_hover_color_opacity=\u00a0\u00bb1&Prime; column_shadow=\u00a0\u00bbnone\u00a0\u00bb column_border_radius=\u00a0\u00bbnone\u00a0\u00bb width=\u00a0\u00bb1\/1&Prime; tablet_text_alignment=\u00a0\u00bbdefault\u00a0\u00bb phone_text_alignment=\u00a0\u00bbdefault\u00a0\u00bb column_border_width=\u00a0\u00bbnone\u00a0\u00bb column_border_style=\u00a0\u00bbsolid\u00a0\u00bb][vc_custom_heading text=\u00a0\u00bbR\u00e9alisations\u00a0\u00bb font_container=\u00a0\u00bbtag:h5|text_align:left|color:%23bfbfbf\u00a0\u00bb use_theme_fonts=\u00a0\u00bbyes\u00a0\u00bb css=\u00a0\u00bb.vc_custom_1535963167791{margin-bottom: 10px !important;}\u00a0\u00bb][vc_custom_heading text=\u00a0\u00bbConsultez \u00e9galement nos r\u00e9f\u00e9rences\u00a0\u00bb font_container=\u00a0\u00bbtag:h2|text_align:left|color:%23002153&Prime; use_theme_fonts=\u00a0\u00bbyes\u00a0\u00bb][\/vc_column][\/vc_row][vc_row type=\u00a0\u00bbfull_width_content\u00a0\u00bb full_screen_row_position=\u00a0\u00bbmiddle\u00a0\u00bb equal_height=\u00a0\u00bbyes\u00a0\u00bb content_placement=\u00a0\u00bbmiddle\u00a0\u00bb bg_color=\u00a0\u00bb#f4f4f4&Prime; scene_position=\u00a0\u00bbcenter\u00a0\u00bb text_color=\u00a0\u00bbdark\u00a0\u00bb text_align=\u00a0\u00bbleft\u00a0\u00bb overlay_strength=\u00a0\u00bb0.3&Prime; shape_divider_position=\u00a0\u00bbbottom\u00a0\u00bb shape_type=\u00a0\u00bb\u00a0\u00bb][vc_column column_padding=\u00a0\u00bbpadding-2-percent\u00a0\u00bb column_padding_position=\u00a0\u00bbbottom\u00a0\u00bb background_color_opacity=\u00a0\u00bb1&Prime; background_hover_color_opacity=\u00a0\u00bb1&Prime; column_shadow=\u00a0\u00bbnone\u00a0\u00bb column_border_radius=\u00a0\u00bbnone\u00a0\u00bb width=\u00a0\u00bb1\/1&Prime; tablet_text_alignment=\u00a0\u00bbdefault\u00a0\u00bb phone_text_alignment=\u00a0\u00bbdefault\u00a0\u00bb column_border_width=\u00a0\u00bbnone\u00a0\u00bb column_border_style=\u00a0\u00bbsolid\u00a0\u00bb][\/vc_column][\/vc_row][vc_row type=\u00a0\u00bbfull_width_background\u00a0\u00bb full_screen_row_position=\u00a0\u00bbmiddle\u00a0\u00bb equal_height=\u00a0\u00bbyes\u00a0\u00bb content_placement=\u00a0\u00bbmiddle\u00a0\u00bb scene_position=\u00a0\u00bbcenter\u00a0\u00bb text_color=\u00a0\u00bblight\u00a0\u00bb text_align=\u00a0\u00bbleft\u00a0\u00bb id=\u00a0\u00bbctaContact\u00a0\u00bb overlay_strength=\u00a0\u00bb0.3&Prime; shape_divider_position=\u00a0\u00bbbottom\u00a0\u00bb shape_type=\u00a0\u00bb\u00a0\u00bb][vc_column column_padding=\u00a0\u00bbno-extra-padding\u00a0\u00bb column_padding_position=\u00a0\u00bball\u00a0\u00bb background_color_opacity=\u00a0\u00bb1&Prime; background_hover_color_opacity=\u00a0\u00bb1&Prime; column_shadow=\u00a0\u00bbnone\u00a0\u00bb column_border_radius=\u00a0\u00bbnone\u00a0\u00bb top_margin=\u00a0\u00bb2%\u00a0\u00bb bottom_margin=\u00a0\u00bb2%\u00a0\u00bb width=\u00a0\u00bb1\/1&Prime; tablet_text_alignment=\u00a0\u00bbcenter\u00a0\u00bb phone_text_alignment=\u00a0\u00bbcenter\u00a0\u00bb column_border_width=\u00a0\u00bbnone\u00a0\u00bb column_border_style=\u00a0\u00bbsolid\u00a0\u00bb offset=\u00a0\u00bbvc_hidden-sm vc_hidden-xs\u00a0\u00bb][vc_row_inner content_placement=\u00a0\u00bbmiddle\u00a0\u00bb column_margin=\u00a0\u00bbdefault\u00a0\u00bb text_align=\u00a0\u00bbleft\u00a0\u00bb class=\u00a0\u00bbCTAContact\u00a0\u00bb][vc_column_inner column_padding=\u00a0\u00bbpadding-3-percent\u00a0\u00bb column_padding_position=\u00a0\u00bball\u00a0\u00bb background_color_opacity=\u00a0\u00bb1&Prime; background_hover_color_opacity=\u00a0\u00bb1&Prime; column_shadow=\u00a0\u00bbnone\u00a0\u00bb column_border_radius=\u00a0\u00bbnone\u00a0\u00bb width=\u00a0\u00bb2\/3&Prime; column_border_width=\u00a0\u00bbnone\u00a0\u00bb column_border_style=\u00a0\u00bbsolid\u00a0\u00bb][vc_custom_heading text=\u00a0\u00bbContactez-nous et renseignez-vous sur les possibilit\u00e9s\u00a0\u00bb font_container=\u00a0\u00bbtag:h3|text_align:left|color:%23002153&Prime; use_theme_fonts=\u00a0\u00bbyes\u00a0\u00bb][vc_column_text css=\u00a0\u00bb.vc_custom_1707380090567{margin-bottom: 20px !important;}\u00a0\u00bb]\n<p style=\"color: black;\">Vous recherchez des parois modulaires et mobiles de haute qualit\u00e9 pour l\u2019int\u00e9rieur de votre bureau ? Dans <a href=\"https:\/\/eurobox.be\/fr\/\">notre entreprise de murs et de casiers<\/a>, nous serons heureux de vous aider. Vous souhaitez en savoir plus sur les possibilit\u00e9s cr\u00e9atives et mobiles offertes gr\u00e2ce \u00e0 nos parois mobiles ? N&rsquo;h\u00e9sitez pas \u00e0 contacter les professionnels d&rsquo;Eurobox Continental en remplissant notre <a href=\"https:\/\/eurobox.be\/contact\/\">formulaire de contact en ligne<\/a>.Nous vous aiderons dans les plus brefs d\u00e9lais et vous expliquerons tout sur notre syst\u00e8me de cloisons modulaires et mobiles.    <\/p>\n[\/vc_column_text][\/vc_column_inner][vc_column_inner column_padding=\u00a0\u00bbpadding-3-percent\u00a0\u00bb column_padding_position=\u00a0\u00bball\u00a0\u00bb centered_text=\u00a0\u00bbtrue\u00a0\u00bb background_color_opacity=\u00a0\u00bb1&Prime; background_hover_color_opacity=\u00a0\u00bb1&Prime; column_shadow=\u00a0\u00bbnone\u00a0\u00bb column_border_radius=\u00a0\u00bbnone\u00a0\u00bb width=\u00a0\u00bb1\/3&Prime; column_border_width=\u00a0\u00bbnone\u00a0\u00bb column_border_style=\u00a0\u00bbsolid\u00a0\u00bb][nectar_btn size=\u00a0\u00bblarge\u00a0\u00bb button_style=\u00a0\u00bbsee-through-2&Prime; color_override=\u00a0\u00bb#002153&Prime; hover_text_color_override=\u00a0\u00bb#ffffff\u00a0\u00bb icon_family=\u00a0\u00bbnone\u00a0\u00bb url=\u00a0\u00bbhttps:\/\/eurobox.be\/contact\/\u00a0\u00bb text=\u00a0\u00bbContactez-nous\u00a0\u00bb margin_top=\u00a0\u00bb50&Prime;][\/vc_column_inner][\/vc_row_inner][\/vc_column][\/vc_row][vc_row type=\u00a0\u00bbfull_width_background\u00a0\u00bb full_screen_row_position=\u00a0\u00bbmiddle\u00a0\u00bb equal_height=\u00a0\u00bbyes\u00a0\u00bb content_placement=\u00a0\u00bbmiddle\u00a0\u00bb scene_position=\u00a0\u00bbcenter\u00a0\u00bb text_color=\u00a0\u00bblight\u00a0\u00bb text_align=\u00a0\u00bbleft\u00a0\u00bb id=\u00a0\u00bbctaContact\u00a0\u00bb overlay_strength=\u00a0\u00bb0.3&Prime; shape_divider_position=\u00a0\u00bbbottom\u00a0\u00bb shape_type=\u00a0\u00bb\u00a0\u00bb][vc_column column_padding=\u00a0\u00bbno-extra-padding\u00a0\u00bb column_padding_position=\u00a0\u00bball\u00a0\u00bb background_color_opacity=\u00a0\u00bb1&Prime; background_hover_color_opacity=\u00a0\u00bb1&Prime; column_shadow=\u00a0\u00bbnone\u00a0\u00bb column_border_radius=\u00a0\u00bbnone\u00a0\u00bb top_margin=\u00a0\u00bb2%\u00a0\u00bb bottom_margin=\u00a0\u00bb2%\u00a0\u00bb width=\u00a0\u00bb1\/1&Prime; tablet_text_alignment=\u00a0\u00bbcenter\u00a0\u00bb phone_text_alignment=\u00a0\u00bbcenter\u00a0\u00bb column_border_width=\u00a0\u00bbnone\u00a0\u00bb column_border_style=\u00a0\u00bbsolid\u00a0\u00bb offset=\u00a0\u00bbvc_hidden-lg vc_hidden-md\u00a0\u00bb][vc_row_inner content_placement=\u00a0\u00bbmiddle\u00a0\u00bb column_margin=\u00a0\u00bbdefault\u00a0\u00bb text_align=\u00a0\u00bbleft\u00a0\u00bb class=\u00a0\u00bbCTAContact\u00a0\u00bb][vc_column_inner column_padding=\u00a0\u00bbpadding-3-percent\u00a0\u00bb column_padding_position=\u00a0\u00bball\u00a0\u00bb background_color_opacity=\u00a0\u00bb1&Prime; background_hover_color_opacity=\u00a0\u00bb1&Prime; column_shadow=\u00a0\u00bbnone\u00a0\u00bb column_border_radius=\u00a0\u00bbnone\u00a0\u00bb width=\u00a0\u00bb1\/1&Prime; column_border_width=\u00a0\u00bbnone\u00a0\u00bb column_border_style=\u00a0\u00bbsolid\u00a0\u00bb][vc_custom_heading text=\u00a0\u00bbBesoin de conseils ?\u00a0\u00bb font_container=\u00a0\u00bbtag:h3|text_align:left|color:%23002153&Prime; use_theme_fonts=\u00a0\u00bbyes\u00a0\u00bb][vc_column_text]<span style=\"color: #000000;\">Avez-vous d\u00e9j\u00e0 une id\u00e9e de la fa\u00e7on dont vous souhaitez concevoir les parois mobiles ? Ou avez-vous simplement besoin des conseils de sp\u00e9cialistes exp\u00e9riment\u00e9s ? Nous sommes heureux de vous aider. Vous pouvez nous contacter via le num\u00e9ro de t\u00e9l\u00e9phone <a href=\"tel:003233537181\">03\/353 71 81<\/a>.<\/span>[\/vc_column_text][nectar_btn size=\u00a0\u00bblarge\u00a0\u00bb button_style=\u00a0\u00bbsee-through-2&Prime; color_override=\u00a0\u00bb#002153&Prime; hover_text_color_override=\u00a0\u00bb#ffffff\u00a0\u00bb icon_family=\u00a0\u00bbnone\u00a0\u00bb url=\u00a0\u00bbhttps:\/\/eurobox.be\/contact\/\u00a0\u00bb text=\u00a0\u00bbContactez-nous\u00a0\u00bb margin_top=\u00a0\u00bb20&Prime;][\/vc_column_inner][\/vc_row_inner][\/vc_column][\/vc_row]\n","protected":false},"excerpt":{"rendered":"<p>[vc_row type=\u00a0\u00bbfull_width_background\u00a0\u00bb full_screen_row_position=\u00a0\u00bbmiddle\u00a0\u00bb equal_height=\u00a0\u00bbyes\u00a0\u00bb content_placement=\u00a0\u00bbmiddle\u00a0\u00bb scene_position=\u00a0\u00bbcenter\u00a0\u00bb text_color=\u00a0\u00bbdark\u00a0\u00bb text_align=\u00a0\u00bbleft\u00a0\u00bb top_padding=\u00a0\u00bb2%\u00a0\u00bb bottom_padding=\u00a0\u00bb2%\u00a0\u00bb overlay_strength=\u00a0\u00bb0.3&Prime; shape_divider_position=\u00a0\u00bbbottom\u00a0\u00bb shape_type=\u00a0\u00bb\u00a0\u00bb][vc_column column_padding=\u00a0\u00bbno-extra-padding\u00a0\u00bb column_padding_position=\u00a0\u00bbleft-right\u00a0\u00bb background_color_opacity=\u00a0\u00bb1&Prime; background_hover_color_opacity=\u00a0\u00bb1&Prime; column_shadow=\u00a0\u00bbnone\u00a0\u00bb column_border_radius=\u00a0\u00bbnone\u00a0\u00bb top_margin=\u00a0\u00bb3%\u00a0\u00bb bottom_margin=\u00a0\u00bb3%\u00a0\u00bb width=\u00a0\u00bb1\/2&Prime; tablet_text_alignment=\u00a0\u00bbdefault\u00a0\u00bb phone_text_alignment=\u00a0\u00bbdefault\u00a0\u00bb column_border_width=\u00a0\u00bbnone\u00a0\u00bb column_border_style=\u00a0\u00bbsolid\u00a0\u00bb][vc_custom_heading text=\u00a0\u00bbMurs mobiles\u00a0\u00bb font_container=\u00a0\u00bbtag:h1|text_align:left|color:%23002153&Prime; use_theme_fonts=\u00a0\u00bbyes\u00a0\u00bb][vc_column_text&#8230;<\/p>\n","protected":false},"author":1,"featured_media":0,"parent":5394,"menu_order":0,"comment_status":"closed","ping_status":"closed","template":"","meta":{"footnotes":""},"class_list":["post-5572","page","type-page","status-publish"],"yoast_head":"<!-- This site is optimized with the Yoast SEO plugin v23.9 - https:\/\/yoast.com\/wordpress\/plugins\/seo\/ -->\n<title>Cloisons mobiles pour am\u00e9nagement de bureau<\/title>\n<meta name=\"description\" content=\"Vous pouvez diviser votre bureau avec des cloisons mobiles afin que vos employ\u00e9s puissent travailler sans \u00eatre d\u00e9rang\u00e9s. Contactez-nous et demandez votre devis imm\u00e9diatement.\" \/>\n<meta name=\"robots\" content=\"index, follow, max-snippet:-1, max-image-preview:large, max-video-preview:-1\" \/>\n<link rel=\"canonical\" href=\"https:\/\/eurobox.be\/fr\/amenagement-interieur\/finition-industrielle\/murs-mobiles\/\" \/>\n<meta property=\"og:locale\" content=\"fr_FR\" \/>\n<meta property=\"og:type\" content=\"article\" \/>\n<meta property=\"og:title\" content=\"Cloisons mobiles pour am\u00e9nagement de bureau\" \/>\n<meta property=\"og:description\" content=\"Vous pouvez diviser votre bureau avec des cloisons mobiles afin que vos employ\u00e9s puissent travailler sans \u00eatre d\u00e9rang\u00e9s. Contactez-nous et demandez votre devis imm\u00e9diatement.\" \/>\n<meta property=\"og:url\" content=\"https:\/\/eurobox.be\/fr\/amenagement-interieur\/finition-industrielle\/murs-mobiles\/\" \/>\n<meta property=\"og:site_name\" content=\"Eurobox\" \/>\n<meta property=\"article:modified_time\" content=\"2025-01-15T16:43:29+00:00\" \/>\n<meta name=\"twitter:card\" content=\"summary_large_image\" \/>\n<meta name=\"twitter:label1\" content=\"Dur\u00e9e de lecture estim\u00e9e\" \/>\n\t<meta name=\"twitter:data1\" content=\"8 minutes\" \/>\n<script type=\"application\/ld+json\" class=\"yoast-schema-graph\">{\"@context\":\"https:\/\/schema.org\",\"@graph\":[{\"@type\":\"WebPage\",\"@id\":\"https:\/\/eurobox.be\/fr\/amenagement-interieur\/finition-industrielle\/murs-mobiles\/\",\"url\":\"https:\/\/eurobox.be\/fr\/amenagement-interieur\/finition-industrielle\/murs-mobiles\/\",\"name\":\"Cloisons mobiles pour am\u00e9nagement de bureau\",\"isPartOf\":{\"@id\":\"https:\/\/eurobox.be\/fr\/#website\"},\"datePublished\":\"2018-12-12T10:46:01+00:00\",\"dateModified\":\"2025-01-15T16:43:29+00:00\",\"description\":\"Vous pouvez diviser votre bureau avec des cloisons mobiles afin que vos employ\u00e9s puissent travailler sans \u00eatre d\u00e9rang\u00e9s. Contactez-nous et demandez votre devis imm\u00e9diatement.\",\"breadcrumb\":{\"@id\":\"https:\/\/eurobox.be\/fr\/amenagement-interieur\/finition-industrielle\/murs-mobiles\/#breadcrumb\"},\"inLanguage\":\"fr-FR\",\"potentialAction\":[{\"@type\":\"ReadAction\",\"target\":[\"https:\/\/eurobox.be\/fr\/amenagement-interieur\/finition-industrielle\/murs-mobiles\/\"]}]},{\"@type\":\"BreadcrumbList\",\"@id\":\"https:\/\/eurobox.be\/fr\/amenagement-interieur\/finition-industrielle\/murs-mobiles\/#breadcrumb\",\"itemListElement\":[{\"@type\":\"ListItem\",\"position\":1,\"name\":\"Home\",\"item\":\"https:\/\/eurobox.be\/fr\/maison\/\"},{\"@type\":\"ListItem\",\"position\":2,\"name\":\"Am\u00e9nagement int\u00e9rieur\",\"item\":\"https:\/\/eurobox.be\/fr\/amenagement-interieur\/\"},{\"@type\":\"ListItem\",\"position\":3,\"name\":\"Finition industrielle\",\"item\":\"https:\/\/eurobox.be\/fr\/amenagement-interieur\/finition-industrielle\/\"},{\"@type\":\"ListItem\",\"position\":4,\"name\":\"Murs mobiles\"}]},{\"@type\":\"WebSite\",\"@id\":\"https:\/\/eurobox.be\/fr\/#website\",\"url\":\"https:\/\/eurobox.be\/fr\/\",\"name\":\"Eurobox\",\"description\":\"Industrial Space Planners\",\"publisher\":{\"@id\":\"https:\/\/eurobox.be\/fr\/#organization\"},\"potentialAction\":[{\"@type\":\"SearchAction\",\"target\":{\"@type\":\"EntryPoint\",\"urlTemplate\":\"https:\/\/eurobox.be\/fr\/?s={search_term_string}\"},\"query-input\":{\"@type\":\"PropertyValueSpecification\",\"valueRequired\":true,\"valueName\":\"search_term_string\"}}],\"inLanguage\":\"fr-FR\"},{\"@type\":\"Organization\",\"@id\":\"https:\/\/eurobox.be\/fr\/#organization\",\"name\":\"Eurobox Continental\",\"url\":\"https:\/\/eurobox.be\/fr\/\",\"logo\":{\"@type\":\"ImageObject\",\"inLanguage\":\"fr-FR\",\"@id\":\"https:\/\/eurobox.be\/fr\/#\/schema\/logo\/image\/\",\"url\":\"https:\/\/eurobox.be\/wp-content\/uploads\/2019\/01\/eurboxlogo.png\",\"contentUrl\":\"https:\/\/eurobox.be\/wp-content\/uploads\/2019\/01\/eurboxlogo.png\",\"width\":1200,\"height\":1200,\"caption\":\"Eurobox Continental\"},\"image\":{\"@id\":\"https:\/\/eurobox.be\/fr\/#\/schema\/logo\/image\/\"}}]}<\/script>\n<!-- \/ Yoast SEO plugin. -->","yoast_head_json":{"title":"Cloisons mobiles pour am\u00e9nagement de bureau","description":"Vous pouvez diviser votre bureau avec des cloisons mobiles afin que vos employ\u00e9s puissent travailler sans \u00eatre d\u00e9rang\u00e9s. Contactez-nous et demandez votre devis imm\u00e9diatement.","robots":{"index":"index","follow":"follow","max-snippet":"max-snippet:-1","max-image-preview":"max-image-preview:large","max-video-preview":"max-video-preview:-1"},"canonical":"https:\/\/eurobox.be\/fr\/amenagement-interieur\/finition-industrielle\/murs-mobiles\/","og_locale":"fr_FR","og_type":"article","og_title":"Cloisons mobiles pour am\u00e9nagement de bureau","og_description":"Vous pouvez diviser votre bureau avec des cloisons mobiles afin que vos employ\u00e9s puissent travailler sans \u00eatre d\u00e9rang\u00e9s. Contactez-nous et demandez votre devis imm\u00e9diatement.","og_url":"https:\/\/eurobox.be\/fr\/amenagement-interieur\/finition-industrielle\/murs-mobiles\/","og_site_name":"Eurobox","article_modified_time":"2025-01-15T16:43:29+00:00","twitter_card":"summary_large_image","twitter_misc":{"Dur\u00e9e de lecture estim\u00e9e":"8 minutes"},"schema":{"@context":"https:\/\/schema.org","@graph":[{"@type":"WebPage","@id":"https:\/\/eurobox.be\/fr\/amenagement-interieur\/finition-industrielle\/murs-mobiles\/","url":"https:\/\/eurobox.be\/fr\/amenagement-interieur\/finition-industrielle\/murs-mobiles\/","name":"Cloisons mobiles pour am\u00e9nagement de bureau","isPartOf":{"@id":"https:\/\/eurobox.be\/fr\/#website"},"datePublished":"2018-12-12T10:46:01+00:00","dateModified":"2025-01-15T16:43:29+00:00","description":"Vous pouvez diviser votre bureau avec des cloisons mobiles afin que vos employ\u00e9s puissent travailler sans \u00eatre d\u00e9rang\u00e9s. Contactez-nous et demandez votre devis imm\u00e9diatement.","breadcrumb":{"@id":"https:\/\/eurobox.be\/fr\/amenagement-interieur\/finition-industrielle\/murs-mobiles\/#breadcrumb"},"inLanguage":"fr-FR","potentialAction":[{"@type":"ReadAction","target":["https:\/\/eurobox.be\/fr\/amenagement-interieur\/finition-industrielle\/murs-mobiles\/"]}]},{"@type":"BreadcrumbList","@id":"https:\/\/eurobox.be\/fr\/amenagement-interieur\/finition-industrielle\/murs-mobiles\/#breadcrumb","itemListElement":[{"@type":"ListItem","position":1,"name":"Home","item":"https:\/\/eurobox.be\/fr\/maison\/"},{"@type":"ListItem","position":2,"name":"Am\u00e9nagement int\u00e9rieur","item":"https:\/\/eurobox.be\/fr\/amenagement-interieur\/"},{"@type":"ListItem","position":3,"name":"Finition industrielle","item":"https:\/\/eurobox.be\/fr\/amenagement-interieur\/finition-industrielle\/"},{"@type":"ListItem","position":4,"name":"Murs mobiles"}]},{"@type":"WebSite","@id":"https:\/\/eurobox.be\/fr\/#website","url":"https:\/\/eurobox.be\/fr\/","name":"Eurobox","description":"Industrial Space Planners","publisher":{"@id":"https:\/\/eurobox.be\/fr\/#organization"},"potentialAction":[{"@type":"SearchAction","target":{"@type":"EntryPoint","urlTemplate":"https:\/\/eurobox.be\/fr\/?s={search_term_string}"},"query-input":{"@type":"PropertyValueSpecification","valueRequired":true,"valueName":"search_term_string"}}],"inLanguage":"fr-FR"},{"@type":"Organization","@id":"https:\/\/eurobox.be\/fr\/#organization","name":"Eurobox Continental","url":"https:\/\/eurobox.be\/fr\/","logo":{"@type":"ImageObject","inLanguage":"fr-FR","@id":"https:\/\/eurobox.be\/fr\/#\/schema\/logo\/image\/","url":"https:\/\/eurobox.be\/wp-content\/uploads\/2019\/01\/eurboxlogo.png","contentUrl":"https:\/\/eurobox.be\/wp-content\/uploads\/2019\/01\/eurboxlogo.png","width":1200,"height":1200,"caption":"Eurobox Continental"},"image":{"@id":"https:\/\/eurobox.be\/fr\/#\/schema\/logo\/image\/"}}]}},"_links":{"self":[{"href":"https:\/\/eurobox.be\/fr\/wp-json\/wp\/v2\/pages\/5572","targetHints":{"allow":["GET"]}}],"collection":[{"href":"https:\/\/eurobox.be\/fr\/wp-json\/wp\/v2\/pages"}],"about":[{"href":"https:\/\/eurobox.be\/fr\/wp-json\/wp\/v2\/types\/page"}],"author":[{"embeddable":true,"href":"https:\/\/eurobox.be\/fr\/wp-json\/wp\/v2\/users\/1"}],"replies":[{"embeddable":true,"href":"https:\/\/eurobox.be\/fr\/wp-json\/wp\/v2\/comments?post=5572"}],"version-history":[{"count":0,"href":"https:\/\/eurobox.be\/fr\/wp-json\/wp\/v2\/pages\/5572\/revisions"}],"up":[{"embeddable":true,"href":"https:\/\/eurobox.be\/fr\/wp-json\/wp\/v2\/pages\/5394"}],"wp:attachment":[{"href":"https:\/\/eurobox.be\/fr\/wp-json\/wp\/v2\/media?parent=5572"}],"curies":[{"name":"wp","href":"https:\/\/api.w.org\/{rel}","templated":true}]}}