{"id":5428,"date":"2018-09-26T13:05:57","date_gmt":"2018-09-26T13:05:57","guid":{"rendered":"https:\/\/eurobox.be\/casiers-intelligents\/groupes-cibles\/"},"modified":"2025-01-13T19:45:40","modified_gmt":"2025-01-13T19:45:40","slug":"groupes-cibles","status":"publish","type":"page","link":"https:\/\/eurobox.be\/fr\/casiers-intelligents\/groupes-cibles\/","title":{"rendered":"Groupes cibles"},"content":{"rendered":"[vc_row type=\u00a0\u00bbin_container\u00a0\u00bb full_screen_row_position=\u00a0\u00bbmiddle\u00a0\u00bb scene_position=\u00a0\u00bbcenter\u00a0\u00bb text_color=\u00a0\u00bbdark\u00a0\u00bb text_align=\u00a0\u00bbleft\u00a0\u00bb top_padding=\u00a0\u00bb2%\u00a0\u00bb bottom_padding=\u00a0\u00bb2%\u00a0\u00bb overlay_strength=\u00a0\u00bb0.3&Prime; shape_divider_position=\u00a0\u00bbbottom\u00a0\u00bb shape_type=\u00a0\u00bb\u00a0\u00bb][vc_column column_padding=\u00a0\u00bbno-extra-padding\u00a0\u00bb column_padding_position=\u00a0\u00bball\u00a0\u00bb background_color_opacity=\u00a0\u00bb1&Prime; background_hover_color_opacity=\u00a0\u00bb1&Prime; column_shadow=\u00a0\u00bbnone\u00a0\u00bb column_border_radius=\u00a0\u00bbnone\u00a0\u00bb width=\u00a0\u00bb1\/1&Prime; tablet_text_alignment=\u00a0\u00bbdefault\u00a0\u00bb phone_text_alignment=\u00a0\u00bbdefault\u00a0\u00bb column_border_width=\u00a0\u00bbnone\u00a0\u00bb column_border_style=\u00a0\u00bbsolid\u00a0\u00bb][vc_row_inner column_margin=\u00a0\u00bbdefault\u00a0\u00bb text_align=\u00a0\u00bbleft\u00a0\u00bb][vc_column_inner column_padding=\u00a0\u00bbno-extra-padding\u00a0\u00bb column_padding_position=\u00a0\u00bball\u00a0\u00bb background_color_opacity=\u00a0\u00bb1&Prime; background_hover_color_opacity=\u00a0\u00bb1&Prime; column_shadow=\u00a0\u00bbnone\u00a0\u00bb column_border_radius=\u00a0\u00bbnone\u00a0\u00bb width=\u00a0\u00bb1\/1&Prime; column_border_width=\u00a0\u00bbnone\u00a0\u00bb column_border_style=\u00a0\u00bbsolid\u00a0\u00bb][vc_custom_heading text=\u00a0\u00bbGroupes cibles\u00a0\u00bb font_container=\u00a0\u00bbtag:h5|text_align:left|color:%23bfbfbf\u00a0\u00bb use_theme_fonts=\u00a0\u00bbyes\u00a0\u00bb css=\u00a0\u00bb.vc_custom_1540557626371{margin-bottom: 10px !important;}\u00a0\u00bb][vc_custom_heading text=\u00a0\u00bbNotre large gamme de casiers<br \/>\n\u00a0\u00bb font_container=\u00a0\u00bbtag:h2|font_size:32|text_align:left|color:%23002153|line_height:40px\u00a0\u00bb use_theme_fonts=\u00a0\u00bbyes\u00a0\u00bb][vc_custom_heading text=\u00a0\u00bbLes clients d&apos;Eurobox Continental travaillent souvent dans l&apos;industrie ou dans le secteur institutionnel, comme les \u00e9coles. Et bien que les casiers soient presque toujours utilis\u00e9s \u00e0 des fins de stockage, l&apos;exp\u00e9rience montre que les exigences que nos clients imposent \u00e0 leurs casiers peuvent varier consid\u00e9rablement. C&apos;est pourquoi nos armoires-vestiaires sont non seulement de la meilleure qualit\u00e9, mais sont \u00e9galement tr\u00e8s ing\u00e9nieusement adapt\u00e9es aux diff\u00e9rentes industries et secteurs.  \u00a0\u00bb font_container=\u00a0\u00bbtag:p|text_align:left|color:rgba(10%2C10%2C10%2C0.6)\u00a0\u00bb use_theme_fonts=\u00a0\u00bbyes\u00a0\u00bb][\/vc_column_inner][\/vc_row_inner][\/vc_column][\/vc_row][vc_row type=\u00a0\u00bbfull_width_content\u00a0\u00bb full_screen_row_position=\u00a0\u00bbmiddle\u00a0\u00bb scene_position=\u00a0\u00bbcenter\u00a0\u00bb text_color=\u00a0\u00bbdark\u00a0\u00bb text_align=\u00a0\u00bbleft\u00a0\u00bb overlay_strength=\u00a0\u00bb0.3&Prime; shape_divider_position=\u00a0\u00bbbottom\u00a0\u00bb shape_type=\u00a0\u00bb\u00a0\u00bb][vc_column column_padding=\u00a0\u00bbno-extra-padding\u00a0\u00bb column_padding_position=\u00a0\u00bball\u00a0\u00bb background_color_opacity=\u00a0\u00bb1&Prime; background_hover_color_opacity=\u00a0\u00bb1&Prime; column_shadow=\u00a0\u00bbnone\u00a0\u00bb column_border_radius=\u00a0\u00bbnone\u00a0\u00bb width=\u00a0\u00bb1\/1&Prime; tablet_text_alignment=\u00a0\u00bbdefault\u00a0\u00bb phone_text_alignment=\u00a0\u00bbdefault\u00a0\u00bb column_border_width=\u00a0\u00bbnone\u00a0\u00bb column_border_style=\u00a0\u00bbsolid\u00a0\u00bb][vc_row_inner column_margin=\u00a0\u00bbdefault\u00a0\u00bb text_align=\u00a0\u00bbleft\u00a0\u00bb][vc_column_inner column_padding=\u00a0\u00bbno-extra-padding\u00a0\u00bb column_padding_position=\u00a0\u00bball\u00a0\u00bb background_color_opacity=\u00a0\u00bb1&Prime; background_hover_color_opacity=\u00a0\u00bb1&Prime; column_shadow=\u00a0\u00bbnone\u00a0\u00bb column_border_radius=\u00a0\u00bbnone\u00a0\u00bb width=\u00a0\u00bb1\/6&Prime; column_border_width=\u00a0\u00bbnone\u00a0\u00bb column_border_style=\u00a0\u00bbsolid\u00a0\u00bb][fancy_box box_style=\u00a0\u00bbparallax_hover\u00a0\u00bb icon_family=\u00a0\u00bbnone\u00a0\u00bb image_url=\u00a0\u00bb953&Prime; color_scheme=\u00a0\u00bbdark\u00a0\u00bb secondary_content=\u00a0\u00bbhere&rsquo;s some awesome text that would only be shown on hover\u00a0\u00bb min_height=\u00a0\u00bb450&Prime; link_url=\u00a0\u00bbhttps:\/\/eurobox.be\/smart-lockers\/doelgroepen\/scholen-en-onderwijs\/\u00a0\u00bb]\n<h3>\u00c9coles et \u00e9ducation<\/h3>\n<p>Lire la suite[\/fancy_box][\/vc_column_inner][vc_column_inner column_padding=\u00a0\u00bbno-extra-padding\u00a0\u00bb column_padding_position=\u00a0\u00bball\u00a0\u00bb background_color_opacity=\u00a0\u00bb1&Prime; background_hover_color_opacity=\u00a0\u00bb1&Prime; column_shadow=\u00a0\u00bbnone\u00a0\u00bb column_border_radius=\u00a0\u00bbnone\u00a0\u00bb width=\u00a0\u00bb1\/6&Prime; column_border_width=\u00a0\u00bbnone\u00a0\u00bb column_border_style=\u00a0\u00bbsolid\u00a0\u00bb][fancy_box box_style=\u00a0\u00bbparallax_hover\u00a0\u00bb icon_family=\u00a0\u00bbnone\u00a0\u00bb image_url=\u00a0\u00bb964&Prime; color_scheme=\u00a0\u00bbdark\u00a0\u00bb secondary_content=\u00a0\u00bbhere&rsquo;s some awesome text that would only be shown on hover\u00a0\u00bb link_url=\u00a0\u00bbhttps:\/\/eurobox.be\/smart-lockers\/doelgroepen\/kantoren-en-flexplekken\/\u00a0\u00bb min_height=\u00a0\u00bb450&Prime;]\n<h3>Bureaux et espaces flexibles<\/h3>\n<h5>Lire la suite<\/h5>\n[\/fancy_box][\/vc_column_inner][vc_column_inner column_padding=\u00a0\u00bbno-extra-padding\u00a0\u00bb column_padding_position=\u00a0\u00bball\u00a0\u00bb background_color_opacity=\u00a0\u00bb1&Prime; background_hover_color_opacity=\u00a0\u00bb1&Prime; column_shadow=\u00a0\u00bbnone\u00a0\u00bb column_border_radius=\u00a0\u00bbnone\u00a0\u00bb width=\u00a0\u00bb1\/6&Prime; column_border_width=\u00a0\u00bbnone\u00a0\u00bb column_border_style=\u00a0\u00bbsolid\u00a0\u00bb][fancy_box box_style=\u00a0\u00bbparallax_hover\u00a0\u00bb icon_family=\u00a0\u00bbnone\u00a0\u00bb image_url=\u00a0\u00bb936&Prime; color_scheme=\u00a0\u00bbdark\u00a0\u00bb secondary_content=\u00a0\u00bbhere&rsquo;s some awesome text that would only be shown on hover\u00a0\u00bb link_url=\u00a0\u00bbhttps:\/\/eurobox.be\/smart-lockers\/doelgroepen\/industrie-bedrijven\/\u00a0\u00bb min_height=\u00a0\u00bb450&Prime;]\n<h3>Industrie &amp; Commerce<\/h3>\n<h5>Lire la suite<\/h5>\n[\/fancy_box][\/vc_column_inner][vc_column_inner column_padding=\u00a0\u00bbno-extra-padding\u00a0\u00bb column_padding_position=\u00a0\u00bball\u00a0\u00bb background_color_opacity=\u00a0\u00bb1&Prime; background_hover_color_opacity=\u00a0\u00bb1&Prime; column_shadow=\u00a0\u00bbnone\u00a0\u00bb column_border_radius=\u00a0\u00bbnone\u00a0\u00bb width=\u00a0\u00bb1\/6&Prime; column_border_width=\u00a0\u00bbnone\u00a0\u00bb column_border_style=\u00a0\u00bbsolid\u00a0\u00bb][fancy_box box_style=\u00a0\u00bbparallax_hover\u00a0\u00bb icon_family=\u00a0\u00bbnone\u00a0\u00bb image_url=\u00a0\u00bb945&Prime; color_scheme=\u00a0\u00bbdark\u00a0\u00bb secondary_content=\u00a0\u00bb\u00a0\u00bb min_height=\u00a0\u00bb450&Prime; link_url=\u00a0\u00bbhttps:\/\/eurobox.be\/smart-lockers\/doelgroepen\/speciale-toepassingen\/\u00a0\u00bb]\n<h3>H\u00f4pitaux et soins<\/h3>\n<h5>Lire la suite<\/h5>\n[\/fancy_box][\/vc_column_inner][vc_column_inner column_padding=\u00a0\u00bbno-extra-padding\u00a0\u00bb column_padding_position=\u00a0\u00bball\u00a0\u00bb background_color_opacity=\u00a0\u00bb1&Prime; background_hover_color_opacity=\u00a0\u00bb1&Prime; column_shadow=\u00a0\u00bbnone\u00a0\u00bb column_border_radius=\u00a0\u00bbnone\u00a0\u00bb width=\u00a0\u00bb1\/6&Prime; column_border_width=\u00a0\u00bbnone\u00a0\u00bb column_border_style=\u00a0\u00bbsolid\u00a0\u00bb][fancy_box box_style=\u00a0\u00bbparallax_hover\u00a0\u00bb icon_family=\u00a0\u00bbnone\u00a0\u00bb image_url=\u00a0\u00bb1006&Prime; color_scheme=\u00a0\u00bbdark\u00a0\u00bb secondary_content=\u00a0\u00bbhere&rsquo;s some awesome text that would only be shown on hover\u00a0\u00bb link_url=\u00a0\u00bbhttps:\/\/eurobox.be\/smart-lockers\/doelgroepen\/sport-recreatie\/\u00a0\u00bb min_height=\u00a0\u00bb450&Prime;]\n<h3>Sports et loisirs<\/h3>\n<h5>Lire la suite<\/h5>\n[\/fancy_box][\/vc_column_inner][vc_column_inner column_padding=\u00a0\u00bbno-extra-padding\u00a0\u00bb column_padding_position=\u00a0\u00bball\u00a0\u00bb background_color_opacity=\u00a0\u00bb1&Prime; background_hover_color_opacity=\u00a0\u00bb1&Prime; column_shadow=\u00a0\u00bbnone\u00a0\u00bb column_border_radius=\u00a0\u00bbnone\u00a0\u00bb width=\u00a0\u00bb1\/6&Prime; column_border_width=\u00a0\u00bbnone\u00a0\u00bb column_border_style=\u00a0\u00bbsolid\u00a0\u00bb][fancy_box box_style=\u00a0\u00bbparallax_hover\u00a0\u00bb icon_family=\u00a0\u00bbnone\u00a0\u00bb image_url=\u00a0\u00bb938&Prime; color_scheme=\u00a0\u00bbdark\u00a0\u00bb secondary_content=\u00a0\u00bbhere&rsquo;s some awesome text that would only be shown on hover\u00a0\u00bb link_url=\u00a0\u00bbhttps:\/\/eurobox.be\/smart-lockers\/doelgroepen\/speciale-toepassingen\/\u00a0\u00bb min_height=\u00a0\u00bb450&Prime;]\n<h3>Applications sp\u00e9ciales<\/h3>\n<h5>Lire la suite<\/h5>\n[\/fancy_box][\/vc_column_inner][\/vc_row_inner][\/vc_column][\/vc_row][vc_row type=\u00a0\u00bbfull_width_background\u00a0\u00bb full_screen_row_position=\u00a0\u00bbmiddle\u00a0\u00bb equal_height=\u00a0\u00bbyes\u00a0\u00bb content_placement=\u00a0\u00bbmiddle\u00a0\u00bb bg_color=\u00a0\u00bb#f4f4f4&Prime; scene_position=\u00a0\u00bbcenter\u00a0\u00bb text_color=\u00a0\u00bblight\u00a0\u00bb text_align=\u00a0\u00bbleft\u00a0\u00bb id=\u00a0\u00bbctaContact\u00a0\u00bb overlay_strength=\u00a0\u00bb0.3&Prime; shape_divider_position=\u00a0\u00bbbottom\u00a0\u00bb shape_type=\u00a0\u00bb\u00a0\u00bb][vc_column column_padding=\u00a0\u00bbno-extra-padding\u00a0\u00bb column_padding_position=\u00a0\u00bball\u00a0\u00bb background_color_opacity=\u00a0\u00bb1&Prime; background_hover_color_opacity=\u00a0\u00bb1&Prime; column_shadow=\u00a0\u00bbnone\u00a0\u00bb column_border_radius=\u00a0\u00bbnone\u00a0\u00bb top_margin=\u00a0\u00bb2%\u00a0\u00bb bottom_margin=\u00a0\u00bb2%\u00a0\u00bb width=\u00a0\u00bb1\/1&Prime; tablet_text_alignment=\u00a0\u00bbcenter\u00a0\u00bb phone_text_alignment=\u00a0\u00bbcenter\u00a0\u00bb column_border_width=\u00a0\u00bbnone\u00a0\u00bb column_border_style=\u00a0\u00bbsolid\u00a0\u00bb][vc_row_inner content_placement=\u00a0\u00bbmiddle\u00a0\u00bb column_margin=\u00a0\u00bbdefault\u00a0\u00bb text_align=\u00a0\u00bbleft\u00a0\u00bb class=\u00a0\u00bbCTAContact\u00a0\u00bb][vc_column_inner column_padding=\u00a0\u00bbpadding-3-percent\u00a0\u00bb column_padding_position=\u00a0\u00bball\u00a0\u00bb background_color_opacity=\u00a0\u00bb1&Prime; background_hover_color_opacity=\u00a0\u00bb1&Prime; column_shadow=\u00a0\u00bbnone\u00a0\u00bb column_border_radius=\u00a0\u00bbnone\u00a0\u00bb width=\u00a0\u00bb2\/3&Prime; column_border_width=\u00a0\u00bbnone\u00a0\u00bb column_border_style=\u00a0\u00bbsolid\u00a0\u00bb offset=\u00a0\u00bbvc_hidden-sm vc_hidden-xs\u00a0\u00bb][vc_custom_heading text=\u00a0\u00bbBesoin de conseils ?\u00a0\u00bb font_container=\u00a0\u00bbtag:h3|text_align:left|color:%23002153&Prime; use_theme_fonts=\u00a0\u00bbyes\u00a0\u00bb][vc_column_text]<span style=\"color: #000000;\">Avez-vous d\u00e9j\u00e0 une id\u00e9e des armoires que vous souhaitez faire concevoir ? Ou avez-vous simplement besoin des conseils de sp\u00e9cialistes exp\u00e9riment\u00e9s ? Nous sommes heureux de vous aider. Vous pouvez nous contacter via le num\u00e9ro de t\u00e9l\u00e9phone <a href=\"tel:003233537181\">03\/353 71 81<\/a>.   <\/span>[\/vc_column_text][\/vc_column_inner][vc_column_inner column_padding=\u00a0\u00bbpadding-3-percent\u00a0\u00bb column_padding_position=\u00a0\u00bball\u00a0\u00bb centered_text=\u00a0\u00bbtrue\u00a0\u00bb background_color_opacity=\u00a0\u00bb1&Prime; background_hover_color_opacity=\u00a0\u00bb1&Prime; column_shadow=\u00a0\u00bbnone\u00a0\u00bb column_border_radius=\u00a0\u00bbnone\u00a0\u00bb width=\u00a0\u00bb1\/3&Prime; column_border_width=\u00a0\u00bbnone\u00a0\u00bb column_border_style=\u00a0\u00bbsolid\u00a0\u00bb offset=\u00a0\u00bbvc_hidden-sm vc_hidden-xs\u00a0\u00bb][nectar_btn size=\u00a0\u00bblarge\u00a0\u00bb button_style=\u00a0\u00bbsee-through-2&Prime; color_override=\u00a0\u00bb#002153&Prime; hover_text_color_override=\u00a0\u00bb#ffffff\u00a0\u00bb icon_family=\u00a0\u00bbnone\u00a0\u00bb url=\u00a0\u00bbhttps:\/\/eurobox.be\/contact\/\u00a0\u00bb text=\u00a0\u00bbContactez-nous\u00a0\u00bb margin_top=\u00a0\u00bb50&Prime;][\/vc_column_inner][\/vc_row_inner][\/vc_column][\/vc_row][vc_row type=\u00a0\u00bbfull_width_background\u00a0\u00bb full_screen_row_position=\u00a0\u00bbmiddle\u00a0\u00bb equal_height=\u00a0\u00bbyes\u00a0\u00bb content_placement=\u00a0\u00bbmiddle\u00a0\u00bb bg_color=\u00a0\u00bb#f4f4f4&Prime; scene_position=\u00a0\u00bbcenter\u00a0\u00bb text_color=\u00a0\u00bblight\u00a0\u00bb text_align=\u00a0\u00bbleft\u00a0\u00bb class=\u00a0\u00bbctaContact\u00a0\u00bb overlay_strength=\u00a0\u00bb0.3&Prime; shape_divider_position=\u00a0\u00bbbottom\u00a0\u00bb shape_type=\u00a0\u00bb\u00a0\u00bb][vc_column column_padding=\u00a0\u00bbno-extra-padding\u00a0\u00bb column_padding_position=\u00a0\u00bball\u00a0\u00bb background_color_opacity=\u00a0\u00bb1&Prime; background_hover_color_opacity=\u00a0\u00bb1&Prime; column_shadow=\u00a0\u00bbnone\u00a0\u00bb column_border_radius=\u00a0\u00bbnone\u00a0\u00bb top_margin=\u00a0\u00bb30&Prime; bottom_margin=\u00a0\u00bb30&Prime; width=\u00a0\u00bb1\/1&Prime; tablet_text_alignment=\u00a0\u00bbcenter\u00a0\u00bb phone_text_alignment=\u00a0\u00bbcenter\u00a0\u00bb column_border_width=\u00a0\u00bbnone\u00a0\u00bb column_border_style=\u00a0\u00bbsolid\u00a0\u00bb offset=\u00a0\u00bbvc_hidden-lg vc_hidden-md\u00a0\u00bb][vc_row_inner content_placement=\u00a0\u00bbmiddle\u00a0\u00bb column_margin=\u00a0\u00bbdefault\u00a0\u00bb text_align=\u00a0\u00bbleft\u00a0\u00bb class=\u00a0\u00bbCTAContact\u00a0\u00bb][vc_column_inner column_padding=\u00a0\u00bbno-extra-padding\u00a0\u00bb column_padding_position=\u00a0\u00bball\u00a0\u00bb background_color_opacity=\u00a0\u00bb1&Prime; background_hover_color_opacity=\u00a0\u00bb1&Prime; column_shadow=\u00a0\u00bbnone\u00a0\u00bb column_border_radius=\u00a0\u00bbnone\u00a0\u00bb width=\u00a0\u00bb2\/3&Prime; column_border_width=\u00a0\u00bbnone\u00a0\u00bb column_border_style=\u00a0\u00bbsolid\u00a0\u00bb offset=\u00a0\u00bbvc_hidden-lg vc_hidden-md\u00a0\u00bb][vc_custom_heading text=\u00a0\u00bbBesoin de conseils ?\u00a0\u00bb font_container=\u00a0\u00bbtag:h3|text_align:left|color:%23002153&Prime; use_theme_fonts=\u00a0\u00bbyes\u00a0\u00bb][vc_column_text]<span style=\"color: #000000;\">Avez-vous d\u00e9j\u00e0 une id\u00e9e des armoires que vous souhaitez faire concevoir ? Ou avez-vous simplement besoin des conseils de sp\u00e9cialistes exp\u00e9riment\u00e9s ? Nous sommes heureux de vous aider. Vous pouvez nous contacter via le num\u00e9ro de t\u00e9l\u00e9phone <a href=\"tel:003233537181\">03\/353 71 81<\/a>.   <\/span>[\/vc_column_text][\/vc_column_inner][vc_column_inner column_padding=\u00a0\u00bbno-extra-padding\u00a0\u00bb column_padding_position=\u00a0\u00bball\u00a0\u00bb centered_text=\u00a0\u00bbtrue\u00a0\u00bb background_color_opacity=\u00a0\u00bb1&Prime; background_hover_color_opacity=\u00a0\u00bb1&Prime; column_shadow=\u00a0\u00bbnone\u00a0\u00bb column_border_radius=\u00a0\u00bbnone\u00a0\u00bb width=\u00a0\u00bb1\/3&Prime; column_border_width=\u00a0\u00bbnone\u00a0\u00bb column_border_style=\u00a0\u00bbsolid\u00a0\u00bb offset=\u00a0\u00bbvc_hidden-lg vc_hidden-md\u00a0\u00bb][nectar_btn size=\u00a0\u00bblarge\u00a0\u00bb button_style=\u00a0\u00bbsee-through-2&Prime; color_override=\u00a0\u00bb#002153&Prime; hover_text_color_override=\u00a0\u00bb#ffffff\u00a0\u00bb icon_family=\u00a0\u00bbnone\u00a0\u00bb url=\u00a0\u00bbhttps:\/\/eurobox.be\/contact\/\u00a0\u00bb text=\u00a0\u00bbContactez-nous\u00a0\u00bb][\/vc_column_inner][\/vc_row_inner][\/vc_column][\/vc_row]\n","protected":false},"excerpt":{"rendered":"<p>[vc_row type=\u00a0\u00bbin_container\u00a0\u00bb full_screen_row_position=\u00a0\u00bbmiddle\u00a0\u00bb scene_position=\u00a0\u00bbcenter\u00a0\u00bb text_color=\u00a0\u00bbdark\u00a0\u00bb text_align=\u00a0\u00bbleft\u00a0\u00bb top_padding=\u00a0\u00bb2%\u00a0\u00bb bottom_padding=\u00a0\u00bb2%\u00a0\u00bb overlay_strength=\u00a0\u00bb0.3&Prime; shape_divider_position=\u00a0\u00bbbottom\u00a0\u00bb shape_type=\u00a0\u00bb\u00a0\u00bb][vc_column column_padding=\u00a0\u00bbno-extra-padding\u00a0\u00bb column_padding_position=\u00a0\u00bball\u00a0\u00bb background_color_opacity=\u00a0\u00bb1&Prime; background_hover_color_opacity=\u00a0\u00bb1&Prime; column_shadow=\u00a0\u00bbnone\u00a0\u00bb column_border_radius=\u00a0\u00bbnone\u00a0\u00bb width=\u00a0\u00bb1\/1&Prime; tablet_text_alignment=\u00a0\u00bbdefault\u00a0\u00bb phone_text_alignment=\u00a0\u00bbdefault\u00a0\u00bb column_border_width=\u00a0\u00bbnone\u00a0\u00bb column_border_style=\u00a0\u00bbsolid\u00a0\u00bb][vc_row_inner column_margin=\u00a0\u00bbdefault\u00a0\u00bb text_align=\u00a0\u00bbleft\u00a0\u00bb][vc_column_inner column_padding=\u00a0\u00bbno-extra-padding\u00a0\u00bb column_padding_position=\u00a0\u00bball\u00a0\u00bb background_color_opacity=\u00a0\u00bb1&Prime; background_hover_color_opacity=\u00a0\u00bb1&Prime; column_shadow=\u00a0\u00bbnone\u00a0\u00bb column_border_radius=\u00a0\u00bbnone\u00a0\u00bb&#8230;<\/p>\n","protected":false},"author":1,"featured_media":0,"parent":5415,"menu_order":0,"comment_status":"closed","ping_status":"closed","template":"","meta":{"footnotes":""},"class_list":["post-5428","page","type-page","status-publish"],"yoast_head":"<!-- This site is optimized with the Yoast SEO plugin v23.9 - https:\/\/yoast.com\/wordpress\/plugins\/seo\/ -->\n<title>Groupes cibles - Eurobox<\/title>\n<meta name=\"description\" content=\"Eurobox Continental is een innovatief, dynamisch bedrijf. Wij specialiseren in optimale interieurbouw voor industri\u00eble omgevingen en sluitende oplossingen.\" \/>\n<meta name=\"robots\" content=\"index, follow, max-snippet:-1, max-image-preview:large, max-video-preview:-1\" \/>\n<link rel=\"canonical\" href=\"https:\/\/eurobox.be\/fr\/casiers-intelligents\/groupes-cibles\/\" \/>\n<meta property=\"og:locale\" content=\"fr_FR\" \/>\n<meta property=\"og:type\" content=\"article\" \/>\n<meta property=\"og:title\" content=\"Groupes cibles - Eurobox\" \/>\n<meta property=\"og:description\" content=\"Eurobox Continental is een innovatief, dynamisch bedrijf. Wij specialiseren in optimale interieurbouw voor industri\u00eble omgevingen en sluitende oplossingen.\" \/>\n<meta property=\"og:url\" content=\"https:\/\/eurobox.be\/fr\/casiers-intelligents\/groupes-cibles\/\" \/>\n<meta property=\"og:site_name\" content=\"Eurobox\" \/>\n<meta property=\"article:modified_time\" content=\"2025-01-13T19:45:40+00:00\" \/>\n<meta name=\"twitter:card\" content=\"summary_large_image\" \/>\n<meta name=\"twitter:label1\" content=\"Dur\u00e9e de lecture estim\u00e9e\" \/>\n\t<meta name=\"twitter:data1\" content=\"7 minutes\" \/>\n<script type=\"application\/ld+json\" class=\"yoast-schema-graph\">{\"@context\":\"https:\/\/schema.org\",\"@graph\":[{\"@type\":\"WebPage\",\"@id\":\"https:\/\/eurobox.be\/fr\/casiers-intelligents\/groupes-cibles\/\",\"url\":\"https:\/\/eurobox.be\/fr\/casiers-intelligents\/groupes-cibles\/\",\"name\":\"Groupes cibles - Eurobox\",\"isPartOf\":{\"@id\":\"https:\/\/eurobox.be\/fr\/#website\"},\"datePublished\":\"2018-09-26T13:05:57+00:00\",\"dateModified\":\"2025-01-13T19:45:40+00:00\",\"description\":\"Eurobox Continental is een innovatief, dynamisch bedrijf. Wij specialiseren in optimale interieurbouw voor industri\u00eble omgevingen en sluitende oplossingen.\",\"breadcrumb\":{\"@id\":\"https:\/\/eurobox.be\/fr\/casiers-intelligents\/groupes-cibles\/#breadcrumb\"},\"inLanguage\":\"fr-FR\",\"potentialAction\":[{\"@type\":\"ReadAction\",\"target\":[\"https:\/\/eurobox.be\/fr\/casiers-intelligents\/groupes-cibles\/\"]}]},{\"@type\":\"BreadcrumbList\",\"@id\":\"https:\/\/eurobox.be\/fr\/casiers-intelligents\/groupes-cibles\/#breadcrumb\",\"itemListElement\":[{\"@type\":\"ListItem\",\"position\":1,\"name\":\"Home\",\"item\":\"https:\/\/eurobox.be\/fr\/maison\/\"},{\"@type\":\"ListItem\",\"position\":2,\"name\":\"Casiers intelligents\",\"item\":\"https:\/\/eurobox.be\/fr\/casiers-intelligents\/\"},{\"@type\":\"ListItem\",\"position\":3,\"name\":\"Groupes cibles\"}]},{\"@type\":\"WebSite\",\"@id\":\"https:\/\/eurobox.be\/fr\/#website\",\"url\":\"https:\/\/eurobox.be\/fr\/\",\"name\":\"Eurobox\",\"description\":\"Industrial Space Planners\",\"publisher\":{\"@id\":\"https:\/\/eurobox.be\/fr\/#organization\"},\"potentialAction\":[{\"@type\":\"SearchAction\",\"target\":{\"@type\":\"EntryPoint\",\"urlTemplate\":\"https:\/\/eurobox.be\/fr\/?s={search_term_string}\"},\"query-input\":{\"@type\":\"PropertyValueSpecification\",\"valueRequired\":true,\"valueName\":\"search_term_string\"}}],\"inLanguage\":\"fr-FR\"},{\"@type\":\"Organization\",\"@id\":\"https:\/\/eurobox.be\/fr\/#organization\",\"name\":\"Eurobox Continental\",\"url\":\"https:\/\/eurobox.be\/fr\/\",\"logo\":{\"@type\":\"ImageObject\",\"inLanguage\":\"fr-FR\",\"@id\":\"https:\/\/eurobox.be\/fr\/#\/schema\/logo\/image\/\",\"url\":\"https:\/\/eurobox.be\/wp-content\/uploads\/2019\/01\/eurboxlogo.png\",\"contentUrl\":\"https:\/\/eurobox.be\/wp-content\/uploads\/2019\/01\/eurboxlogo.png\",\"width\":1200,\"height\":1200,\"caption\":\"Eurobox Continental\"},\"image\":{\"@id\":\"https:\/\/eurobox.be\/fr\/#\/schema\/logo\/image\/\"}}]}<\/script>\n<!-- \/ Yoast SEO plugin. -->","yoast_head_json":{"title":"Groupes cibles - Eurobox","description":"Eurobox Continental is een innovatief, dynamisch bedrijf. Wij specialiseren in optimale interieurbouw voor industri\u00eble omgevingen en sluitende oplossingen.","robots":{"index":"index","follow":"follow","max-snippet":"max-snippet:-1","max-image-preview":"max-image-preview:large","max-video-preview":"max-video-preview:-1"},"canonical":"https:\/\/eurobox.be\/fr\/casiers-intelligents\/groupes-cibles\/","og_locale":"fr_FR","og_type":"article","og_title":"Groupes cibles - Eurobox","og_description":"Eurobox Continental is een innovatief, dynamisch bedrijf. Wij specialiseren in optimale interieurbouw voor industri\u00eble omgevingen en sluitende oplossingen.","og_url":"https:\/\/eurobox.be\/fr\/casiers-intelligents\/groupes-cibles\/","og_site_name":"Eurobox","article_modified_time":"2025-01-13T19:45:40+00:00","twitter_card":"summary_large_image","twitter_misc":{"Dur\u00e9e de lecture estim\u00e9e":"7 minutes"},"schema":{"@context":"https:\/\/schema.org","@graph":[{"@type":"WebPage","@id":"https:\/\/eurobox.be\/fr\/casiers-intelligents\/groupes-cibles\/","url":"https:\/\/eurobox.be\/fr\/casiers-intelligents\/groupes-cibles\/","name":"Groupes cibles - Eurobox","isPartOf":{"@id":"https:\/\/eurobox.be\/fr\/#website"},"datePublished":"2018-09-26T13:05:57+00:00","dateModified":"2025-01-13T19:45:40+00:00","description":"Eurobox Continental is een innovatief, dynamisch bedrijf. Wij specialiseren in optimale interieurbouw voor industri\u00eble omgevingen en sluitende oplossingen.","breadcrumb":{"@id":"https:\/\/eurobox.be\/fr\/casiers-intelligents\/groupes-cibles\/#breadcrumb"},"inLanguage":"fr-FR","potentialAction":[{"@type":"ReadAction","target":["https:\/\/eurobox.be\/fr\/casiers-intelligents\/groupes-cibles\/"]}]},{"@type":"BreadcrumbList","@id":"https:\/\/eurobox.be\/fr\/casiers-intelligents\/groupes-cibles\/#breadcrumb","itemListElement":[{"@type":"ListItem","position":1,"name":"Home","item":"https:\/\/eurobox.be\/fr\/maison\/"},{"@type":"ListItem","position":2,"name":"Casiers intelligents","item":"https:\/\/eurobox.be\/fr\/casiers-intelligents\/"},{"@type":"ListItem","position":3,"name":"Groupes cibles"}]},{"@type":"WebSite","@id":"https:\/\/eurobox.be\/fr\/#website","url":"https:\/\/eurobox.be\/fr\/","name":"Eurobox","description":"Industrial Space Planners","publisher":{"@id":"https:\/\/eurobox.be\/fr\/#organization"},"potentialAction":[{"@type":"SearchAction","target":{"@type":"EntryPoint","urlTemplate":"https:\/\/eurobox.be\/fr\/?s={search_term_string}"},"query-input":{"@type":"PropertyValueSpecification","valueRequired":true,"valueName":"search_term_string"}}],"inLanguage":"fr-FR"},{"@type":"Organization","@id":"https:\/\/eurobox.be\/fr\/#organization","name":"Eurobox Continental","url":"https:\/\/eurobox.be\/fr\/","logo":{"@type":"ImageObject","inLanguage":"fr-FR","@id":"https:\/\/eurobox.be\/fr\/#\/schema\/logo\/image\/","url":"https:\/\/eurobox.be\/wp-content\/uploads\/2019\/01\/eurboxlogo.png","contentUrl":"https:\/\/eurobox.be\/wp-content\/uploads\/2019\/01\/eurboxlogo.png","width":1200,"height":1200,"caption":"Eurobox Continental"},"image":{"@id":"https:\/\/eurobox.be\/fr\/#\/schema\/logo\/image\/"}}]}},"_links":{"self":[{"href":"https:\/\/eurobox.be\/fr\/wp-json\/wp\/v2\/pages\/5428","targetHints":{"allow":["GET"]}}],"collection":[{"href":"https:\/\/eurobox.be\/fr\/wp-json\/wp\/v2\/pages"}],"about":[{"href":"https:\/\/eurobox.be\/fr\/wp-json\/wp\/v2\/types\/page"}],"author":[{"embeddable":true,"href":"https:\/\/eurobox.be\/fr\/wp-json\/wp\/v2\/users\/1"}],"replies":[{"embeddable":true,"href":"https:\/\/eurobox.be\/fr\/wp-json\/wp\/v2\/comments?post=5428"}],"version-history":[{"count":0,"href":"https:\/\/eurobox.be\/fr\/wp-json\/wp\/v2\/pages\/5428\/revisions"}],"up":[{"embeddable":true,"href":"https:\/\/eurobox.be\/fr\/wp-json\/wp\/v2\/pages\/5415"}],"wp:attachment":[{"href":"https:\/\/eurobox.be\/fr\/wp-json\/wp\/v2\/media?parent=5428"}],"curies":[{"name":"wp","href":"https:\/\/api.w.org\/{rel}","templated":true}]}}