{"id":5387,"date":"2018-12-13T16:59:36","date_gmt":"2018-12-13T16:59:36","guid":{"rendered":"https:\/\/eurobox.be\/armoires-en-acier\/"},"modified":"2025-01-16T17:58:19","modified_gmt":"2025-01-16T17:58:19","slug":"armoires-en-acier","status":"publish","type":"page","link":"https:\/\/eurobox.be\/fr\/armoires-en-acier\/","title":{"rendered":"Armoires en acier"},"content":{"rendered":"[vc_row type=\u00a0\u00bbfull_width_background\u00a0\u00bb full_screen_row_position=\u00a0\u00bbmiddle\u00a0\u00bb equal_height=\u00a0\u00bbyes\u00a0\u00bb content_placement=\u00a0\u00bbmiddle\u00a0\u00bb scene_position=\u00a0\u00bbcenter\u00a0\u00bb text_color=\u00a0\u00bbdark\u00a0\u00bb text_align=\u00a0\u00bbleft\u00a0\u00bb overlay_strength=\u00a0\u00bb0.3&Prime; shape_divider_position=\u00a0\u00bbbottom\u00a0\u00bb shape_type=\u00a0\u00bb\u00a0\u00bb][vc_column column_padding=\u00a0\u00bbno-extra-padding\u00a0\u00bb column_padding_position=\u00a0\u00bbleft-right\u00a0\u00bb background_color_opacity=\u00a0\u00bb1&Prime; background_hover_color_opacity=\u00a0\u00bb1&Prime; column_shadow=\u00a0\u00bbnone\u00a0\u00bb column_border_radius=\u00a0\u00bbnone\u00a0\u00bb top_margin=\u00a0\u00bb3%\u00a0\u00bb bottom_margin=\u00a0\u00bb3%\u00a0\u00bb width=\u00a0\u00bb2\/3&Prime; tablet_text_alignment=\u00a0\u00bbdefault\u00a0\u00bb phone_text_alignment=\u00a0\u00bbdefault\u00a0\u00bb column_border_width=\u00a0\u00bbnone\u00a0\u00bb column_border_style=\u00a0\u00bbsolid\u00a0\u00bb][vc_custom_heading text=\u00a0\u00bbArmoires en acier\u00a0\u00bb font_container=\u00a0\u00bbtag:h1|font_size:32|text_align:left|color:%23002153|line_height:40px\u00a0\u00bb use_theme_fonts=\u00a0\u00bbyes\u00a0\u00bb][vc_custom_heading text=\u00a0\u00bbLes armoires en acier sont la solution id\u00e9ale pour suspendre en toute s\u00e9curit\u00e9 les v\u00eatements d&apos;entreprise dans de nombreux secteurs. Chez Eurobox Continental \u00e0 Wijnegem, vous pouvez commander vos armoires en acier dans l&apos;une de nos nombreuses tailles et couleurs ou nous les faire fabriquer sur mesure. Nous sommes actifs depuis de nombreuses ann\u00e9es dans la r\u00e9alisation de solutions globales pour les entreprises de tous types de secteurs. Nous fournissons tout, des armoires aux cloisons.    \u00a0\u00bb font_container=\u00a0\u00bbtag:p|text_align:left|color:rgba(10%2C10%2C10%2C0.6)\u00a0\u00bb use_theme_fonts=\u00a0\u00bbyes\u00a0\u00bb][\/vc_column][vc_column column_padding=\u00a0\u00bbpadding-5-percent\u00a0\u00bb column_padding_position=\u00a0\u00bbtop-bottom\u00a0\u00bb background_color_opacity=\u00a0\u00bb1&Prime; background_hover_color_opacity=\u00a0\u00bb1&Prime; column_shadow=\u00a0\u00bbnone\u00a0\u00bb column_border_radius=\u00a0\u00bbnone\u00a0\u00bb width=\u00a0\u00bb1\/3&Prime; tablet_text_alignment=\u00a0\u00bbdefault\u00a0\u00bb phone_text_alignment=\u00a0\u00bbdefault\u00a0\u00bb column_border_width=\u00a0\u00bbnone\u00a0\u00bb column_border_style=\u00a0\u00bbsolid\u00a0\u00bb][image_with_animation image_url=\u00a0\u00bb1521&Prime; alignment=\u00a0\u00bb\u00a0\u00bb animation=\u00a0\u00bbFade In\u00a0\u00bb border_radius=\u00a0\u00bbnone\u00a0\u00bb box_shadow=\u00a0\u00bbnone\u00a0\u00bb max_width=\u00a0\u00bb100%\u00a0\u00bb][\/vc_column][\/vc_row][vc_row type=\u00a0\u00bbfull_width_background\u00a0\u00bb full_screen_row_position=\u00a0\u00bbmiddle\u00a0\u00bb bg_color=\u00a0\u00bb#f4f4f4&Prime; scene_position=\u00a0\u00bbcenter\u00a0\u00bb text_color=\u00a0\u00bbdark\u00a0\u00bb text_align=\u00a0\u00bbleft\u00a0\u00bb top_padding=\u00a0\u00bb4%\u00a0\u00bb bottom_padding=\u00a0\u00bb4%\u00a0\u00bb overlay_strength=\u00a0\u00bb0.3&Prime; shape_divider_position=\u00a0\u00bbbottom\u00a0\u00bb shape_type=\u00a0\u00bb\u00a0\u00bb][vc_column column_padding=\u00a0\u00bbno-extra-padding\u00a0\u00bb column_padding_position=\u00a0\u00bball\u00a0\u00bb background_color_opacity=\u00a0\u00bb1&Prime; background_hover_color_opacity=\u00a0\u00bb1&Prime; column_shadow=\u00a0\u00bbnone\u00a0\u00bb column_border_radius=\u00a0\u00bbnone\u00a0\u00bb width=\u00a0\u00bb2\/3&Prime; tablet_text_alignment=\u00a0\u00bbdefault\u00a0\u00bb phone_text_alignment=\u00a0\u00bbdefault\u00a0\u00bb column_border_width=\u00a0\u00bbnone\u00a0\u00bb column_border_style=\u00a0\u00bbsolid\u00a0\u00bb][vc_custom_heading text=\u00a0\u00bbNous r\u00e9alisons pour vous des armoires en acier sur mesure\u00a0\u00bb font_container=\u00a0\u00bbtag:h2|font_size:32|text_align:left|color:%23002153|line_height:40px\u00a0\u00bb use_theme_fonts=\u00a0\u00bbyes\u00a0\u00bb][vc_column_text]Chez notre <a href=\"https:\/\/eurobox.be\/fr\/\">sp\u00e9cialiste du rangement<\/a>, nous fabriquons des armoires \u00e9quip\u00e9es d&rsquo;applications utiles. Par exemple, vous pouvez opter pour des serrures \u00e9lectroniques et un syst\u00e8me d&rsquo;acc\u00e8s \u00e9lectronique qui vous permet de r\u00e9gler facilement quand une armoire peut \u00eatre ouverte. Il est \u00e9galement possible d\u2019\u00e9quiper vos <a href=\"https:\/\/eurobox.be\/industriele-lockers\/\">armoires industrielles<\/a> d\u2019un syst\u00e8me d\u2019extraction d\u2019air, ce qui les rend parfaitement adapt\u00e9es \u00e0 l\u2019industrie pharmaceutique. Gr\u00e2ce \u00e0 ce syst\u00e8me, les v\u00eatements de travail restent exempts d&rsquo;odeurs. Vous aimez s\u00e9parer vos armoires en acier de votre espace de travail ? Placez-les ensuite derri\u00e8re des <a href=\"https:\/\/eurobox.be\/interieurbouw\/\">cloisons<\/a> que nos professionnels installeront pour vous.[\/vc_column_text][\/vc_column][vc_column column_padding=\u00a0\u00bbno-extra-padding\u00a0\u00bb column_padding_position=\u00a0\u00bball\u00a0\u00bb background_color_opacity=\u00a0\u00bb1&Prime; background_hover_color_opacity=\u00a0\u00bb1&Prime; column_shadow=\u00a0\u00bbnone\u00a0\u00bb column_border_radius=\u00a0\u00bbnone\u00a0\u00bb width=\u00a0\u00bb1\/3&Prime; tablet_text_alignment=\u00a0\u00bbdefault\u00a0\u00bb phone_text_alignment=\u00a0\u00bbdefault\u00a0\u00bb column_border_width=\u00a0\u00bbnone\u00a0\u00bb column_border_style=\u00a0\u00bbsolid\u00a0\u00bb]<div class=\"nectar-fancy-ul\" data-list-icon=\"icon-salient-thin-line\" data-animation=\"false\" data-animation-delay=\"0\" data-color=\"accent-color\" data-spacing=\"default\" data-alignment=\"left\"> \n<ul>\n<li>Solution toute faite<\/li>\n<li>Service rapide<\/li>\n<li>Produits flexibles<\/li>\n<li>Conseils professionnels<\/li>\n<\/ul>\n <\/div>[\/vc_column][\/vc_row][vc_row type=\u00a0\u00bbfull_width_background\u00a0\u00bb full_screen_row_position=\u00a0\u00bbmiddle\u00a0\u00bb equal_height=\u00a0\u00bbyes\u00a0\u00bb content_placement=\u00a0\u00bbmiddle\u00a0\u00bb scene_position=\u00a0\u00bbcenter\u00a0\u00bb text_color=\u00a0\u00bbdark\u00a0\u00bb text_align=\u00a0\u00bbleft\u00a0\u00bb overlay_strength=\u00a0\u00bb0.3&Prime; shape_divider_position=\u00a0\u00bbbottom\u00a0\u00bb shape_type=\u00a0\u00bb\u00a0\u00bb][vc_column column_padding=\u00a0\u00bbno-extra-padding\u00a0\u00bb column_padding_position=\u00a0\u00bbleft-right\u00a0\u00bb background_color_opacity=\u00a0\u00bb1&Prime; background_hover_color_opacity=\u00a0\u00bb1&Prime; column_shadow=\u00a0\u00bbnone\u00a0\u00bb column_border_radius=\u00a0\u00bbnone\u00a0\u00bb top_margin=\u00a0\u00bb3%\u00a0\u00bb bottom_margin=\u00a0\u00bb3%\u00a0\u00bb width=\u00a0\u00bb1\/1&Prime; tablet_text_alignment=\u00a0\u00bbdefault\u00a0\u00bb phone_text_alignment=\u00a0\u00bbdefault\u00a0\u00bb column_border_width=\u00a0\u00bbnone\u00a0\u00bb column_border_style=\u00a0\u00bbsolid\u00a0\u00bb][vc_custom_heading text=\u00a0\u00bbContactez-nous pour une personnalisation\u00a0\u00bb font_container=\u00a0\u00bbtag:h3|font_size:32|text_align:left|color:%23002153|line_height:40px\u00a0\u00bb use_theme_fonts=\u00a0\u00bbyes\u00a0\u00bb][vc_column_text]Nos armoires sont disponibles dans une taille standard. Cependant, avez-vous besoin d\u2019armoires en acier de diff\u00e9rentes tailles ? Alors appelez l\u2019un de nos sympathiques employ\u00e9s au <a href=\"tel:003233537181\">+32-(0)3 353 71 81<\/a> ou <a href=\"https:\/\/eurobox.be\/offerte\/\">demandez simplement un devis<\/a>. De cette fa\u00e7on, vous savez exactement combien co\u00fbtera cette personnalisation. Pour avoir une meilleure id\u00e9e de ce \u00e0 quoi ressemblent nos produits, nous aimerions vous r\u00e9f\u00e9rer \u00e0 nos <a href=\"https:\/\/eurobox.be\/smart-lockers\/realisaties\/\">projets r\u00e9alis\u00e9s<\/a>.[\/vc_column_text][\/vc_column][\/vc_row][vc_row type=\u00a0\u00bbfull_width_background\u00a0\u00bb full_screen_row_position=\u00a0\u00bbmiddle\u00a0\u00bb equal_height=\u00a0\u00bbyes\u00a0\u00bb content_placement=\u00a0\u00bbmiddle\u00a0\u00bb scene_position=\u00a0\u00bbcenter\u00a0\u00bb text_color=\u00a0\u00bblight\u00a0\u00bb text_align=\u00a0\u00bbleft\u00a0\u00bb id=\u00a0\u00bbctaContact\u00a0\u00bb overlay_strength=\u00a0\u00bb0.3&Prime; shape_divider_position=\u00a0\u00bbbottom\u00a0\u00bb shape_type=\u00a0\u00bb\u00a0\u00bb][vc_column column_padding=\u00a0\u00bbno-extra-padding\u00a0\u00bb column_padding_position=\u00a0\u00bball\u00a0\u00bb background_color_opacity=\u00a0\u00bb1&Prime; background_hover_color_opacity=\u00a0\u00bb1&Prime; column_shadow=\u00a0\u00bbnone\u00a0\u00bb column_border_radius=\u00a0\u00bbnone\u00a0\u00bb top_margin=\u00a0\u00bb60&Prime; bottom_margin=\u00a0\u00bb60&Prime; width=\u00a0\u00bb1\/1&Prime; tablet_text_alignment=\u00a0\u00bbcenter\u00a0\u00bb phone_text_alignment=\u00a0\u00bbcenter\u00a0\u00bb column_border_width=\u00a0\u00bbnone\u00a0\u00bb column_border_style=\u00a0\u00bbsolid\u00a0\u00bb offset=\u00a0\u00bbvc_hidden-sm vc_hidden-xs\u00a0\u00bb][vc_row_inner content_placement=\u00a0\u00bbmiddle\u00a0\u00bb column_margin=\u00a0\u00bbdefault\u00a0\u00bb text_align=\u00a0\u00bbleft\u00a0\u00bb class=\u00a0\u00bbCTAContact\u00a0\u00bb][vc_column_inner column_padding=\u00a0\u00bbpadding-3-percent\u00a0\u00bb column_padding_position=\u00a0\u00bball\u00a0\u00bb background_color_opacity=\u00a0\u00bb1&Prime; background_hover_color_opacity=\u00a0\u00bb1&Prime; column_shadow=\u00a0\u00bbnone\u00a0\u00bb column_border_radius=\u00a0\u00bbnone\u00a0\u00bb width=\u00a0\u00bb2\/3&Prime; column_border_width=\u00a0\u00bbnone\u00a0\u00bb column_border_style=\u00a0\u00bbsolid\u00a0\u00bb][vc_column_text]<span style=\"color: #000000;\"><strong>Votre int\u00e9r\u00eat a \u00e9t\u00e9 \u00e9veill\u00e9 et vous souhaitez plus d\u2019informations sur nos produits ?<\/strong><\/span><\/p>\n<p><span style=\"color: #000000;\">N&rsquo;h\u00e9sitez pas \u00e0 nous contacter. Vous pouvez nous contacter via le num\u00e9ro de t\u00e9l\u00e9phone <\/span> <a href=\"tel:003233537181\">03\/353 71 81<\/a> <span style=\"color: #000000;\">ou via <\/span> <a href=\"mailto:info@eurobox.be\">info@eurobox.be<\/a>.[\/vc_column_text][\/vc_column_inner][vc_column_inner column_padding=\u00a0\u00bbpadding-3-percent\u00a0\u00bb column_padding_position=\u00a0\u00bball\u00a0\u00bb centered_text=\u00a0\u00bbtrue\u00a0\u00bb background_color_opacity=\u00a0\u00bb1&Prime; background_hover_color_opacity=\u00a0\u00bb1&Prime; column_shadow=\u00a0\u00bbnone\u00a0\u00bb column_border_radius=\u00a0\u00bbnone\u00a0\u00bb width=\u00a0\u00bb1\/3&Prime; column_border_width=\u00a0\u00bbnone\u00a0\u00bb column_border_style=\u00a0\u00bbsolid\u00a0\u00bb][nectar_btn size=\u00a0\u00bblarge\u00a0\u00bb button_style=\u00a0\u00bbsee-through-2&Prime; color_override=\u00a0\u00bb#002153&Prime; hover_text_color_override=\u00a0\u00bb#ffffff\u00a0\u00bb icon_family=\u00a0\u00bbnone\u00a0\u00bb url=\u00a0\u00bbeurobox.be\/contact\u00a0\u00bb text=\u00a0\u00bbContactez-nous\u00a0\u00bb margin_top=\u00a0\u00bb50&Prime;][\/vc_column_inner][\/vc_row_inner][\/vc_column][\/vc_row][vc_row type=\u00a0\u00bbfull_width_background\u00a0\u00bb full_screen_row_position=\u00a0\u00bbmiddle\u00a0\u00bb equal_height=\u00a0\u00bbyes\u00a0\u00bb content_placement=\u00a0\u00bbmiddle\u00a0\u00bb scene_position=\u00a0\u00bbcenter\u00a0\u00bb text_color=\u00a0\u00bblight\u00a0\u00bb text_align=\u00a0\u00bbleft\u00a0\u00bb id=\u00a0\u00bbctaContact\u00a0\u00bb overlay_strength=\u00a0\u00bb0.3&Prime; shape_divider_position=\u00a0\u00bbbottom\u00a0\u00bb shape_type=\u00a0\u00bb\u00a0\u00bb][vc_column column_padding=\u00a0\u00bbno-extra-padding\u00a0\u00bb column_padding_position=\u00a0\u00bball\u00a0\u00bb background_color_opacity=\u00a0\u00bb1&Prime; background_hover_color_opacity=\u00a0\u00bb1&Prime; column_shadow=\u00a0\u00bbnone\u00a0\u00bb column_border_radius=\u00a0\u00bbnone\u00a0\u00bb top_margin=\u00a0\u00bb60&Prime; bottom_margin=\u00a0\u00bb60&Prime; width=\u00a0\u00bb1\/1&Prime; tablet_text_alignment=\u00a0\u00bbcenter\u00a0\u00bb phone_text_alignment=\u00a0\u00bbcenter\u00a0\u00bb column_border_width=\u00a0\u00bbnone\u00a0\u00bb column_border_style=\u00a0\u00bbsolid\u00a0\u00bb offset=\u00a0\u00bbvc_hidden-lg vc_hidden-md\u00a0\u00bb][vc_row_inner content_placement=\u00a0\u00bbmiddle\u00a0\u00bb column_margin=\u00a0\u00bbdefault\u00a0\u00bb text_align=\u00a0\u00bbleft\u00a0\u00bb class=\u00a0\u00bbCTAContact\u00a0\u00bb][vc_column_inner column_padding=\u00a0\u00bbpadding-3-percent\u00a0\u00bb column_padding_position=\u00a0\u00bball\u00a0\u00bb background_color_opacity=\u00a0\u00bb1&Prime; background_hover_color_opacity=\u00a0\u00bb1&Prime; column_shadow=\u00a0\u00bbnone\u00a0\u00bb column_border_radius=\u00a0\u00bbnone\u00a0\u00bb width=\u00a0\u00bb1\/1&Prime; column_border_width=\u00a0\u00bbnone\u00a0\u00bb column_border_style=\u00a0\u00bbsolid\u00a0\u00bb][vc_column_text]<span style=\"color: #000000;\"><strong>Votre int\u00e9r\u00eat a \u00e9t\u00e9 \u00e9veill\u00e9 et vous souhaitez plus d\u2019informations sur nos produits ?<\/strong><\/span><\/p>\n<p><span style=\"color: #000000;\">N&rsquo;h\u00e9sitez pas \u00e0 nous contacter. Vous pouvez nous contacter via le num\u00e9ro de t\u00e9l\u00e9phone <a href=\"tel:003233537181\">03\/353 71 81<\/a> ou via <a href=\"mailto:info@eurobox.be\">info@eurobox.be<\/a>. <\/span>[\/vc_column_text][nectar_btn size=\u00a0\u00bblarge\u00a0\u00bb button_style=\u00a0\u00bbsee-through-2&Prime; color_override=\u00a0\u00bb#002153&Prime; hover_text_color_override=\u00a0\u00bb#ffffff\u00a0\u00bb icon_family=\u00a0\u00bbnone\u00a0\u00bb url=\u00a0\u00bbeurobox.be\/contact\u00a0\u00bb text=\u00a0\u00bbContactez-nous\u00a0\u00bb margin_top=\u00a0\u00bb20&Prime;][\/vc_column_inner][\/vc_row_inner][\/vc_column][\/vc_row]\n","protected":false},"excerpt":{"rendered":"<p>[vc_row type=\u00a0\u00bbfull_width_background\u00a0\u00bb full_screen_row_position=\u00a0\u00bbmiddle\u00a0\u00bb equal_height=\u00a0\u00bbyes\u00a0\u00bb content_placement=\u00a0\u00bbmiddle\u00a0\u00bb scene_position=\u00a0\u00bbcenter\u00a0\u00bb text_color=\u00a0\u00bbdark\u00a0\u00bb text_align=\u00a0\u00bbleft\u00a0\u00bb overlay_strength=\u00a0\u00bb0.3&Prime; shape_divider_position=\u00a0\u00bbbottom\u00a0\u00bb shape_type=\u00a0\u00bb\u00a0\u00bb][vc_column column_padding=\u00a0\u00bbno-extra-padding\u00a0\u00bb column_padding_position=\u00a0\u00bbleft-right\u00a0\u00bb background_color_opacity=\u00a0\u00bb1&Prime; background_hover_color_opacity=\u00a0\u00bb1&Prime; column_shadow=\u00a0\u00bbnone\u00a0\u00bb column_border_radius=\u00a0\u00bbnone\u00a0\u00bb top_margin=\u00a0\u00bb3%\u00a0\u00bb bottom_margin=\u00a0\u00bb3%\u00a0\u00bb width=\u00a0\u00bb2\/3&Prime; tablet_text_alignment=\u00a0\u00bbdefault\u00a0\u00bb phone_text_alignment=\u00a0\u00bbdefault\u00a0\u00bb column_border_width=\u00a0\u00bbnone\u00a0\u00bb column_border_style=\u00a0\u00bbsolid\u00a0\u00bb][vc_custom_heading text=\u00a0\u00bbArmoires en acier\u00a0\u00bb font_container=\u00a0\u00bbtag:h1|font_size:32|text_align:left|color:%23002153|line_height:40px\u00a0\u00bb use_theme_fonts=\u00a0\u00bbyes\u00a0\u00bb][vc_custom_heading text=\u00a0\u00bbLes&#8230;<\/p>\n","protected":false},"author":1,"featured_media":0,"parent":0,"menu_order":0,"comment_status":"closed","ping_status":"closed","template":"","meta":{"footnotes":""},"class_list":["post-5387","page","type-page","status-publish"],"yoast_head":"<!-- This site is optimized with the Yoast SEO plugin v27.4 - https:\/\/yoast.com\/product\/yoast-seo-wordpress\/ -->\n<title>Armoires en acier pour entreprises<\/title>\n<meta name=\"description\" content=\"Les armoires en acier sont la solution id\u00e9ale pour conserver en s\u00e9curit\u00e9 les v\u00eatements de travail. Contactez nos professionnels pour l&#039;installer.\" \/>\n<meta name=\"robots\" content=\"index, follow, max-snippet:-1, max-image-preview:large, max-video-preview:-1\" \/>\n<link rel=\"canonical\" href=\"https:\/\/eurobox.be\/fr\/armoires-en-acier\/\" \/>\n<meta property=\"og:locale\" content=\"fr_FR\" \/>\n<meta property=\"og:type\" content=\"article\" \/>\n<meta property=\"og:title\" content=\"Armoires en acier pour entreprises\" \/>\n<meta property=\"og:description\" content=\"Les armoires en acier sont la solution id\u00e9ale pour conserver en s\u00e9curit\u00e9 les v\u00eatements de travail. Contactez nos professionnels pour l&#039;installer.\" \/>\n<meta property=\"og:url\" content=\"https:\/\/eurobox.be\/fr\/armoires-en-acier\/\" \/>\n<meta property=\"og:site_name\" content=\"Eurobox\" \/>\n<meta property=\"article:modified_time\" content=\"2025-01-16T17:58:19+00:00\" \/>\n<meta name=\"twitter:card\" content=\"summary_large_image\" \/>\n<meta name=\"twitter:label1\" content=\"Dur\u00e9e de lecture estim\u00e9e\" \/>\n\t<meta name=\"twitter:data1\" content=\"6 minutes\" \/>\n<script type=\"application\/ld+json\" class=\"yoast-schema-graph\">{\"@context\":\"https:\\\/\\\/schema.org\",\"@graph\":[{\"@type\":\"WebPage\",\"@id\":\"https:\\\/\\\/eurobox.be\\\/fr\\\/armoires-en-acier\\\/\",\"url\":\"https:\\\/\\\/eurobox.be\\\/fr\\\/armoires-en-acier\\\/\",\"name\":\"Armoires en acier pour entreprises\",\"isPartOf\":{\"@id\":\"https:\\\/\\\/eurobox.be\\\/fr\\\/#website\"},\"datePublished\":\"2018-12-13T16:59:36+00:00\",\"dateModified\":\"2025-01-16T17:58:19+00:00\",\"description\":\"Les armoires en acier sont la solution id\u00e9ale pour conserver en s\u00e9curit\u00e9 les v\u00eatements de travail. Contactez nos professionnels pour l'installer.\",\"breadcrumb\":{\"@id\":\"https:\\\/\\\/eurobox.be\\\/fr\\\/armoires-en-acier\\\/#breadcrumb\"},\"inLanguage\":\"fr-FR\",\"potentialAction\":[{\"@type\":\"ReadAction\",\"target\":[\"https:\\\/\\\/eurobox.be\\\/fr\\\/armoires-en-acier\\\/\"]}]},{\"@type\":\"BreadcrumbList\",\"@id\":\"https:\\\/\\\/eurobox.be\\\/fr\\\/armoires-en-acier\\\/#breadcrumb\",\"itemListElement\":[{\"@type\":\"ListItem\",\"position\":1,\"name\":\"Home\",\"item\":\"https:\\\/\\\/eurobox.be\\\/fr\\\/maison\\\/\"},{\"@type\":\"ListItem\",\"position\":2,\"name\":\"Armoires en acier\"}]},{\"@type\":\"WebSite\",\"@id\":\"https:\\\/\\\/eurobox.be\\\/fr\\\/#website\",\"url\":\"https:\\\/\\\/eurobox.be\\\/fr\\\/\",\"name\":\"Eurobox\",\"description\":\"Industrial Space Planners\",\"publisher\":{\"@id\":\"https:\\\/\\\/eurobox.be\\\/fr\\\/#organization\"},\"potentialAction\":[{\"@type\":\"SearchAction\",\"target\":{\"@type\":\"EntryPoint\",\"urlTemplate\":\"https:\\\/\\\/eurobox.be\\\/fr\\\/?s={search_term_string}\"},\"query-input\":{\"@type\":\"PropertyValueSpecification\",\"valueRequired\":true,\"valueName\":\"search_term_string\"}}],\"inLanguage\":\"fr-FR\"},{\"@type\":\"Organization\",\"@id\":\"https:\\\/\\\/eurobox.be\\\/fr\\\/#organization\",\"name\":\"Eurobox Continental\",\"url\":\"https:\\\/\\\/eurobox.be\\\/fr\\\/\",\"logo\":{\"@type\":\"ImageObject\",\"inLanguage\":\"fr-FR\",\"@id\":\"https:\\\/\\\/eurobox.be\\\/fr\\\/#\\\/schema\\\/logo\\\/image\\\/\",\"url\":\"https:\\\/\\\/eurobox.be\\\/wp-content\\\/uploads\\\/2019\\\/01\\\/eurboxlogo.png\",\"contentUrl\":\"https:\\\/\\\/eurobox.be\\\/wp-content\\\/uploads\\\/2019\\\/01\\\/eurboxlogo.png\",\"width\":1200,\"height\":1200,\"caption\":\"Eurobox Continental\"},\"image\":{\"@id\":\"https:\\\/\\\/eurobox.be\\\/fr\\\/#\\\/schema\\\/logo\\\/image\\\/\"}}]}<\/script>\n<!-- \/ Yoast SEO plugin. -->","yoast_head_json":{"title":"Armoires en acier pour entreprises","description":"Les armoires en acier sont la solution id\u00e9ale pour conserver en s\u00e9curit\u00e9 les v\u00eatements de travail. Contactez nos professionnels pour l'installer.","robots":{"index":"index","follow":"follow","max-snippet":"max-snippet:-1","max-image-preview":"max-image-preview:large","max-video-preview":"max-video-preview:-1"},"canonical":"https:\/\/eurobox.be\/fr\/armoires-en-acier\/","og_locale":"fr_FR","og_type":"article","og_title":"Armoires en acier pour entreprises","og_description":"Les armoires en acier sont la solution id\u00e9ale pour conserver en s\u00e9curit\u00e9 les v\u00eatements de travail. Contactez nos professionnels pour l'installer.","og_url":"https:\/\/eurobox.be\/fr\/armoires-en-acier\/","og_site_name":"Eurobox","article_modified_time":"2025-01-16T17:58:19+00:00","twitter_card":"summary_large_image","twitter_misc":{"Dur\u00e9e de lecture estim\u00e9e":"6 minutes"},"schema":{"@context":"https:\/\/schema.org","@graph":[{"@type":"WebPage","@id":"https:\/\/eurobox.be\/fr\/armoires-en-acier\/","url":"https:\/\/eurobox.be\/fr\/armoires-en-acier\/","name":"Armoires en acier pour entreprises","isPartOf":{"@id":"https:\/\/eurobox.be\/fr\/#website"},"datePublished":"2018-12-13T16:59:36+00:00","dateModified":"2025-01-16T17:58:19+00:00","description":"Les armoires en acier sont la solution id\u00e9ale pour conserver en s\u00e9curit\u00e9 les v\u00eatements de travail. Contactez nos professionnels pour l'installer.","breadcrumb":{"@id":"https:\/\/eurobox.be\/fr\/armoires-en-acier\/#breadcrumb"},"inLanguage":"fr-FR","potentialAction":[{"@type":"ReadAction","target":["https:\/\/eurobox.be\/fr\/armoires-en-acier\/"]}]},{"@type":"BreadcrumbList","@id":"https:\/\/eurobox.be\/fr\/armoires-en-acier\/#breadcrumb","itemListElement":[{"@type":"ListItem","position":1,"name":"Home","item":"https:\/\/eurobox.be\/fr\/maison\/"},{"@type":"ListItem","position":2,"name":"Armoires en acier"}]},{"@type":"WebSite","@id":"https:\/\/eurobox.be\/fr\/#website","url":"https:\/\/eurobox.be\/fr\/","name":"Eurobox","description":"Industrial Space Planners","publisher":{"@id":"https:\/\/eurobox.be\/fr\/#organization"},"potentialAction":[{"@type":"SearchAction","target":{"@type":"EntryPoint","urlTemplate":"https:\/\/eurobox.be\/fr\/?s={search_term_string}"},"query-input":{"@type":"PropertyValueSpecification","valueRequired":true,"valueName":"search_term_string"}}],"inLanguage":"fr-FR"},{"@type":"Organization","@id":"https:\/\/eurobox.be\/fr\/#organization","name":"Eurobox Continental","url":"https:\/\/eurobox.be\/fr\/","logo":{"@type":"ImageObject","inLanguage":"fr-FR","@id":"https:\/\/eurobox.be\/fr\/#\/schema\/logo\/image\/","url":"https:\/\/eurobox.be\/wp-content\/uploads\/2019\/01\/eurboxlogo.png","contentUrl":"https:\/\/eurobox.be\/wp-content\/uploads\/2019\/01\/eurboxlogo.png","width":1200,"height":1200,"caption":"Eurobox Continental"},"image":{"@id":"https:\/\/eurobox.be\/fr\/#\/schema\/logo\/image\/"}}]}},"_links":{"self":[{"href":"https:\/\/eurobox.be\/fr\/wp-json\/wp\/v2\/pages\/5387","targetHints":{"allow":["GET"]}}],"collection":[{"href":"https:\/\/eurobox.be\/fr\/wp-json\/wp\/v2\/pages"}],"about":[{"href":"https:\/\/eurobox.be\/fr\/wp-json\/wp\/v2\/types\/page"}],"author":[{"embeddable":true,"href":"https:\/\/eurobox.be\/fr\/wp-json\/wp\/v2\/users\/1"}],"replies":[{"embeddable":true,"href":"https:\/\/eurobox.be\/fr\/wp-json\/wp\/v2\/comments?post=5387"}],"version-history":[{"count":0,"href":"https:\/\/eurobox.be\/fr\/wp-json\/wp\/v2\/pages\/5387\/revisions"}],"wp:attachment":[{"href":"https:\/\/eurobox.be\/fr\/wp-json\/wp\/v2\/media?parent=5387"}],"curies":[{"name":"wp","href":"https:\/\/api.w.org\/{rel}","templated":true}]}}