{"id":5343,"date":"2023-04-05T11:58:54","date_gmt":"2023-04-05T11:58:54","guid":{"rendered":"https:\/\/eurobox.be\/murs-industriels-reutilisables\/"},"modified":"2025-01-12T20:25:58","modified_gmt":"2025-01-12T20:25:58","slug":"murs-industriels-reutilisables","status":"publish","type":"page","link":"https:\/\/eurobox.be\/fr\/murs-industriels-reutilisables\/","title":{"rendered":"Murs industriels r\u00e9utilisables"},"content":{"rendered":"[vc_row type=\u00a0\u00bbfull_width_background\u00a0\u00bb full_screen_row_position=\u00a0\u00bbmiddle\u00a0\u00bb equal_height=\u00a0\u00bbyes\u00a0\u00bb content_placement=\u00a0\u00bbmiddle\u00a0\u00bb scene_position=\u00a0\u00bbcenter\u00a0\u00bb text_color=\u00a0\u00bbdark\u00a0\u00bb text_align=\u00a0\u00bbleft\u00a0\u00bb overlay_strength=\u00a0\u00bb0.3&Prime; shape_divider_position=\u00a0\u00bbbottom\u00a0\u00bb shape_type=\u00a0\u00bb\u00a0\u00bb][vc_column column_padding=\u00a0\u00bbno-extra-padding\u00a0\u00bb column_padding_position=\u00a0\u00bbleft-right\u00a0\u00bb background_color_opacity=\u00a0\u00bb1&Prime; background_hover_color_opacity=\u00a0\u00bb1&Prime; column_shadow=\u00a0\u00bbnone\u00a0\u00bb column_border_radius=\u00a0\u00bbnone\u00a0\u00bb top_margin=\u00a0\u00bb3%\u00a0\u00bb bottom_margin=\u00a0\u00bb3%\u00a0\u00bb width=\u00a0\u00bb2\/3&Prime; tablet_text_alignment=\u00a0\u00bbdefault\u00a0\u00bb phone_text_alignment=\u00a0\u00bbdefault\u00a0\u00bb column_border_width=\u00a0\u00bbnone\u00a0\u00bb column_border_style=\u00a0\u00bbsolid\u00a0\u00bb][vc_custom_heading text=\u00a0\u00bbMurs industriels r\u00e9utilisables\u00a0\u00bb font_container=\u00a0\u00bbtag:h1|font_size:32|text_align:left|color:%23002153|line_height:40px\u00a0\u00bb use_theme_fonts=\u00a0\u00bbyes\u00a0\u00bb][vc_custom_heading text=\u00a0\u00bbVous pouvez utiliser nos murs industriels r\u00e9utilisables pour cr\u00e9er toutes sortes d&apos;espaces. Chez Eurobox Continental \u00e0 Wijnegem, toute une \u00e9quipe est pr\u00eate \u00e0 vous aider \u00e0 installer des cloisons r\u00e9utilisables. Nous nous ferons un plaisir de discuter avec vous de toutes les possibilit\u00e9s qui s&apos;offrent \u00e0 vous !  \u00a0\u00bb font_container=\u00a0\u00bbtag:p|text_align:left|color:rgba(10%2C10%2C10%2C0.6)\u00a0\u00bb use_theme_fonts=\u00a0\u00bbyes\u00a0\u00bb][\/vc_column][vc_column column_padding=\u00a0\u00bbpadding-5-percent\u00a0\u00bb column_padding_position=\u00a0\u00bbtop-bottom\u00a0\u00bb background_color_opacity=\u00a0\u00bb1&Prime; background_hover_color_opacity=\u00a0\u00bb1&Prime; column_shadow=\u00a0\u00bbnone\u00a0\u00bb column_border_radius=\u00a0\u00bbnone\u00a0\u00bb width=\u00a0\u00bb1\/3&Prime; tablet_text_alignment=\u00a0\u00bbdefault\u00a0\u00bb phone_text_alignment=\u00a0\u00bbdefault\u00a0\u00bb column_border_width=\u00a0\u00bbnone\u00a0\u00bb column_border_style=\u00a0\u00bbsolid\u00a0\u00bb][image_with_animation image_url=\u00a0\u00bb2354&Prime; alignment=\u00a0\u00bb\u00a0\u00bb animation=\u00a0\u00bbFade In\u00a0\u00bb border_radius=\u00a0\u00bbnone\u00a0\u00bb box_shadow=\u00a0\u00bbnone\u00a0\u00bb max_width=\u00a0\u00bb100%\u00a0\u00bb][\/vc_column][\/vc_row][vc_row type=\u00a0\u00bbfull_width_background\u00a0\u00bb full_screen_row_position=\u00a0\u00bbmiddle\u00a0\u00bb bg_color=\u00a0\u00bb#f4f4f4&Prime; scene_position=\u00a0\u00bbcenter\u00a0\u00bb text_color=\u00a0\u00bbdark\u00a0\u00bb text_align=\u00a0\u00bbleft\u00a0\u00bb top_padding=\u00a0\u00bb4%\u00a0\u00bb bottom_padding=\u00a0\u00bb4%\u00a0\u00bb overlay_strength=\u00a0\u00bb0.3&Prime; shape_divider_position=\u00a0\u00bbbottom\u00a0\u00bb shape_type=\u00a0\u00bb\u00a0\u00bb][vc_column column_padding=\u00a0\u00bbno-extra-padding\u00a0\u00bb column_padding_position=\u00a0\u00bball\u00a0\u00bb background_color_opacity=\u00a0\u00bb1&Prime; background_hover_color_opacity=\u00a0\u00bb1&Prime; column_shadow=\u00a0\u00bbnone\u00a0\u00bb column_border_radius=\u00a0\u00bbnone\u00a0\u00bb width=\u00a0\u00bb2\/3&Prime; tablet_text_alignment=\u00a0\u00bbdefault\u00a0\u00bb phone_text_alignment=\u00a0\u00bbdefault\u00a0\u00bb column_border_width=\u00a0\u00bbnone\u00a0\u00bb column_border_style=\u00a0\u00bbsolid\u00a0\u00bb][vc_custom_heading text=\u00a0\u00bbCr\u00e9ez un bureau complet avec nos cloisons industrielles r\u00e9utilisables\u00a0\u00bb font_container=\u00a0\u00bbtag:h2|font_size:32|text_align:left|color:%23002153|line_height:40px\u00a0\u00bb use_theme_fonts=\u00a0\u00bbyes\u00a0\u00bb][vc_column_text]En tant que <a href=\"https:\/\/eurobox.be\/fr\/\">sp\u00e9cialiste des murs<\/a> pour bureaux et autres espaces professionnels, nous avons certainement un mur r\u00e9utilisable qui correspond parfaitement \u00e0 votre situation. Par exemple, souhaitez-vous installer <a href=\"https:\/\/eurobox.be\/fabriekskantoor\/\">un bureau d\u2019usine<\/a> pour garder toutes vos activit\u00e9s \u00e0 proximit\u00e9 de la production ? Ou recherchez-vous des <a href=\"https:\/\/eurobox.be\/interieurbouw\/kantoren-met-uitstraling\/\">murs pour un bureau de direction<\/a> ? Gr\u00e2ce aux produits Eurobox Continental, tout est possible. Nous veillons \u00e0 ce que la conception de <a href=\"https:\/\/eurobox.be\/interieurbouw\/\">vos espaces de bureaux<\/a> soit enti\u00e8rement conforme \u00e0 vos souhaits. Vous d\u00e9cidez de d\u00e9m\u00e9nager votre entreprise vers un nouveau site ? Vous pourrez alors facilement r\u00e9utiliser les murs.[\/vc_column_text][\/vc_column][vc_column column_padding=\u00a0\u00bbno-extra-padding\u00a0\u00bb column_padding_position=\u00a0\u00bball\u00a0\u00bb background_color_opacity=\u00a0\u00bb1&Prime; background_hover_color_opacity=\u00a0\u00bb1&Prime; column_shadow=\u00a0\u00bbnone\u00a0\u00bb column_border_radius=\u00a0\u00bbnone\u00a0\u00bb width=\u00a0\u00bb1\/3&Prime; tablet_text_alignment=\u00a0\u00bbdefault\u00a0\u00bb phone_text_alignment=\u00a0\u00bbdefault\u00a0\u00bb column_border_width=\u00a0\u00bbnone\u00a0\u00bb column_border_style=\u00a0\u00bbsolid\u00a0\u00bb]<div class=\"nectar-fancy-ul\" data-list-icon=\"icon-salient-thin-line\" data-animation=\"false\" data-animation-delay=\"0\" data-color=\"accent-color\" data-spacing=\"default\" data-alignment=\"left\"> \n<ul>\n<li>Solutions personnalis\u00e9es<\/li>\n<li>Garantie de douze ans<\/li>\n<li>Casiers pour tous les secteurs<\/li>\n<\/ul>\n <\/div>[\/vc_column][\/vc_row][vc_row type=\u00a0\u00bbfull_width_background\u00a0\u00bb full_screen_row_position=\u00a0\u00bbmiddle\u00a0\u00bb scene_position=\u00a0\u00bbcenter\u00a0\u00bb text_color=\u00a0\u00bbdark\u00a0\u00bb text_align=\u00a0\u00bbleft\u00a0\u00bb top_padding=\u00a0\u00bb4%\u00a0\u00bb bottom_padding=\u00a0\u00bb4%\u00a0\u00bb overlay_strength=\u00a0\u00bb0.3&Prime; shape_divider_position=\u00a0\u00bbbottom\u00a0\u00bb shape_type=\u00a0\u00bb\u00a0\u00bb][vc_column column_padding=\u00a0\u00bbno-extra-padding\u00a0\u00bb column_padding_position=\u00a0\u00bball\u00a0\u00bb background_color_opacity=\u00a0\u00bb1&Prime; background_hover_color_opacity=\u00a0\u00bb1&Prime; column_shadow=\u00a0\u00bbnone\u00a0\u00bb column_border_radius=\u00a0\u00bbnone\u00a0\u00bb width=\u00a0\u00bb1\/1&Prime; tablet_text_alignment=\u00a0\u00bbdefault\u00a0\u00bb phone_text_alignment=\u00a0\u00bbdefault\u00a0\u00bb column_border_width=\u00a0\u00bbnone\u00a0\u00bb column_border_style=\u00a0\u00bbsolid\u00a0\u00bb][vc_custom_heading text=\u00a0\u00bbLaissez-nous vous faire une offre\u00a0\u00bb font_container=\u00a0\u00bbtag:h3|font_size:32|text_align:left|color:%23002153|line_height:40px\u00a0\u00bb use_theme_fonts=\u00a0\u00bbyes\u00a0\u00bb][vc_column_text]N&rsquo;attendez plus pour faire installer les parois industrielles r\u00e9utilisables et demandez <a href=\"https:\/\/eurobox.be\/offerte\/\">un devis rapidemen<\/a>t. Nous les pr\u00e9parons avec pr\u00e9cision afin que vous sachiez exactement combien co\u00fbtera l\u2019installation de nos <a href=\"https:\/\/eurobox.be\/interieurbouw\/industriele-afwerking\/mobiele-wanden-2\/\">parois mobiles<\/a>.Pour plus d&rsquo;informations sur nos nombreux produits et services, nous sommes toujours disponibles en appelant le <a href=\"tel:00323537181\">+32(0)3 353 71 81<\/a>.[\/vc_column_text][\/vc_column][\/vc_row][vc_row type=\u00a0\u00bbfull_width_background\u00a0\u00bb full_screen_row_position=\u00a0\u00bbmiddle\u00a0\u00bb equal_height=\u00a0\u00bbyes\u00a0\u00bb content_placement=\u00a0\u00bbmiddle\u00a0\u00bb scene_position=\u00a0\u00bbcenter\u00a0\u00bb text_color=\u00a0\u00bblight\u00a0\u00bb text_align=\u00a0\u00bbleft\u00a0\u00bb id=\u00a0\u00bbctaContact\u00a0\u00bb overlay_strength=\u00a0\u00bb0.3&Prime; shape_divider_position=\u00a0\u00bbbottom\u00a0\u00bb shape_type=\u00a0\u00bb\u00a0\u00bb][vc_column column_padding=\u00a0\u00bbno-extra-padding\u00a0\u00bb column_padding_position=\u00a0\u00bball\u00a0\u00bb background_color_opacity=\u00a0\u00bb1&Prime; background_hover_color_opacity=\u00a0\u00bb1&Prime; column_shadow=\u00a0\u00bbnone\u00a0\u00bb column_border_radius=\u00a0\u00bbnone\u00a0\u00bb top_margin=\u00a0\u00bb60&Prime; bottom_margin=\u00a0\u00bb60&Prime; width=\u00a0\u00bb1\/1&Prime; tablet_text_alignment=\u00a0\u00bbcenter\u00a0\u00bb phone_text_alignment=\u00a0\u00bbcenter\u00a0\u00bb column_border_width=\u00a0\u00bbnone\u00a0\u00bb column_border_style=\u00a0\u00bbsolid\u00a0\u00bb offset=\u00a0\u00bbvc_hidden-sm vc_hidden-xs\u00a0\u00bb][vc_row_inner content_placement=\u00a0\u00bbmiddle\u00a0\u00bb column_margin=\u00a0\u00bbdefault\u00a0\u00bb text_align=\u00a0\u00bbleft\u00a0\u00bb class=\u00a0\u00bbCTAContact\u00a0\u00bb][vc_column_inner column_padding=\u00a0\u00bbpadding-3-percent\u00a0\u00bb column_padding_position=\u00a0\u00bball\u00a0\u00bb background_color_opacity=\u00a0\u00bb1&Prime; background_hover_color_opacity=\u00a0\u00bb1&Prime; column_shadow=\u00a0\u00bbnone\u00a0\u00bb column_border_radius=\u00a0\u00bbnone\u00a0\u00bb width=\u00a0\u00bb2\/3&Prime; column_border_width=\u00a0\u00bbnone\u00a0\u00bb column_border_style=\u00a0\u00bbsolid\u00a0\u00bb][vc_column_text]<span style=\"color: #000000;\"><strong>Votre int\u00e9r\u00eat est \u00e9veill\u00e9 et vous souhaitez obtenir plus d&rsquo;informations sur nos produits ?<\/strong><\/span><\/p>\n<p><span style=\"color: #000000;\">Si tel est le cas, n&rsquo;h\u00e9sitez pas \u00e0 nous contacter. Vous pouvez nous contacter \u00e0 l&rsquo;adresse suivante <\/span> <a href=\"tel:003233537181\">03\/353 71 81<\/a> <span style=\"color: #000000;\">ou \u00e0<\/span> <a href=\"mailto:info@eurobox.be\">info@eurobox.be.<\/a>[\/vc_column_text][\/vc_column_inner][vc_column_inner column_padding=\u00a0\u00bbpadding-3-percent\u00a0\u00bb column_padding_position=\u00a0\u00bball\u00a0\u00bb centered_text=\u00a0\u00bbtrue\u00a0\u00bb background_color_opacity=\u00a0\u00bb1&Prime; background_hover_color_opacity=\u00a0\u00bb1&Prime; column_shadow=\u00a0\u00bbnone\u00a0\u00bb column_border_radius=\u00a0\u00bbnone\u00a0\u00bb width=\u00a0\u00bb1\/3&Prime; column_border_width=\u00a0\u00bbnone\u00a0\u00bb column_border_style=\u00a0\u00bbsolid\u00a0\u00bb][nectar_btn size=\u00a0\u00bblarge\u00a0\u00bb button_style=\u00a0\u00bbsee-through-2&Prime; color_override=\u00a0\u00bb#002153&Prime; hover_text_color_override=\u00a0\u00bb#ffffff\u00a0\u00bb icon_family=\u00a0\u00bbnone\u00a0\u00bb url=\u00a0\u00bbeurobox.be\/contact\u00a0\u00bb text=\u00a0\u00bbContactez nous\u00a0\u00bb margin_top=\u00a0\u00bb50&Prime;][\/vc_column_inner][\/vc_row_inner][\/vc_column][\/vc_row][vc_row type=\u00a0\u00bbfull_width_background\u00a0\u00bb full_screen_row_position=\u00a0\u00bbmiddle\u00a0\u00bb equal_height=\u00a0\u00bbyes\u00a0\u00bb content_placement=\u00a0\u00bbmiddle\u00a0\u00bb scene_position=\u00a0\u00bbcenter\u00a0\u00bb text_color=\u00a0\u00bblight\u00a0\u00bb text_align=\u00a0\u00bbleft\u00a0\u00bb id=\u00a0\u00bbctaContact\u00a0\u00bb overlay_strength=\u00a0\u00bb0.3&Prime; shape_divider_position=\u00a0\u00bbbottom\u00a0\u00bb shape_type=\u00a0\u00bb\u00a0\u00bb][vc_column column_padding=\u00a0\u00bbno-extra-padding\u00a0\u00bb column_padding_position=\u00a0\u00bball\u00a0\u00bb background_color_opacity=\u00a0\u00bb1&Prime; background_hover_color_opacity=\u00a0\u00bb1&Prime; column_shadow=\u00a0\u00bbnone\u00a0\u00bb column_border_radius=\u00a0\u00bbnone\u00a0\u00bb top_margin=\u00a0\u00bb60&Prime; bottom_margin=\u00a0\u00bb60&Prime; width=\u00a0\u00bb1\/1&Prime; tablet_text_alignment=\u00a0\u00bbcenter\u00a0\u00bb phone_text_alignment=\u00a0\u00bbcenter\u00a0\u00bb column_border_width=\u00a0\u00bbnone\u00a0\u00bb column_border_style=\u00a0\u00bbsolid\u00a0\u00bb offset=\u00a0\u00bbvc_hidden-lg vc_hidden-md\u00a0\u00bb][vc_row_inner content_placement=\u00a0\u00bbmiddle\u00a0\u00bb column_margin=\u00a0\u00bbdefault\u00a0\u00bb text_align=\u00a0\u00bbleft\u00a0\u00bb class=\u00a0\u00bbCTAContact\u00a0\u00bb][vc_column_inner column_padding=\u00a0\u00bbpadding-3-percent\u00a0\u00bb column_padding_position=\u00a0\u00bball\u00a0\u00bb background_color_opacity=\u00a0\u00bb1&Prime; background_hover_color_opacity=\u00a0\u00bb1&Prime; column_shadow=\u00a0\u00bbnone\u00a0\u00bb column_border_radius=\u00a0\u00bbnone\u00a0\u00bb width=\u00a0\u00bb1\/1&Prime; column_border_width=\u00a0\u00bbnone\u00a0\u00bb column_border_style=\u00a0\u00bbsolid\u00a0\u00bb][vc_column_text]<span style=\"color: #000000;\"><strong>Votre int\u00e9r\u00eat est \u00e9veill\u00e9 et vous souhaitez obtenir plus d&rsquo;informations sur nos produits ?<\/strong><\/span><\/p>\n<p><span style=\"color: #000000;\">Si c&rsquo;est le cas, n&rsquo;h\u00e9sitez pas \u00e0 nous contacter. Vous pouvez nous contacter au <a href=\"tel:003233537181\">03\/353 71 81<\/a> ou \u00e0 l&rsquo;adresse <a href=\"mailto:info@eurobox.be\">info@eurobox.be.<\/a> <\/span>[\/vc_column_text][nectar_btn size=\u00a0\u00bblarge\u00a0\u00bb button_style=\u00a0\u00bbsee-through-2&Prime; color_override=\u00a0\u00bb#002153&Prime; hover_text_color_override=\u00a0\u00bb#ffffff\u00a0\u00bb icon_family=\u00a0\u00bbnone\u00a0\u00bb url=\u00a0\u00bbeurobox.be\/contact\u00a0\u00bb text=\u00a0\u00bbContactez nous\u00a0\u00bb margin_top=\u00a0\u00bb20&Prime;][\/vc_column_inner][\/vc_row_inner][\/vc_column][\/vc_row]\n","protected":false},"excerpt":{"rendered":"<p>[vc_row type=\u00a0\u00bbfull_width_background\u00a0\u00bb full_screen_row_position=\u00a0\u00bbmiddle\u00a0\u00bb equal_height=\u00a0\u00bbyes\u00a0\u00bb content_placement=\u00a0\u00bbmiddle\u00a0\u00bb scene_position=\u00a0\u00bbcenter\u00a0\u00bb text_color=\u00a0\u00bbdark\u00a0\u00bb text_align=\u00a0\u00bbleft\u00a0\u00bb overlay_strength=\u00a0\u00bb0.3&Prime; shape_divider_position=\u00a0\u00bbbottom\u00a0\u00bb shape_type=\u00a0\u00bb\u00a0\u00bb][vc_column column_padding=\u00a0\u00bbno-extra-padding\u00a0\u00bb column_padding_position=\u00a0\u00bbleft-right\u00a0\u00bb background_color_opacity=\u00a0\u00bb1&Prime; background_hover_color_opacity=\u00a0\u00bb1&Prime; column_shadow=\u00a0\u00bbnone\u00a0\u00bb column_border_radius=\u00a0\u00bbnone\u00a0\u00bb top_margin=\u00a0\u00bb3%\u00a0\u00bb bottom_margin=\u00a0\u00bb3%\u00a0\u00bb width=\u00a0\u00bb2\/3&Prime; tablet_text_alignment=\u00a0\u00bbdefault\u00a0\u00bb phone_text_alignment=\u00a0\u00bbdefault\u00a0\u00bb column_border_width=\u00a0\u00bbnone\u00a0\u00bb column_border_style=\u00a0\u00bbsolid\u00a0\u00bb][vc_custom_heading text=\u00a0\u00bbMurs industriels r\u00e9utilisables\u00a0\u00bb font_container=\u00a0\u00bbtag:h1|font_size:32|text_align:left|color:%23002153|line_height:40px\u00a0\u00bb use_theme_fonts=\u00a0\u00bbyes\u00a0\u00bb][vc_custom_heading text=\u00a0\u00bbVous&#8230;<\/p>\n","protected":false},"author":2,"featured_media":0,"parent":0,"menu_order":0,"comment_status":"closed","ping_status":"closed","template":"","meta":{"footnotes":""},"class_list":["post-5343","page","type-page","status-publish"],"yoast_head":"<!-- This site is optimized with the Yoast SEO plugin v23.9 - https:\/\/yoast.com\/wordpress\/plugins\/seo\/ -->\n<title>Faire monter des murs industriels r\u00e9utilisables<\/title>\n<meta name=\"description\" content=\"Vous cherchez une \u00e9quipe exp\u00e9riment\u00e9e pour installer des murs industriels r\u00e9utilisables dans votre entreprise ? Demandez un devis et nous vous rendrons bient\u00f4t visite.\" \/>\n<meta name=\"robots\" content=\"index, follow, max-snippet:-1, max-image-preview:large, max-video-preview:-1\" \/>\n<link rel=\"canonical\" href=\"https:\/\/eurobox.be\/fr\/murs-industriels-reutilisables\/\" \/>\n<meta property=\"og:locale\" content=\"fr_FR\" \/>\n<meta property=\"og:type\" content=\"article\" \/>\n<meta property=\"og:title\" content=\"Faire monter des murs industriels r\u00e9utilisables\" \/>\n<meta property=\"og:description\" content=\"Vous cherchez une \u00e9quipe exp\u00e9riment\u00e9e pour installer des murs industriels r\u00e9utilisables dans votre entreprise ? Demandez un devis et nous vous rendrons bient\u00f4t visite.\" \/>\n<meta property=\"og:url\" content=\"https:\/\/eurobox.be\/fr\/murs-industriels-reutilisables\/\" \/>\n<meta property=\"og:site_name\" content=\"Eurobox\" \/>\n<meta property=\"article:modified_time\" content=\"2025-01-12T20:25:58+00:00\" \/>\n<meta name=\"twitter:card\" content=\"summary_large_image\" \/>\n<meta name=\"twitter:label1\" content=\"Dur\u00e9e de lecture estim\u00e9e\" \/>\n\t<meta name=\"twitter:data1\" content=\"6 minutes\" \/>\n<script type=\"application\/ld+json\" class=\"yoast-schema-graph\">{\"@context\":\"https:\/\/schema.org\",\"@graph\":[{\"@type\":\"WebPage\",\"@id\":\"https:\/\/eurobox.be\/fr\/murs-industriels-reutilisables\/\",\"url\":\"https:\/\/eurobox.be\/fr\/murs-industriels-reutilisables\/\",\"name\":\"Faire monter des murs industriels r\u00e9utilisables\",\"isPartOf\":{\"@id\":\"https:\/\/eurobox.be\/fr\/#website\"},\"datePublished\":\"2023-04-05T11:58:54+00:00\",\"dateModified\":\"2025-01-12T20:25:58+00:00\",\"description\":\"Vous cherchez une \u00e9quipe exp\u00e9riment\u00e9e pour installer des murs industriels r\u00e9utilisables dans votre entreprise ? Demandez un devis et nous vous rendrons bient\u00f4t visite.\",\"breadcrumb\":{\"@id\":\"https:\/\/eurobox.be\/fr\/murs-industriels-reutilisables\/#breadcrumb\"},\"inLanguage\":\"fr-FR\",\"potentialAction\":[{\"@type\":\"ReadAction\",\"target\":[\"https:\/\/eurobox.be\/fr\/murs-industriels-reutilisables\/\"]}]},{\"@type\":\"BreadcrumbList\",\"@id\":\"https:\/\/eurobox.be\/fr\/murs-industriels-reutilisables\/#breadcrumb\",\"itemListElement\":[{\"@type\":\"ListItem\",\"position\":1,\"name\":\"Home\",\"item\":\"https:\/\/eurobox.be\/fr\/maison\/\"},{\"@type\":\"ListItem\",\"position\":2,\"name\":\"Murs industriels r\u00e9utilisables\"}]},{\"@type\":\"WebSite\",\"@id\":\"https:\/\/eurobox.be\/fr\/#website\",\"url\":\"https:\/\/eurobox.be\/fr\/\",\"name\":\"Eurobox\",\"description\":\"Industrial Space Planners\",\"publisher\":{\"@id\":\"https:\/\/eurobox.be\/fr\/#organization\"},\"potentialAction\":[{\"@type\":\"SearchAction\",\"target\":{\"@type\":\"EntryPoint\",\"urlTemplate\":\"https:\/\/eurobox.be\/fr\/?s={search_term_string}\"},\"query-input\":{\"@type\":\"PropertyValueSpecification\",\"valueRequired\":true,\"valueName\":\"search_term_string\"}}],\"inLanguage\":\"fr-FR\"},{\"@type\":\"Organization\",\"@id\":\"https:\/\/eurobox.be\/fr\/#organization\",\"name\":\"Eurobox Continental\",\"url\":\"https:\/\/eurobox.be\/fr\/\",\"logo\":{\"@type\":\"ImageObject\",\"inLanguage\":\"fr-FR\",\"@id\":\"https:\/\/eurobox.be\/fr\/#\/schema\/logo\/image\/\",\"url\":\"https:\/\/eurobox.be\/wp-content\/uploads\/2019\/01\/eurboxlogo.png\",\"contentUrl\":\"https:\/\/eurobox.be\/wp-content\/uploads\/2019\/01\/eurboxlogo.png\",\"width\":1200,\"height\":1200,\"caption\":\"Eurobox Continental\"},\"image\":{\"@id\":\"https:\/\/eurobox.be\/fr\/#\/schema\/logo\/image\/\"}}]}<\/script>\n<!-- \/ Yoast SEO plugin. -->","yoast_head_json":{"title":"Faire monter des murs industriels r\u00e9utilisables","description":"Vous cherchez une \u00e9quipe exp\u00e9riment\u00e9e pour installer des murs industriels r\u00e9utilisables dans votre entreprise ? Demandez un devis et nous vous rendrons bient\u00f4t visite.","robots":{"index":"index","follow":"follow","max-snippet":"max-snippet:-1","max-image-preview":"max-image-preview:large","max-video-preview":"max-video-preview:-1"},"canonical":"https:\/\/eurobox.be\/fr\/murs-industriels-reutilisables\/","og_locale":"fr_FR","og_type":"article","og_title":"Faire monter des murs industriels r\u00e9utilisables","og_description":"Vous cherchez une \u00e9quipe exp\u00e9riment\u00e9e pour installer des murs industriels r\u00e9utilisables dans votre entreprise ? Demandez un devis et nous vous rendrons bient\u00f4t visite.","og_url":"https:\/\/eurobox.be\/fr\/murs-industriels-reutilisables\/","og_site_name":"Eurobox","article_modified_time":"2025-01-12T20:25:58+00:00","twitter_card":"summary_large_image","twitter_misc":{"Dur\u00e9e de lecture estim\u00e9e":"6 minutes"},"schema":{"@context":"https:\/\/schema.org","@graph":[{"@type":"WebPage","@id":"https:\/\/eurobox.be\/fr\/murs-industriels-reutilisables\/","url":"https:\/\/eurobox.be\/fr\/murs-industriels-reutilisables\/","name":"Faire monter des murs industriels r\u00e9utilisables","isPartOf":{"@id":"https:\/\/eurobox.be\/fr\/#website"},"datePublished":"2023-04-05T11:58:54+00:00","dateModified":"2025-01-12T20:25:58+00:00","description":"Vous cherchez une \u00e9quipe exp\u00e9riment\u00e9e pour installer des murs industriels r\u00e9utilisables dans votre entreprise ? Demandez un devis et nous vous rendrons bient\u00f4t visite.","breadcrumb":{"@id":"https:\/\/eurobox.be\/fr\/murs-industriels-reutilisables\/#breadcrumb"},"inLanguage":"fr-FR","potentialAction":[{"@type":"ReadAction","target":["https:\/\/eurobox.be\/fr\/murs-industriels-reutilisables\/"]}]},{"@type":"BreadcrumbList","@id":"https:\/\/eurobox.be\/fr\/murs-industriels-reutilisables\/#breadcrumb","itemListElement":[{"@type":"ListItem","position":1,"name":"Home","item":"https:\/\/eurobox.be\/fr\/maison\/"},{"@type":"ListItem","position":2,"name":"Murs industriels r\u00e9utilisables"}]},{"@type":"WebSite","@id":"https:\/\/eurobox.be\/fr\/#website","url":"https:\/\/eurobox.be\/fr\/","name":"Eurobox","description":"Industrial Space Planners","publisher":{"@id":"https:\/\/eurobox.be\/fr\/#organization"},"potentialAction":[{"@type":"SearchAction","target":{"@type":"EntryPoint","urlTemplate":"https:\/\/eurobox.be\/fr\/?s={search_term_string}"},"query-input":{"@type":"PropertyValueSpecification","valueRequired":true,"valueName":"search_term_string"}}],"inLanguage":"fr-FR"},{"@type":"Organization","@id":"https:\/\/eurobox.be\/fr\/#organization","name":"Eurobox Continental","url":"https:\/\/eurobox.be\/fr\/","logo":{"@type":"ImageObject","inLanguage":"fr-FR","@id":"https:\/\/eurobox.be\/fr\/#\/schema\/logo\/image\/","url":"https:\/\/eurobox.be\/wp-content\/uploads\/2019\/01\/eurboxlogo.png","contentUrl":"https:\/\/eurobox.be\/wp-content\/uploads\/2019\/01\/eurboxlogo.png","width":1200,"height":1200,"caption":"Eurobox Continental"},"image":{"@id":"https:\/\/eurobox.be\/fr\/#\/schema\/logo\/image\/"}}]}},"_links":{"self":[{"href":"https:\/\/eurobox.be\/fr\/wp-json\/wp\/v2\/pages\/5343","targetHints":{"allow":["GET"]}}],"collection":[{"href":"https:\/\/eurobox.be\/fr\/wp-json\/wp\/v2\/pages"}],"about":[{"href":"https:\/\/eurobox.be\/fr\/wp-json\/wp\/v2\/types\/page"}],"author":[{"embeddable":true,"href":"https:\/\/eurobox.be\/fr\/wp-json\/wp\/v2\/users\/2"}],"replies":[{"embeddable":true,"href":"https:\/\/eurobox.be\/fr\/wp-json\/wp\/v2\/comments?post=5343"}],"version-history":[{"count":0,"href":"https:\/\/eurobox.be\/fr\/wp-json\/wp\/v2\/pages\/5343\/revisions"}],"wp:attachment":[{"href":"https:\/\/eurobox.be\/fr\/wp-json\/wp\/v2\/media?parent=5343"}],"curies":[{"name":"wp","href":"https:\/\/api.w.org\/{rel}","templated":true}]}}